{"id":6728,"date":"2021-06-10T15:39:47","date_gmt":"2021-06-10T19:39:47","guid":{"rendered":"https:\/\/finefoods.com.py\/?post_type=product&#038;p=6728"},"modified":"2025-06-02T10:08:59","modified_gmt":"2025-06-02T14:08:59","slug":"dallmayr-ethiopian-crown-ground-coffee-500g","status":"publish","type":"product","link":"https:\/\/finefoods.com.py\/es\/product\/dallmayr-ethiopian-crown-ground-coffee-500g\/","title":{"rendered":"Dallmayr, Ethiopian Crown, caf\u00e9 Molido, 500g"},"content":{"rendered":"<p>Esta rara especialidad, Ethiop\u00edan crown, proviene de Etiop\u00eda donde el caf\u00e9 fue descubierto en el siglo IX. De inconfundible sabor gourmet, aroma elegante, condimentado sabor de cuerpo entero y acidez equilibrada. Para uso en cafetera de filtro, autom\u00e1tica o de prensa francesa. Presentaci\u00f3n en tarro de hojalata herm\u00e9tico de 500g, envasado en atm\u00f3sfera modificada.<\/p>","protected":false},"excerpt":{"rendered":"<p>Esta rara especialidad, Ethiopian Crown, proviene de Etiop\u00eda, donde se descubri\u00f3 el caf\u00e9 en el siglo IX. Con un inconfundible sabor gourmet, aroma elegante, sabor especiado con cuerpo y acidez equilibrada.<\/p>\n<p>Para uso en cafeteras de filtro, autom\u00e1ticas o de prensa francesa.<\/p>\n<p>Presentaci\u00f3n en tarro herm\u00e9tico de lata de 500g, envasado en atm\u00f3sfera modificada.<\/p>","protected":false},"featured_media":8098,"template":"","meta":{"_acf_changed":false,"_monsterinsights_skip_tracking":false,"_monsterinsights_sitenote_active":false,"_monsterinsights_sitenote_note":"","_monsterinsights_sitenote_category":0,"_themeisle_gutenberg_block_has_review":false},"pwb-brand":[142],"product_brand":[],"product_cat":[49,50],"product_tag":[190,258,175,254,237],"class_list":{"0":"post-6728","1":"product","2":"type-product","3":"status-publish","4":"has-post-thumbnail","6":"pwb-brand-dallmayr","7":"product_cat-coffee","8":"product_cat-products","9":"product_tag-cafe","10":"product_tag-cafe-molido","11":"product_tag-ethiopia","12":"product_tag-ethiopian-crown","13":"product_tag-etiopia","15":"first","16":"outofstock","17":"shipping-taxable","18":"purchasable","19":"product-type-simple"},"acf":[],"aioseo_notices":[],"brands":[{"id":142,"name":"Dallmayr","slug":"dallmayr"}],"_links":{"self":[{"href":"https:\/\/finefoods.com.py\/es\/wp-json\/wp\/v2\/product\/6728","targetHints":{"allow":["GET"]}}],"collection":[{"href":"https:\/\/finefoods.com.py\/es\/wp-json\/wp\/v2\/product"}],"about":[{"href":"https:\/\/finefoods.com.py\/es\/wp-json\/wp\/v2\/types\/product"}],"wp:featuredmedia":[{"embeddable":true,"href":"https:\/\/finefoods.com.py\/es\/wp-json\/wp\/v2\/media\/8098"}],"wp:attachment":[{"href":"https:\/\/finefoods.com.py\/es\/wp-json\/wp\/v2\/media?parent=6728"}],"wp:term":[{"taxonomy":"pwb-brand","embeddable":true,"href":"https:\/\/finefoods.com.py\/es\/wp-json\/wp\/v2\/pwb-brand?post=6728"},{"taxonomy":"product_brand","embeddable":true,"href":"https:\/\/finefoods.com.py\/es\/wp-json\/wp\/v2\/product_brand?post=6728"},{"taxonomy":"product_cat","embeddable":true,"href":"https:\/\/finefoods.com.py\/es\/wp-json\/wp\/v2\/product_cat?post=6728"},{"taxonomy":"product_tag","embeddable":true,"href":"https:\/\/finefoods.com.py\/es\/wp-json\/wp\/v2\/product_tag?post=6728"}],"curies":[{"name":"wp","href":"https:\/\/api.w.org\/{rel}","templated":true}]}}