{"id":6731,"date":"2021-06-10T15:39:47","date_gmt":"2021-06-10T19:39:47","guid":{"rendered":"https:\/\/finefoods.com.py\/?post_type=product&#038;p=6731"},"modified":"2026-01-06T08:44:32","modified_gmt":"2026-01-06T11:44:32","slug":"dallmayr-gold-instant-coffee-100g","status":"publish","type":"product","link":"https:\/\/finefoods.com.py\/es\/product\/dallmayr-gold-instant-coffee-100g\/","title":{"rendered":"Dallmayr, Gold, caf\u00e9 Instant\u00e1neo, 100g"},"content":{"rendered":"<p>Dallmayr Gold es un caf\u00e9 instant\u00e1neo elegantemente mezclado. Sabor de cuerpo entero \u2013 ideal para los amantes del caf\u00e9 que valoran la calidad junto con una preparaci\u00f3n r\u00e1pida y f\u00e1cil.<\/p>","protected":false},"excerpt":{"rendered":"<p>Disfruta de un caf\u00e9 alem\u00e1n con nuestro caf\u00e9 instant\u00e1neo Dallmayr Gold. Dallmayr Gold es un blend elegante de granos 100% ar\u00e1bica con mucho cuerpo y aroma completo.<\/p>","protected":false},"featured_media":7521,"template":"","meta":{"_acf_changed":false,"_monsterinsights_skip_tracking":false,"_monsterinsights_sitenote_active":false,"_monsterinsights_sitenote_note":"","_monsterinsights_sitenote_category":0,"_themeisle_gutenberg_block_has_review":false},"pwb-brand":[142],"product_brand":[],"product_cat":[49,50],"product_tag":[51,63,64],"class_list":{"0":"post-6731","1":"product","2":"type-product","3":"status-publish","4":"has-post-thumbnail","6":"pwb-brand-dallmayr","7":"product_cat-coffee","8":"product_cat-products","9":"product_tag-coffee","10":"product_tag-gold","11":"product_tag-instant-coffee","13":"first","14":"instock","15":"shipping-taxable","16":"purchasable","17":"product-type-simple"},"acf":[],"aioseo_notices":[],"brands":[{"id":142,"name":"Dallmayr","slug":"dallmayr"}],"_links":{"self":[{"href":"https:\/\/finefoods.com.py\/es\/wp-json\/wp\/v2\/product\/6731","targetHints":{"allow":["GET"]}}],"collection":[{"href":"https:\/\/finefoods.com.py\/es\/wp-json\/wp\/v2\/product"}],"about":[{"href":"https:\/\/finefoods.com.py\/es\/wp-json\/wp\/v2\/types\/product"}],"wp:featuredmedia":[{"embeddable":true,"href":"https:\/\/finefoods.com.py\/es\/wp-json\/wp\/v2\/media\/7521"}],"wp:attachment":[{"href":"https:\/\/finefoods.com.py\/es\/wp-json\/wp\/v2\/media?parent=6731"}],"wp:term":[{"taxonomy":"pwb-brand","embeddable":true,"href":"https:\/\/finefoods.com.py\/es\/wp-json\/wp\/v2\/pwb-brand?post=6731"},{"taxonomy":"product_brand","embeddable":true,"href":"https:\/\/finefoods.com.py\/es\/wp-json\/wp\/v2\/product_brand?post=6731"},{"taxonomy":"product_cat","embeddable":true,"href":"https:\/\/finefoods.com.py\/es\/wp-json\/wp\/v2\/product_cat?post=6731"},{"taxonomy":"product_tag","embeddable":true,"href":"https:\/\/finefoods.com.py\/es\/wp-json\/wp\/v2\/product_tag?post=6731"}],"curies":[{"name":"wp","href":"https:\/\/api.w.org\/{rel}","templated":true}]}}