{"id":6739,"date":"2021-06-10T15:39:48","date_gmt":"2021-06-10T19:39:48","guid":{"rendered":"https:\/\/finefoods.com.py\/?post_type=product&#038;p=6739"},"modified":"2026-01-06T08:44:02","modified_gmt":"2026-01-06T11:44:02","slug":"dallmayr-crema-doro-coffee-beans-1kg","status":"publish","type":"product","link":"https:\/\/finefoods.com.py\/es\/product\/dallmayr-crema-doro-coffee-beans-1kg\/","title":{"rendered":"Dallmayr, Crema d&#039;Oro, granos de caf\u00e9, 1 kg"},"content":{"rendered":"<p>Dallmayr Crema d&#8217;Oro tambi\u00e9n se conoce como un caf\u00e9 con crema suave de gran placer. El paquete tiene una ventilaci\u00f3n especial que mantiene los granos frescos, permitiendo que el aire salga y al mismo tiempo protegiendo que no ingrese nada del exterior.<\/p>\n<p><strong>Perfil de sabor:<\/strong><\/p>\n<p>Composici\u00f3n: Ar\u00e1bica.<\/p>\n<p>Tueste: 3\/5<\/p>\n<p>Acidez: 3\/5<\/p>\n<p>Fuerza: 3\/5<\/p>\n<p>Envasado en atm\u00f3sfera modificada.<\/p>","protected":false},"excerpt":{"rendered":"<p>Un blend de granos 100% ar\u00e1bica tostados cuidadosamente y ligeramente para brindarte un sabor equilibrado y suave. Dise\u00f1ado para Espresso, Latte y Cappuccino. Son los granos perfectos para cafeteras espresso.<\/p>\n<p>El equilibrio perfecto de caf\u00e9 y crema con Crema D&#8217;Oro<\/p>\n<p>Intensidad 6\/10<\/p>","protected":false},"featured_media":7523,"template":"","meta":{"_acf_changed":false,"_monsterinsights_skip_tracking":false,"_monsterinsights_sitenote_active":false,"_monsterinsights_sitenote_note":"","_monsterinsights_sitenote_category":0,"_themeisle_gutenberg_block_has_review":false},"pwb-brand":[142],"product_brand":[],"product_cat":[49,50],"product_tag":[51,61,57],"class_list":{"0":"post-6739","1":"product","2":"type-product","3":"status-publish","4":"has-post-thumbnail","6":"pwb-brand-dallmayr","7":"product_cat-coffee","8":"product_cat-products","9":"product_tag-coffee","10":"product_tag-crema-doro","11":"product_tag-whole-bean-coffee","13":"first","14":"instock","15":"shipping-taxable","16":"purchasable","17":"product-type-simple"},"acf":[],"aioseo_notices":[],"brands":[{"id":142,"name":"Dallmayr","slug":"dallmayr"}],"_links":{"self":[{"href":"https:\/\/finefoods.com.py\/es\/wp-json\/wp\/v2\/product\/6739","targetHints":{"allow":["GET"]}}],"collection":[{"href":"https:\/\/finefoods.com.py\/es\/wp-json\/wp\/v2\/product"}],"about":[{"href":"https:\/\/finefoods.com.py\/es\/wp-json\/wp\/v2\/types\/product"}],"wp:featuredmedia":[{"embeddable":true,"href":"https:\/\/finefoods.com.py\/es\/wp-json\/wp\/v2\/media\/7523"}],"wp:attachment":[{"href":"https:\/\/finefoods.com.py\/es\/wp-json\/wp\/v2\/media?parent=6739"}],"wp:term":[{"taxonomy":"pwb-brand","embeddable":true,"href":"https:\/\/finefoods.com.py\/es\/wp-json\/wp\/v2\/pwb-brand?post=6739"},{"taxonomy":"product_brand","embeddable":true,"href":"https:\/\/finefoods.com.py\/es\/wp-json\/wp\/v2\/product_brand?post=6739"},{"taxonomy":"product_cat","embeddable":true,"href":"https:\/\/finefoods.com.py\/es\/wp-json\/wp\/v2\/product_cat?post=6739"},{"taxonomy":"product_tag","embeddable":true,"href":"https:\/\/finefoods.com.py\/es\/wp-json\/wp\/v2\/product_tag?post=6739"}],"curies":[{"name":"wp","href":"https:\/\/api.w.org\/{rel}","templated":true}]}}