{"id":6740,"date":"2021-06-10T15:39:48","date_gmt":"2021-06-10T19:39:48","guid":{"rendered":"https:\/\/finefoods.com.py\/?post_type=product&#038;p=6740"},"modified":"2025-11-03T10:36:34","modified_gmt":"2025-11-03T13:36:34","slug":"dallmayr-espresso-doro-coffee-beans-1kg","status":"publish","type":"product","link":"https:\/\/finefoods.com.py\/es\/product\/dallmayr-espresso-doro-coffee-beans-1kg\/","title":{"rendered":"Dallmayr, Espresso d&#039;Oro, granos de caf\u00e9, 1 kg"},"content":{"rendered":"<p>Una blend de caf\u00e9\u00a0 tipo espresso de las regiones de cultivo m\u00e1s finas del mundo. Granos de caf\u00e9 especialmente seleccionados y tostados lentamente.<\/p>\n<p><strong>Perfil de sabor:<\/strong><\/p>\n<p>Composici\u00f3n: Ar\u00e1bica y Canephora.<\/p>\n<p>Tueste: 5\/5<\/p>\n<p>Acidez: 1\/5<\/p>\n<p>Intensidad: 8\/10<\/p>\n<p>&nbsp;<\/p>\n<p>Envasado en atm\u00f3sfera modificada.<\/p>","protected":false},"excerpt":{"rendered":"<p>Este blend especial para espresso est\u00e1 hecho con granos de Ar\u00e1bica y Robusta de alta calidad, que se tuestan lenta y suavemente en un tostador de tambor tradicional. Esto crea un espresso con un fuerte car\u00e1cter que nos transporta a Italia en cada sorbo. Un caf\u00e9 con cuerpo y con una sutil nota de cacao. Tambi\u00e9n perfecto para capuchino o latte macchiato.<\/p>\n<p>&nbsp;<\/p>","protected":false},"featured_media":7525,"template":"","meta":{"_acf_changed":false,"_monsterinsights_skip_tracking":false,"_monsterinsights_sitenote_active":false,"_monsterinsights_sitenote_note":"","_monsterinsights_sitenote_category":0,"_themeisle_gutenberg_block_has_review":false},"pwb-brand":[142],"product_brand":[],"product_cat":[49,50],"product_tag":[51,60,57],"class_list":{"0":"post-6740","1":"product","2":"type-product","3":"status-publish","4":"has-post-thumbnail","6":"pwb-brand-dallmayr","7":"product_cat-coffee","8":"product_cat-products","9":"product_tag-coffee","10":"product_tag-espresso","11":"product_tag-whole-bean-coffee","13":"first","14":"instock","15":"shipping-taxable","16":"purchasable","17":"product-type-simple"},"acf":[],"aioseo_notices":[],"brands":[{"id":142,"name":"Dallmayr","slug":"dallmayr"}],"_links":{"self":[{"href":"https:\/\/finefoods.com.py\/es\/wp-json\/wp\/v2\/product\/6740","targetHints":{"allow":["GET"]}}],"collection":[{"href":"https:\/\/finefoods.com.py\/es\/wp-json\/wp\/v2\/product"}],"about":[{"href":"https:\/\/finefoods.com.py\/es\/wp-json\/wp\/v2\/types\/product"}],"wp:featuredmedia":[{"embeddable":true,"href":"https:\/\/finefoods.com.py\/es\/wp-json\/wp\/v2\/media\/7525"}],"wp:attachment":[{"href":"https:\/\/finefoods.com.py\/es\/wp-json\/wp\/v2\/media?parent=6740"}],"wp:term":[{"taxonomy":"pwb-brand","embeddable":true,"href":"https:\/\/finefoods.com.py\/es\/wp-json\/wp\/v2\/pwb-brand?post=6740"},{"taxonomy":"product_brand","embeddable":true,"href":"https:\/\/finefoods.com.py\/es\/wp-json\/wp\/v2\/product_brand?post=6740"},{"taxonomy":"product_cat","embeddable":true,"href":"https:\/\/finefoods.com.py\/es\/wp-json\/wp\/v2\/product_cat?post=6740"},{"taxonomy":"product_tag","embeddable":true,"href":"https:\/\/finefoods.com.py\/es\/wp-json\/wp\/v2\/product_tag?post=6740"}],"curies":[{"name":"wp","href":"https:\/\/api.w.org\/{rel}","templated":true}]}}