{"id":6741,"date":"2021-06-10T15:39:48","date_gmt":"2021-06-10T19:39:48","guid":{"rendered":"https:\/\/finefoods.com.py\/?post_type=product&#038;p=6741"},"modified":"2025-10-01T10:09:52","modified_gmt":"2025-10-01T14:09:52","slug":"dallmayr-prodomo-ground-coffee-500g","status":"publish","type":"product","link":"https:\/\/finefoods.com.py\/es\/product\/dallmayr-prodomo-ground-coffee-500g\/","title":{"rendered":"Dallmayr, Prodomo, caf\u00e9 Molido, 500g"},"content":{"rendered":"<p>Dallmayr Prodomo es un caf\u00e9 molido hecho con granos de caf\u00e9 de alta calidad 100% Ar\u00e1bica de las mejores regiones de cultivo en el mundo.\u00a0 Gracias a un tostado cuidadoso realizado por profesionales en Alemania, Dallmayr Prodomo obtiene un sabor verdaderamente inconfundible.<\/p>\n<p>Un caf\u00e9 especialmente refinado y libre de amargura.<\/p>\n<p>Intensidad 3\/5<\/p>","protected":false},"excerpt":{"rendered":"<p>Dallmayr Prodomo es un caf\u00e9 molido hecho con granos de caf\u00e9 de alta calidad 100% Ar\u00e1bica de las mejores regiones de cultivo en el mundo.\u00a0 Gracias a un tostado cuidadoso realizado por profesionales en Alemania, Dallmayr Prodomo obtiene un sabor verdaderamente inconfundible.<\/p>\n<p>Un caf\u00e9 especialmente refinado y libre de amargura.<\/p>\n<p>Intensidad 3\/5<\/p>","protected":false},"featured_media":7537,"template":"","meta":{"_acf_changed":false,"_monsterinsights_skip_tracking":false,"_monsterinsights_sitenote_active":false,"_monsterinsights_sitenote_note":"","_monsterinsights_sitenote_category":0,"_themeisle_gutenberg_block_has_review":false},"pwb-brand":[142],"product_brand":[],"product_cat":[49,50],"product_tag":[51,52,67],"class_list":{"0":"post-6741","1":"product","2":"type-product","3":"status-publish","4":"has-post-thumbnail","6":"pwb-brand-dallmayr","7":"product_cat-coffee","8":"product_cat-products","9":"product_tag-coffee","10":"product_tag-ground-coffee","11":"product_tag-prodomo","13":"first","14":"instock","15":"shipping-taxable","16":"purchasable","17":"product-type-simple"},"acf":[],"aioseo_notices":[],"brands":[{"id":142,"name":"Dallmayr","slug":"dallmayr"}],"_links":{"self":[{"href":"https:\/\/finefoods.com.py\/es\/wp-json\/wp\/v2\/product\/6741","targetHints":{"allow":["GET"]}}],"collection":[{"href":"https:\/\/finefoods.com.py\/es\/wp-json\/wp\/v2\/product"}],"about":[{"href":"https:\/\/finefoods.com.py\/es\/wp-json\/wp\/v2\/types\/product"}],"wp:featuredmedia":[{"embeddable":true,"href":"https:\/\/finefoods.com.py\/es\/wp-json\/wp\/v2\/media\/7537"}],"wp:attachment":[{"href":"https:\/\/finefoods.com.py\/es\/wp-json\/wp\/v2\/media?parent=6741"}],"wp:term":[{"taxonomy":"pwb-brand","embeddable":true,"href":"https:\/\/finefoods.com.py\/es\/wp-json\/wp\/v2\/pwb-brand?post=6741"},{"taxonomy":"product_brand","embeddable":true,"href":"https:\/\/finefoods.com.py\/es\/wp-json\/wp\/v2\/product_brand?post=6741"},{"taxonomy":"product_cat","embeddable":true,"href":"https:\/\/finefoods.com.py\/es\/wp-json\/wp\/v2\/product_cat?post=6741"},{"taxonomy":"product_tag","embeddable":true,"href":"https:\/\/finefoods.com.py\/es\/wp-json\/wp\/v2\/product_tag?post=6741"}],"curies":[{"name":"wp","href":"https:\/\/api.w.org\/{rel}","templated":true}]}}