{"id":6746,"date":"2021-06-10T15:39:48","date_gmt":"2021-06-10T19:39:48","guid":{"rendered":"https:\/\/finefoods.com.py\/?post_type=product&#038;p=6746"},"modified":"2026-03-16T08:33:55","modified_gmt":"2026-03-16T11:33:55","slug":"dallmayr-capsa-crema-doro-coffee-pods-compatible-with-nespresso-56g","status":"publish","type":"product","link":"https:\/\/finefoods.com.py\/es\/product\/dallmayr-capsa-crema-doro-coffee-pods-compatible-with-nespresso-56g\/","title":{"rendered":"Dallmayr, Capsa, Crema d\u2019Oro, Caf\u00e9 en c\u00e1psulas, Compatible con Nespresso, 56g"},"content":{"rendered":"<p>Presentaci\u00f3n: 10 unid.<\/p>\n<p>Cada c\u00e1psula contiene 5.6g (56g totales)<\/p>","protected":false},"excerpt":{"rendered":"<p>Una de las variedades de caf\u00e9 m\u00e1s populares de Dallmayr ahora tambi\u00e9n forma parte de la gama capsa. Cuidadosamente mezclado y tostado, el caf\u00e9 tiene una crema fina, ligera y un aroma suave y equilibrado. 100% ar\u00e1bica.<\/p>\n<p>Intensidad 5\/10<\/p>\n<p>&nbsp;<\/p>","protected":false},"featured_media":7502,"template":"","meta":{"_acf_changed":false,"_monsterinsights_skip_tracking":false,"_monsterinsights_sitenote_active":false,"_monsterinsights_sitenote_note":"","_monsterinsights_sitenote_category":0,"_themeisle_gutenberg_block_has_review":false},"pwb-brand":[142],"product_brand":[],"product_cat":[49,50],"product_tag":[69,70,51,61,57],"class_list":{"0":"post-6746","1":"product","2":"type-product","3":"status-publish","4":"has-post-thumbnail","6":"pwb-brand-dallmayr","7":"product_cat-coffee","8":"product_cat-products","9":"product_tag-capsa","10":"product_tag-capsulas","11":"product_tag-coffee","12":"product_tag-crema-doro","13":"product_tag-whole-bean-coffee","15":"first","16":"outofstock","17":"shipping-taxable","18":"purchasable","19":"product-type-simple"},"acf":[],"aioseo_notices":[],"brands":[{"id":142,"name":"Dallmayr","slug":"dallmayr"}],"_links":{"self":[{"href":"https:\/\/finefoods.com.py\/es\/wp-json\/wp\/v2\/product\/6746","targetHints":{"allow":["GET"]}}],"collection":[{"href":"https:\/\/finefoods.com.py\/es\/wp-json\/wp\/v2\/product"}],"about":[{"href":"https:\/\/finefoods.com.py\/es\/wp-json\/wp\/v2\/types\/product"}],"wp:featuredmedia":[{"embeddable":true,"href":"https:\/\/finefoods.com.py\/es\/wp-json\/wp\/v2\/media\/7502"}],"wp:attachment":[{"href":"https:\/\/finefoods.com.py\/es\/wp-json\/wp\/v2\/media?parent=6746"}],"wp:term":[{"taxonomy":"pwb-brand","embeddable":true,"href":"https:\/\/finefoods.com.py\/es\/wp-json\/wp\/v2\/pwb-brand?post=6746"},{"taxonomy":"product_brand","embeddable":true,"href":"https:\/\/finefoods.com.py\/es\/wp-json\/wp\/v2\/product_brand?post=6746"},{"taxonomy":"product_cat","embeddable":true,"href":"https:\/\/finefoods.com.py\/es\/wp-json\/wp\/v2\/product_cat?post=6746"},{"taxonomy":"product_tag","embeddable":true,"href":"https:\/\/finefoods.com.py\/es\/wp-json\/wp\/v2\/product_tag?post=6746"}],"curies":[{"name":"wp","href":"https:\/\/api.w.org\/{rel}","templated":true}]}}