{"id":6747,"date":"2021-06-10T15:39:48","date_gmt":"2021-06-10T19:39:48","guid":{"rendered":"https:\/\/finefoods.com.py\/?post_type=product&#038;p=6747"},"modified":"2025-06-02T13:51:27","modified_gmt":"2025-06-02T17:51:27","slug":"ritter-sport-chocolate-with-raisins-and-hazelnuts-100g","status":"publish","type":"product","link":"https:\/\/finefoods.com.py\/es\/product\/ritter-sport-chocolate-with-raisins-and-hazelnuts-100g\/","title":{"rendered":"Ritter Sport, Chocolate con Pasas y Avellanas, 100g"},"content":{"rendered":"","protected":false},"excerpt":{"rendered":"<p>Desde 1935 este chocolate no solo tiene un lugar permanente en nuestra gama de chocolates, sino tambi\u00e9n en el coraz\u00f3n de los amantes del chocolate. Su receta para el \u00e9xito: uvas recogidas a mano del sol de California y avellanas crujientes, cubiertas de chocolate con leche.<\/p>","protected":false},"featured_media":6861,"template":"","meta":{"_acf_changed":false,"_monsterinsights_skip_tracking":false,"_monsterinsights_sitenote_active":false,"_monsterinsights_sitenote_note":"","_monsterinsights_sitenote_category":0,"_themeisle_gutenberg_block_has_review":false},"pwb-brand":[149],"product_brand":[],"product_cat":[94,50],"product_tag":[96,65,111,112,98],"class_list":{"0":"post-6747","1":"product","2":"type-product","3":"status-publish","4":"has-post-thumbnail","6":"pwb-brand-ritter-sport","7":"product_cat-chocolates","8":"product_cat-products","9":"product_tag-chocolate","10":"product_tag-germany","11":"product_tag-hazelnuts","12":"product_tag-pasas","13":"product_tag-rittersport","15":"first","16":"outofstock","17":"shipping-taxable","18":"purchasable","19":"product-type-simple"},"acf":[],"aioseo_notices":[],"brands":[{"id":149,"name":"Ritter Sport","slug":"ritter-sport"}],"_links":{"self":[{"href":"https:\/\/finefoods.com.py\/es\/wp-json\/wp\/v2\/product\/6747","targetHints":{"allow":["GET"]}}],"collection":[{"href":"https:\/\/finefoods.com.py\/es\/wp-json\/wp\/v2\/product"}],"about":[{"href":"https:\/\/finefoods.com.py\/es\/wp-json\/wp\/v2\/types\/product"}],"wp:featuredmedia":[{"embeddable":true,"href":"https:\/\/finefoods.com.py\/es\/wp-json\/wp\/v2\/media\/6861"}],"wp:attachment":[{"href":"https:\/\/finefoods.com.py\/es\/wp-json\/wp\/v2\/media?parent=6747"}],"wp:term":[{"taxonomy":"pwb-brand","embeddable":true,"href":"https:\/\/finefoods.com.py\/es\/wp-json\/wp\/v2\/pwb-brand?post=6747"},{"taxonomy":"product_brand","embeddable":true,"href":"https:\/\/finefoods.com.py\/es\/wp-json\/wp\/v2\/product_brand?post=6747"},{"taxonomy":"product_cat","embeddable":true,"href":"https:\/\/finefoods.com.py\/es\/wp-json\/wp\/v2\/product_cat?post=6747"},{"taxonomy":"product_tag","embeddable":true,"href":"https:\/\/finefoods.com.py\/es\/wp-json\/wp\/v2\/product_tag?post=6747"}],"curies":[{"name":"wp","href":"https:\/\/api.w.org\/{rel}","templated":true}]}}