{"id":6748,"date":"2021-06-10T15:39:48","date_gmt":"2021-06-10T19:39:48","guid":{"rendered":"https:\/\/finefoods.com.py\/?post_type=product&#038;p=6748"},"modified":"2025-08-04T15:50:01","modified_gmt":"2025-08-04T19:50:01","slug":"ritter-sport-dark-chocolate-with-marzipan-filling-100g","status":"publish","type":"product","link":"https:\/\/finefoods.com.py\/es\/product\/ritter-sport-dark-chocolate-with-marzipan-filling-100g\/","title":{"rendered":"Ritter Sport, Chocolate negro con relleno de mazap\u00e1n, 100g"},"content":{"rendered":"","protected":false},"excerpt":{"rendered":"<p>Rojo: Como nuestra pasi\u00f3n por el mazap\u00e1n de calidad. Mazap\u00e1n 100% magn\u00edfico en un selecto y delicioso chocolate negro Elaborado con almendras dulces de California y un toque de almendras amargas del Mediterr\u00e1neo.<\/p>","protected":false},"featured_media":6856,"template":"","meta":{"_acf_changed":false,"_monsterinsights_skip_tracking":false,"_monsterinsights_sitenote_active":false,"_monsterinsights_sitenote_note":"","_monsterinsights_sitenote_category":0,"_themeisle_gutenberg_block_has_review":false},"pwb-brand":[149],"product_brand":[],"product_cat":[94,50],"product_tag":[96,65,104,105,98],"class_list":{"0":"post-6748","1":"product","2":"type-product","3":"status-publish","4":"has-post-thumbnail","6":"pwb-brand-ritter-sport","7":"product_cat-chocolates","8":"product_cat-products","9":"product_tag-chocolate","10":"product_tag-germany","11":"product_tag-marzipan","12":"product_tag-mazapan","13":"product_tag-rittersport","15":"first","16":"instock","17":"shipping-taxable","18":"purchasable","19":"product-type-simple"},"acf":[],"aioseo_notices":[],"brands":[{"id":149,"name":"Ritter Sport","slug":"ritter-sport"}],"_links":{"self":[{"href":"https:\/\/finefoods.com.py\/es\/wp-json\/wp\/v2\/product\/6748","targetHints":{"allow":["GET"]}}],"collection":[{"href":"https:\/\/finefoods.com.py\/es\/wp-json\/wp\/v2\/product"}],"about":[{"href":"https:\/\/finefoods.com.py\/es\/wp-json\/wp\/v2\/types\/product"}],"wp:featuredmedia":[{"embeddable":true,"href":"https:\/\/finefoods.com.py\/es\/wp-json\/wp\/v2\/media\/6856"}],"wp:attachment":[{"href":"https:\/\/finefoods.com.py\/es\/wp-json\/wp\/v2\/media?parent=6748"}],"wp:term":[{"taxonomy":"pwb-brand","embeddable":true,"href":"https:\/\/finefoods.com.py\/es\/wp-json\/wp\/v2\/pwb-brand?post=6748"},{"taxonomy":"product_brand","embeddable":true,"href":"https:\/\/finefoods.com.py\/es\/wp-json\/wp\/v2\/product_brand?post=6748"},{"taxonomy":"product_cat","embeddable":true,"href":"https:\/\/finefoods.com.py\/es\/wp-json\/wp\/v2\/product_cat?post=6748"},{"taxonomy":"product_tag","embeddable":true,"href":"https:\/\/finefoods.com.py\/es\/wp-json\/wp\/v2\/product_tag?post=6748"}],"curies":[{"name":"wp","href":"https:\/\/api.w.org\/{rel}","templated":true}]}}