{"id":6750,"date":"2021-06-10T15:39:49","date_gmt":"2021-06-10T19:39:49","guid":{"rendered":"https:\/\/finefoods.com.py\/?post_type=product&#038;p=6750"},"modified":"2025-07-14T14:21:46","modified_gmt":"2025-07-14T18:21:46","slug":"dallmayr-prodomo-decaffeinated-ground-decaf-coffee-250g","status":"publish","type":"product","link":"https:\/\/finefoods.com.py\/es\/product\/dallmayr-prodomo-decaffeinated-ground-decaf-coffee-250g\/","title":{"rendered":"Dallmayr, Prodomo Descafeinado, Caf\u00e9 molido, 250g"},"content":{"rendered":"<p>Dallmayr Prodomo Descafeinado ofrece el m\u00e1ximo placer del caf\u00e9. Los mejores granos de Ar\u00e1bica de las tierras altas se descafeinan, refinan y perfeccionan cuidadosamente mediante el proceso de tostado de Dallmayr para obtener el aroma perfecto. Un caf\u00e9 armonioso en todo su sabor.<\/p>","protected":false},"excerpt":{"rendered":"<p>Dallmayr Prodomo Descafeinado es un caf\u00e9 molido sin cafe\u00edna. Al igual que el Prodomo, para obtener este caf\u00e9 utilizamos los mejores granos Ar\u00e1bica de las tierras altas de las mejores regiones cafetaleras del mundo. Estas se descafeinan, refinan y tuesten cuidadosamente mediante el proceso de tostado de Dallmayr para obtener el aroma perfecto.<\/p>\n<p>Un caf\u00e9 armonioso sin cafe\u00edna, pero con todo su sabor y aroma.<\/p>","protected":false},"featured_media":7532,"template":"","meta":{"_acf_changed":false,"_monsterinsights_skip_tracking":false,"_monsterinsights_sitenote_active":false,"_monsterinsights_sitenote_note":"","_monsterinsights_sitenote_category":0,"_themeisle_gutenberg_block_has_review":false},"pwb-brand":[142],"product_brand":[],"product_cat":[49,62,50],"product_tag":[51,68,52,67],"class_list":{"0":"post-6750","1":"product","2":"type-product","3":"status-publish","4":"has-post-thumbnail","6":"pwb-brand-dallmayr","7":"product_cat-coffee","8":"product_cat-offers","9":"product_cat-products","10":"product_tag-coffee","11":"product_tag-decaffeinated","12":"product_tag-ground-coffee","13":"product_tag-prodomo","15":"first","16":"outofstock","17":"shipping-taxable","18":"purchasable","19":"product-type-simple"},"acf":[],"aioseo_notices":[],"brands":[{"id":142,"name":"Dallmayr","slug":"dallmayr"}],"_links":{"self":[{"href":"https:\/\/finefoods.com.py\/es\/wp-json\/wp\/v2\/product\/6750","targetHints":{"allow":["GET"]}}],"collection":[{"href":"https:\/\/finefoods.com.py\/es\/wp-json\/wp\/v2\/product"}],"about":[{"href":"https:\/\/finefoods.com.py\/es\/wp-json\/wp\/v2\/types\/product"}],"wp:featuredmedia":[{"embeddable":true,"href":"https:\/\/finefoods.com.py\/es\/wp-json\/wp\/v2\/media\/7532"}],"wp:attachment":[{"href":"https:\/\/finefoods.com.py\/es\/wp-json\/wp\/v2\/media?parent=6750"}],"wp:term":[{"taxonomy":"pwb-brand","embeddable":true,"href":"https:\/\/finefoods.com.py\/es\/wp-json\/wp\/v2\/pwb-brand?post=6750"},{"taxonomy":"product_brand","embeddable":true,"href":"https:\/\/finefoods.com.py\/es\/wp-json\/wp\/v2\/product_brand?post=6750"},{"taxonomy":"product_cat","embeddable":true,"href":"https:\/\/finefoods.com.py\/es\/wp-json\/wp\/v2\/product_cat?post=6750"},{"taxonomy":"product_tag","embeddable":true,"href":"https:\/\/finefoods.com.py\/es\/wp-json\/wp\/v2\/product_tag?post=6750"}],"curies":[{"name":"wp","href":"https:\/\/api.w.org\/{rel}","templated":true}]}}