{"id":6753,"date":"2021-06-10T15:39:49","date_gmt":"2021-06-10T19:39:49","guid":{"rendered":"https:\/\/finefoods.com.py\/?post_type=product&#038;p=6753"},"modified":"2026-03-16T08:33:42","modified_gmt":"2026-03-16T11:33:42","slug":"dallmayr-capsa-prodomo-coffee-pods-compatible-with-nespresso-56g","status":"publish","type":"product","link":"https:\/\/finefoods.com.py\/es\/product\/dallmayr-capsa-prodomo-coffee-pods-compatible-with-nespresso-56g\/","title":{"rendered":"Dallmayr, Capsa, Prodomo, C\u00e1psulas de caf\u00e9, Compatible con Nespresso, 56g"},"content":{"rendered":"<p>Presentaci\u00f3n: 10 unid.<\/p>\n<p>Cada c\u00e1psula contiene 5.6g (56g totales)<\/p>","protected":false},"excerpt":{"rendered":"<p>Nuestro cl\u00e1sico: un caf\u00e9 premium muy arom\u00e1tico y con cuerpo. Inconfundible en su sabor debido a la selecci\u00f3n de los mejores granos ar\u00e1bica de las tierras altas, principalmente de Etiop\u00eda, la cuna del caf\u00e9. 100% Ar\u00e1bica.<\/p>\n<p>Intensidad 6\/10<\/p>\n<p>Presentaci\u00f3n: 10 unidades de c\u00e1psulas por caja<\/p>\n<p>Cada c\u00e1psula contiene 5,6 g (56 g en total)]<\/p>\n<p>&nbsp;<\/p>","protected":false},"featured_media":7515,"template":"","meta":{"_acf_changed":false,"_monsterinsights_skip_tracking":false,"_monsterinsights_sitenote_active":false,"_monsterinsights_sitenote_note":"","_monsterinsights_sitenote_category":0,"_themeisle_gutenberg_block_has_review":false},"pwb-brand":[142],"product_brand":[],"product_cat":[49,62,50],"product_tag":[69,70,51,67],"class_list":{"0":"post-6753","1":"product","2":"type-product","3":"status-publish","4":"has-post-thumbnail","6":"pwb-brand-dallmayr","7":"product_cat-coffee","8":"product_cat-offers","9":"product_cat-products","10":"product_tag-capsa","11":"product_tag-capsulas","12":"product_tag-coffee","13":"product_tag-prodomo","15":"first","16":"outofstock","17":"shipping-taxable","18":"purchasable","19":"product-type-simple"},"acf":[],"aioseo_notices":[],"brands":[{"id":142,"name":"Dallmayr","slug":"dallmayr"}],"_links":{"self":[{"href":"https:\/\/finefoods.com.py\/es\/wp-json\/wp\/v2\/product\/6753","targetHints":{"allow":["GET"]}}],"collection":[{"href":"https:\/\/finefoods.com.py\/es\/wp-json\/wp\/v2\/product"}],"about":[{"href":"https:\/\/finefoods.com.py\/es\/wp-json\/wp\/v2\/types\/product"}],"wp:featuredmedia":[{"embeddable":true,"href":"https:\/\/finefoods.com.py\/es\/wp-json\/wp\/v2\/media\/7515"}],"wp:attachment":[{"href":"https:\/\/finefoods.com.py\/es\/wp-json\/wp\/v2\/media?parent=6753"}],"wp:term":[{"taxonomy":"pwb-brand","embeddable":true,"href":"https:\/\/finefoods.com.py\/es\/wp-json\/wp\/v2\/pwb-brand?post=6753"},{"taxonomy":"product_brand","embeddable":true,"href":"https:\/\/finefoods.com.py\/es\/wp-json\/wp\/v2\/product_brand?post=6753"},{"taxonomy":"product_cat","embeddable":true,"href":"https:\/\/finefoods.com.py\/es\/wp-json\/wp\/v2\/product_cat?post=6753"},{"taxonomy":"product_tag","embeddable":true,"href":"https:\/\/finefoods.com.py\/es\/wp-json\/wp\/v2\/product_tag?post=6753"}],"curies":[{"name":"wp","href":"https:\/\/api.w.org\/{rel}","templated":true}]}}