{"id":6756,"date":"2021-06-10T15:39:49","date_gmt":"2021-06-10T19:39:49","guid":{"rendered":"https:\/\/finefoods.com.py\/?post_type=product&#038;p=6756"},"modified":"2025-03-12T09:36:00","modified_gmt":"2025-03-12T12:36:00","slug":"dallmayr-capsa-lungo-azzurro-coffee-pods-compatible-with-nespresso-56g","status":"publish","type":"product","link":"https:\/\/finefoods.com.py\/es\/product\/dallmayr-capsa-lungo-azzurro-coffee-pods-compatible-with-nespresso-56g\/","title":{"rendered":"Dallmayr, Capsa, Lungo Azzurro, Caf\u00e9 en c\u00e1psulas, Compatible con Nespresso, 56g"},"content":{"rendered":"<p>Presentaci\u00f3n: 10 unid.<\/p>\n<p>Cada c\u00e1psula contiene 5.6g (56g totales)<\/p>","protected":false},"excerpt":{"rendered":"<p>Un lungo finamente equilibrado con un alto nivel de intensidad. Con el aroma del chocolate y un delicado sabor a malta. Tonos de cedro y lim\u00f3n resuenan en el final. Una maravillosa experiencia de sabor.<\/p>\n<p>Intensidad 8\/10<\/p>\n<p>Presentaci\u00f3n: 10 unidades de c\u00e1psulas por caja<\/p>\n<p>Cada c\u00e1psula contiene 5,6 g (56 g en total)<\/p>","protected":false},"featured_media":7508,"template":"","meta":{"_acf_changed":false,"_monsterinsights_skip_tracking":false,"_monsterinsights_sitenote_active":false,"_monsterinsights_sitenote_note":"","_monsterinsights_sitenote_category":0,"_themeisle_gutenberg_block_has_review":false},"pwb-brand":[142],"product_brand":[],"product_cat":[49,62,50],"product_tag":[69,70,51],"class_list":{"0":"post-6756","1":"product","2":"type-product","3":"status-publish","4":"has-post-thumbnail","6":"pwb-brand-dallmayr","7":"product_cat-coffee","8":"product_cat-offers","9":"product_cat-products","10":"product_tag-capsa","11":"product_tag-capsulas","12":"product_tag-coffee","14":"first","15":"outofstock","16":"shipping-taxable","17":"purchasable","18":"product-type-simple"},"acf":[],"aioseo_notices":[],"brands":[{"id":142,"name":"Dallmayr","slug":"dallmayr"}],"_links":{"self":[{"href":"https:\/\/finefoods.com.py\/es\/wp-json\/wp\/v2\/product\/6756","targetHints":{"allow":["GET"]}}],"collection":[{"href":"https:\/\/finefoods.com.py\/es\/wp-json\/wp\/v2\/product"}],"about":[{"href":"https:\/\/finefoods.com.py\/es\/wp-json\/wp\/v2\/types\/product"}],"wp:featuredmedia":[{"embeddable":true,"href":"https:\/\/finefoods.com.py\/es\/wp-json\/wp\/v2\/media\/7508"}],"wp:attachment":[{"href":"https:\/\/finefoods.com.py\/es\/wp-json\/wp\/v2\/media?parent=6756"}],"wp:term":[{"taxonomy":"pwb-brand","embeddable":true,"href":"https:\/\/finefoods.com.py\/es\/wp-json\/wp\/v2\/pwb-brand?post=6756"},{"taxonomy":"product_brand","embeddable":true,"href":"https:\/\/finefoods.com.py\/es\/wp-json\/wp\/v2\/product_brand?post=6756"},{"taxonomy":"product_cat","embeddable":true,"href":"https:\/\/finefoods.com.py\/es\/wp-json\/wp\/v2\/product_cat?post=6756"},{"taxonomy":"product_tag","embeddable":true,"href":"https:\/\/finefoods.com.py\/es\/wp-json\/wp\/v2\/product_tag?post=6756"}],"curies":[{"name":"wp","href":"https:\/\/api.w.org\/{rel}","templated":true}]}}