{"id":6865,"date":"2021-06-10T15:45:04","date_gmt":"2021-06-10T19:45:04","guid":{"rendered":"https:\/\/finefoods.com.py\/?post_type=product&#038;p=6865"},"modified":"2026-03-03T08:45:24","modified_gmt":"2026-03-03T11:45:24","slug":"emco-nut-and-honey-bar","status":"publish","type":"product","link":"https:\/\/finefoods.com.py\/es\/product\/emco-nut-and-honey-bar\/","title":{"rendered":"Barrita de emco, nueces y miel"},"content":{"rendered":"<p>Cacahuetes tostados 45%, sirope de az\u00facar invertido, almendras tostadas 13,5%, sirope de maltosa, nueces tostadas 7%, cereales extruidos (harina de ma\u00edz, arroz, az\u00facar, sal), dextrosa, miel de flores 2,7%, harina de arroz, emulsionante: lecitina de colza, sal.<\/p>\n<p>El producto puede contener leche, soja y otros frutos secos.<\/p>\n<p>&nbsp;<\/p>","protected":false},"excerpt":{"rendered":"<p>Esta barra est\u00e1 llena de nueces. Contiene nueces y almendras que son deliciosos en combinaci\u00f3n con miel de flores. Barra de nueces y barra de miel sin gluten. Perfecto como bocadillo delicioso.<\/p>","protected":false},"featured_media":7363,"template":"","meta":{"_acf_changed":false,"_monsterinsights_skip_tracking":false,"_monsterinsights_sitenote_active":false,"_monsterinsights_sitenote_note":"","_monsterinsights_sitenote_category":0,"_themeisle_gutenberg_block_has_review":false},"pwb-brand":[145],"product_brand":[],"product_cat":[140,62,50],"product_tag":[],"class_list":{"0":"post-6865","1":"product","2":"type-product","3":"status-publish","4":"has-post-thumbnail","6":"pwb-brand-emco","7":"product_cat-groceries","8":"product_cat-offers","9":"product_cat-products","11":"first","12":"outofstock","13":"shipping-taxable","14":"purchasable","15":"product-type-simple"},"acf":[],"aioseo_notices":[],"brands":[{"id":145,"name":"Emco","slug":"emco"}],"_links":{"self":[{"href":"https:\/\/finefoods.com.py\/es\/wp-json\/wp\/v2\/product\/6865","targetHints":{"allow":["GET"]}}],"collection":[{"href":"https:\/\/finefoods.com.py\/es\/wp-json\/wp\/v2\/product"}],"about":[{"href":"https:\/\/finefoods.com.py\/es\/wp-json\/wp\/v2\/types\/product"}],"wp:featuredmedia":[{"embeddable":true,"href":"https:\/\/finefoods.com.py\/es\/wp-json\/wp\/v2\/media\/7363"}],"wp:attachment":[{"href":"https:\/\/finefoods.com.py\/es\/wp-json\/wp\/v2\/media?parent=6865"}],"wp:term":[{"taxonomy":"pwb-brand","embeddable":true,"href":"https:\/\/finefoods.com.py\/es\/wp-json\/wp\/v2\/pwb-brand?post=6865"},{"taxonomy":"product_brand","embeddable":true,"href":"https:\/\/finefoods.com.py\/es\/wp-json\/wp\/v2\/product_brand?post=6865"},{"taxonomy":"product_cat","embeddable":true,"href":"https:\/\/finefoods.com.py\/es\/wp-json\/wp\/v2\/product_cat?post=6865"},{"taxonomy":"product_tag","embeddable":true,"href":"https:\/\/finefoods.com.py\/es\/wp-json\/wp\/v2\/product_tag?post=6865"}],"curies":[{"name":"wp","href":"https:\/\/api.w.org\/{rel}","templated":true}]}}