{"id":6866,"date":"2021-06-10T15:45:04","date_gmt":"2021-06-10T19:45:04","guid":{"rendered":"https:\/\/finefoods.com.py\/?post_type=product&#038;p=6866"},"modified":"2026-03-03T08:45:31","modified_gmt":"2026-03-03T11:45:31","slug":"emco-nuts-and-cranberry-bar","status":"publish","type":"product","link":"https:\/\/finefoods.com.py\/es\/product\/emco-nuts-and-cranberry-bar\/","title":{"rendered":"Barrita de emco, frutos secos, nueces y ar\u00e1ndanos"},"content":{"rendered":"<p>Nueces tostados 23%, jarabe de az\u00facar invertido, ar\u00e1ndanos rojos endulzados 11,9% (ar\u00e1ndanos 50%, fibra soluble de ma\u00edz, az\u00facar, aceite de girasol), anacardos tostados 9%, semillas de girasol 9%, jarabe de maltosa, pasas 8% (pasas 99,5 %, aceite de girasol), almendras tostadas 5,9%, cereales extruidos (harina de ma\u00edz, arroz, az\u00facar, sal), dextrosa, harina de arroz, emulgente: lecitina de colza.<\/p>\n<p>El producto puede contener leche, soja y otras nueces.<\/p>","protected":false},"excerpt":{"rendered":"<p>Esta barra est\u00e1 llena de nueces. Contiene nueces y anacardos que son excelentes en combinaci\u00f3n con ar\u00e1ndanos secos. Las nueces de barra y los ar\u00e1ndanos no contienen gluten. Perfecto como bocadillo delicioso.<\/p>","protected":false},"featured_media":7364,"template":"","meta":{"_acf_changed":false,"_monsterinsights_skip_tracking":false,"_monsterinsights_sitenote_active":false,"_monsterinsights_sitenote_note":"","_monsterinsights_sitenote_category":0,"_themeisle_gutenberg_block_has_review":false},"pwb-brand":[145],"product_brand":[],"product_cat":[140,62,50],"product_tag":[],"class_list":{"0":"post-6866","1":"product","2":"type-product","3":"status-publish","4":"has-post-thumbnail","6":"pwb-brand-emco","7":"product_cat-groceries","8":"product_cat-offers","9":"product_cat-products","11":"first","12":"outofstock","13":"shipping-taxable","14":"purchasable","15":"product-type-simple"},"acf":[],"aioseo_notices":[],"brands":[{"id":145,"name":"Emco","slug":"emco"}],"_links":{"self":[{"href":"https:\/\/finefoods.com.py\/es\/wp-json\/wp\/v2\/product\/6866","targetHints":{"allow":["GET"]}}],"collection":[{"href":"https:\/\/finefoods.com.py\/es\/wp-json\/wp\/v2\/product"}],"about":[{"href":"https:\/\/finefoods.com.py\/es\/wp-json\/wp\/v2\/types\/product"}],"wp:featuredmedia":[{"embeddable":true,"href":"https:\/\/finefoods.com.py\/es\/wp-json\/wp\/v2\/media\/7364"}],"wp:attachment":[{"href":"https:\/\/finefoods.com.py\/es\/wp-json\/wp\/v2\/media?parent=6866"}],"wp:term":[{"taxonomy":"pwb-brand","embeddable":true,"href":"https:\/\/finefoods.com.py\/es\/wp-json\/wp\/v2\/pwb-brand?post=6866"},{"taxonomy":"product_brand","embeddable":true,"href":"https:\/\/finefoods.com.py\/es\/wp-json\/wp\/v2\/product_brand?post=6866"},{"taxonomy":"product_cat","embeddable":true,"href":"https:\/\/finefoods.com.py\/es\/wp-json\/wp\/v2\/product_cat?post=6866"},{"taxonomy":"product_tag","embeddable":true,"href":"https:\/\/finefoods.com.py\/es\/wp-json\/wp\/v2\/product_tag?post=6866"}],"curies":[{"name":"wp","href":"https:\/\/api.w.org\/{rel}","templated":true}]}}