{"id":6867,"date":"2021-06-10T15:45:04","date_gmt":"2021-06-10T19:45:04","guid":{"rendered":"https:\/\/finefoods.com.py\/?post_type=product&#038;p=6867"},"modified":"2025-06-02T14:47:09","modified_gmt":"2025-06-02T18:47:09","slug":"emco-musli-chocolate-and-hazelnuts","status":"publish","type":"product","link":"https:\/\/finefoods.com.py\/es\/product\/emco-musli-chocolate-and-hazelnuts\/","title":{"rendered":"Emco, M\u00fcsli, Chocolate and hazelnuts"},"content":{"rendered":"<p>Copos de avena 46%, az\u00facar, aceite de colza, chocolate con leche 6,4% (az\u00facar, leche entera en polvo, manteca de cacao, masa de cacao, suero de leche en polvo, emulgente: lecitina de soja, extracto de vainilla), extruido de trigo (s\u00e9mola de trigo, salvado de trigo) ), harina de trigo, cacao en polvo 2,9%, coco 2,5%, chocolate negro 2,2% (az\u00facar, masa de cacao, manteca de cacao, dextrosa, emulgente: lecitina de soja, extracto de vainilla), copos de cacao (s\u00e9mola de trigo, harina de trigo, az\u00facar, cacao en polvo 2%, harina de malta de cebada, sal), pasas 2% (pasas 99,5%, aceite de girasol), almid\u00f3n de trigo, avellanas 1%, antioxidantes (palmitato de ascorbilo, extracto natural con alto contenido en tocoferoles ).<\/p>\n<p>El producto puede contener cacahuetes y otros frutos secos.<\/p>\n<p>&nbsp;<\/p>","protected":false},"excerpt":{"rendered":"<p>El m\u00fcsli crujiente favorito se basa en la combinaci\u00f3n de una base de avena crujiente con cacao, delicioso chocolate y trozos de avellanas. M\u00fcsli es una fuente natural de beta glucanos que ayuda a reducir el colesterol y es rico en fibra de copos de avena. Adem\u00e1s, nuestro m\u00fcsli no tiene aceite de palma ni colorantes a\u00f1adidos.<\/p>","protected":false},"featured_media":7362,"template":"","meta":{"_acf_changed":false,"_monsterinsights_skip_tracking":false,"_monsterinsights_sitenote_active":false,"_monsterinsights_sitenote_note":"","_monsterinsights_sitenote_category":0,"_themeisle_gutenberg_block_has_review":false},"pwb-brand":[145],"product_brand":[],"product_cat":[140,62,50],"product_tag":[],"class_list":{"0":"post-6867","1":"product","2":"type-product","3":"status-publish","4":"has-post-thumbnail","6":"pwb-brand-emco","7":"product_cat-groceries","8":"product_cat-offers","9":"product_cat-products","11":"first","12":"instock","13":"shipping-taxable","14":"purchasable","15":"product-type-simple"},"acf":[],"aioseo_notices":[],"brands":[{"id":145,"name":"Emco","slug":"emco"}],"_links":{"self":[{"href":"https:\/\/finefoods.com.py\/es\/wp-json\/wp\/v2\/product\/6867","targetHints":{"allow":["GET"]}}],"collection":[{"href":"https:\/\/finefoods.com.py\/es\/wp-json\/wp\/v2\/product"}],"about":[{"href":"https:\/\/finefoods.com.py\/es\/wp-json\/wp\/v2\/types\/product"}],"wp:featuredmedia":[{"embeddable":true,"href":"https:\/\/finefoods.com.py\/es\/wp-json\/wp\/v2\/media\/7362"}],"wp:attachment":[{"href":"https:\/\/finefoods.com.py\/es\/wp-json\/wp\/v2\/media?parent=6867"}],"wp:term":[{"taxonomy":"pwb-brand","embeddable":true,"href":"https:\/\/finefoods.com.py\/es\/wp-json\/wp\/v2\/pwb-brand?post=6867"},{"taxonomy":"product_brand","embeddable":true,"href":"https:\/\/finefoods.com.py\/es\/wp-json\/wp\/v2\/product_brand?post=6867"},{"taxonomy":"product_cat","embeddable":true,"href":"https:\/\/finefoods.com.py\/es\/wp-json\/wp\/v2\/product_cat?post=6867"},{"taxonomy":"product_tag","embeddable":true,"href":"https:\/\/finefoods.com.py\/es\/wp-json\/wp\/v2\/product_tag?post=6867"}],"curies":[{"name":"wp","href":"https:\/\/api.w.org\/{rel}","templated":true}]}}