{"id":6868,"date":"2021-06-10T15:45:04","date_gmt":"2021-06-10T19:45:04","guid":{"rendered":"https:\/\/finefoods.com.py\/?post_type=product&#038;p=6868"},"modified":"2025-06-02T14:46:56","modified_gmt":"2025-06-02T18:46:56","slug":"emco-musli-honey-and-hazelnuts","status":"publish","type":"product","link":"https:\/\/finefoods.com.py\/es\/product\/emco-musli-honey-and-hazelnuts\/","title":{"rendered":"Emco, M\u00fcsli, Miel y Avellanas"},"content":{"rendered":"<p>Copos de avena 49%, az\u00facar, aceite de colza, harina de trigo, copos de ma\u00edz (harina de ma\u00edz, sal), avellanas 5%, coco rallado 3%, miel de flores 3%, croquetas de ma\u00edz y trigo (s\u00e9mola de ma\u00edz, harina de trigo, s\u00e9mola de trigo, ma\u00edz harina), extruido de ma\u00edz-trigo (ma\u00edz, trigo, sal), aromas, sal comestible, antioxidantes (palmitato de ascorbilo, extracto natural con alto contenido en tocoferoles).<\/p>\n<p>El producto puede contener nueces, soja, leche y otros frutos secos.<\/p>\n<p>&nbsp;<\/p>","protected":false},"excerpt":{"rendered":"<p>Miel y trozos de avellanas hacen una deliciosa combinaci\u00f3n que te encantar\u00e1. Adem\u00e1s, el m\u00fcsli es una fuente natural de betaglucanos que ayuda a reducir el colesterol y es rico en fibra de copos de avena. Adem\u00e1s, nuestro m\u00fcsli no tiene aceite de palma ni colorantes a\u00f1adidos.<\/p>","protected":false},"featured_media":6922,"template":"","meta":{"_acf_changed":false,"_monsterinsights_skip_tracking":false,"_monsterinsights_sitenote_active":false,"_monsterinsights_sitenote_note":"","_monsterinsights_sitenote_category":0,"_themeisle_gutenberg_block_has_review":false},"pwb-brand":[145],"product_brand":[],"product_cat":[140,50],"product_tag":[],"class_list":{"0":"post-6868","1":"product","2":"type-product","3":"status-publish","4":"has-post-thumbnail","6":"pwb-brand-emco","7":"product_cat-groceries","8":"product_cat-products","10":"first","11":"instock","12":"shipping-taxable","13":"purchasable","14":"product-type-simple"},"acf":[],"aioseo_notices":[],"brands":[{"id":145,"name":"Emco","slug":"emco"}],"_links":{"self":[{"href":"https:\/\/finefoods.com.py\/es\/wp-json\/wp\/v2\/product\/6868","targetHints":{"allow":["GET"]}}],"collection":[{"href":"https:\/\/finefoods.com.py\/es\/wp-json\/wp\/v2\/product"}],"about":[{"href":"https:\/\/finefoods.com.py\/es\/wp-json\/wp\/v2\/types\/product"}],"wp:featuredmedia":[{"embeddable":true,"href":"https:\/\/finefoods.com.py\/es\/wp-json\/wp\/v2\/media\/6922"}],"wp:attachment":[{"href":"https:\/\/finefoods.com.py\/es\/wp-json\/wp\/v2\/media?parent=6868"}],"wp:term":[{"taxonomy":"pwb-brand","embeddable":true,"href":"https:\/\/finefoods.com.py\/es\/wp-json\/wp\/v2\/pwb-brand?post=6868"},{"taxonomy":"product_brand","embeddable":true,"href":"https:\/\/finefoods.com.py\/es\/wp-json\/wp\/v2\/product_brand?post=6868"},{"taxonomy":"product_cat","embeddable":true,"href":"https:\/\/finefoods.com.py\/es\/wp-json\/wp\/v2\/product_cat?post=6868"},{"taxonomy":"product_tag","embeddable":true,"href":"https:\/\/finefoods.com.py\/es\/wp-json\/wp\/v2\/product_tag?post=6868"}],"curies":[{"name":"wp","href":"https:\/\/api.w.org\/{rel}","templated":true}]}}