{"id":6869,"date":"2021-06-10T15:45:04","date_gmt":"2021-06-10T19:45:04","guid":{"rendered":"https:\/\/finefoods.com.py\/?post_type=product&#038;p=6869"},"modified":"2025-06-02T14:46:14","modified_gmt":"2025-06-02T18:46:14","slug":"emco-musli-strawberries-and-almonds","status":"publish","type":"product","link":"https:\/\/finefoods.com.py\/es\/product\/emco-musli-strawberries-and-almonds\/","title":{"rendered":"Emco, M\u00fcsli, Fresas y almendras"},"content":{"rendered":"<p>Copos de avena 52%, az\u00facar, aceite de colza, harina de trigo, extruido de ma\u00edz y trigo (ma\u00edz, trigo, sal), almid\u00f3n de trigo, croquetas de ma\u00edz y trigo (s\u00e9mola de ma\u00edz, harina de trigo, s\u00e9mola de trigo, harina de ma\u00edz), almendras en rodajas 2, 5%, jarabe de maltosa, trozos de fresas liofilizadas 1,5%, aroma natural, antioxidantes (palmitato de ascorbilo, extracto natural con alto contenido en tocoferoles), sal.<\/p>\n<p>El producto puede contener man\u00ed, soja, leche y otros frutos secos.<\/p>\n<p>&nbsp;<\/p>","protected":false},"excerpt":{"rendered":"<p>Este m\u00fcsli crujiente es la combinaci\u00f3n de deliciosas fresas y rodajas de almendras. Esta combinaci\u00f3n tiene un sabor delicioso y es la favorita de muchas familias. Adem\u00e1s, el m\u00fcsli es una fuente natural de betaglucanos que ayuda a reducir el colesterol y es rico en fibra de copos de avena. Adem\u00e1s, nuestro m\u00fcsli no tiene aceite de palma ni colorantes a\u00f1adidos.<\/p>","protected":false},"featured_media":6920,"template":"","meta":{"_acf_changed":false,"_monsterinsights_skip_tracking":false,"_monsterinsights_sitenote_active":false,"_monsterinsights_sitenote_note":"","_monsterinsights_sitenote_category":0,"_themeisle_gutenberg_block_has_review":false},"pwb-brand":[145],"product_brand":[],"product_cat":[140,50],"product_tag":[],"class_list":{"0":"post-6869","1":"product","2":"type-product","3":"status-publish","4":"has-post-thumbnail","6":"pwb-brand-emco","7":"product_cat-groceries","8":"product_cat-products","10":"first","11":"instock","12":"shipping-taxable","13":"purchasable","14":"product-type-simple"},"acf":[],"aioseo_notices":[],"brands":[{"id":145,"name":"Emco","slug":"emco"}],"_links":{"self":[{"href":"https:\/\/finefoods.com.py\/es\/wp-json\/wp\/v2\/product\/6869","targetHints":{"allow":["GET"]}}],"collection":[{"href":"https:\/\/finefoods.com.py\/es\/wp-json\/wp\/v2\/product"}],"about":[{"href":"https:\/\/finefoods.com.py\/es\/wp-json\/wp\/v2\/types\/product"}],"wp:featuredmedia":[{"embeddable":true,"href":"https:\/\/finefoods.com.py\/es\/wp-json\/wp\/v2\/media\/6920"}],"wp:attachment":[{"href":"https:\/\/finefoods.com.py\/es\/wp-json\/wp\/v2\/media?parent=6869"}],"wp:term":[{"taxonomy":"pwb-brand","embeddable":true,"href":"https:\/\/finefoods.com.py\/es\/wp-json\/wp\/v2\/pwb-brand?post=6869"},{"taxonomy":"product_brand","embeddable":true,"href":"https:\/\/finefoods.com.py\/es\/wp-json\/wp\/v2\/product_brand?post=6869"},{"taxonomy":"product_cat","embeddable":true,"href":"https:\/\/finefoods.com.py\/es\/wp-json\/wp\/v2\/product_cat?post=6869"},{"taxonomy":"product_tag","embeddable":true,"href":"https:\/\/finefoods.com.py\/es\/wp-json\/wp\/v2\/product_tag?post=6869"}],"curies":[{"name":"wp","href":"https:\/\/api.w.org\/{rel}","templated":true}]}}