{"id":6870,"date":"2021-06-10T15:45:04","date_gmt":"2021-06-10T19:45:04","guid":{"rendered":"https:\/\/finefoods.com.py\/?post_type=product&#038;p=6870"},"modified":"2025-06-02T14:46:39","modified_gmt":"2025-06-02T18:46:39","slug":"emco-musli-gluten-free-granola-with-strawberries-and-almonds","status":"publish","type":"product","link":"https:\/\/finefoods.com.py\/es\/product\/emco-musli-gluten-free-granola-with-strawberries-and-almonds\/","title":{"rendered":"Emco, M\u00fcsli, Granola libre de Gluten con Fresas y Almendras"},"content":{"rendered":"<p>Copos de trigo sarraceno 17%, extruido de mijo 17% (mijo 31%, harina de ma\u00edz, arroz, az\u00facar de ca\u00f1a, sal), az\u00facar, harina de arroz, aceite de colza, copos de ma\u00edz (harina de ma\u00edz, sal), harina de soja, extruido de arroz (arroz, ca\u00f1a az\u00facar, sal), coco rallado, f\u00e9cula de patata, almendras en rodajas 2,5%, amaranto inflado, trozos de fresas liofilizadas 1,5%, miel de flores, aroma natural, antioxidantes (palmitato de ascorbilo, extracto natural con alto contenido en tocoferoles) .<\/p>\n<p>El producto puede contener cacahuetes, leche y otros frutos secos.<\/p>\n<p>&nbsp;<\/p>","protected":false},"excerpt":{"rendered":"<p>La granola sin gluten es una deliciosa alternativa al m\u00fcsli cl\u00e1sico de copos de avena. La nueva receta se basa en mijo, amaranto y trigo sarraceno, lo que hace un delicioso sabor en combinaci\u00f3n con fresas y almendras. Esta granola sin gluten no tiene aceite de palma.<\/p>","protected":false},"featured_media":6924,"template":"","meta":{"_acf_changed":false,"_monsterinsights_skip_tracking":false,"_monsterinsights_sitenote_active":false,"_monsterinsights_sitenote_note":"","_monsterinsights_sitenote_category":0,"_themeisle_gutenberg_block_has_review":false},"pwb-brand":[145],"product_brand":[],"product_cat":[140,50],"product_tag":[],"class_list":{"0":"post-6870","1":"product","2":"type-product","3":"status-publish","4":"has-post-thumbnail","6":"pwb-brand-emco","7":"product_cat-groceries","8":"product_cat-products","10":"first","11":"outofstock","12":"shipping-taxable","13":"purchasable","14":"product-type-simple"},"acf":[],"aioseo_notices":[],"brands":[{"id":145,"name":"Emco","slug":"emco"}],"_links":{"self":[{"href":"https:\/\/finefoods.com.py\/es\/wp-json\/wp\/v2\/product\/6870","targetHints":{"allow":["GET"]}}],"collection":[{"href":"https:\/\/finefoods.com.py\/es\/wp-json\/wp\/v2\/product"}],"about":[{"href":"https:\/\/finefoods.com.py\/es\/wp-json\/wp\/v2\/types\/product"}],"wp:featuredmedia":[{"embeddable":true,"href":"https:\/\/finefoods.com.py\/es\/wp-json\/wp\/v2\/media\/6924"}],"wp:attachment":[{"href":"https:\/\/finefoods.com.py\/es\/wp-json\/wp\/v2\/media?parent=6870"}],"wp:term":[{"taxonomy":"pwb-brand","embeddable":true,"href":"https:\/\/finefoods.com.py\/es\/wp-json\/wp\/v2\/pwb-brand?post=6870"},{"taxonomy":"product_brand","embeddable":true,"href":"https:\/\/finefoods.com.py\/es\/wp-json\/wp\/v2\/product_brand?post=6870"},{"taxonomy":"product_cat","embeddable":true,"href":"https:\/\/finefoods.com.py\/es\/wp-json\/wp\/v2\/product_cat?post=6870"},{"taxonomy":"product_tag","embeddable":true,"href":"https:\/\/finefoods.com.py\/es\/wp-json\/wp\/v2\/product_tag?post=6870"}],"curies":[{"name":"wp","href":"https:\/\/api.w.org\/{rel}","templated":true}]}}