{"id":6881,"date":"2021-06-10T15:45:54","date_gmt":"2021-06-10T19:45:54","guid":{"rendered":"https:\/\/finefoods.com.py\/?post_type=product&#038;p=6881"},"modified":"2025-06-02T14:08:04","modified_gmt":"2025-06-02T18:08:04","slug":"morixe-mashed-potatoes-125g","status":"publish","type":"product","link":"https:\/\/finefoods.com.py\/es\/product\/morixe-mashed-potatoes-125g\/","title":{"rendered":"Morixe, Pur\u00e9 de papas instant\u00e1neo 125g"},"content":{"rendered":"","protected":false},"excerpt":{"rendered":"<p>Pur\u00e9 de patatas<\/p>\n<p>F\u00e1cil, delicioso y pr\u00e1ctico.<\/p>","protected":false},"featured_media":7391,"template":"","meta":{"_acf_changed":false,"_monsterinsights_skip_tracking":false,"_monsterinsights_sitenote_active":false,"_monsterinsights_sitenote_note":"","_monsterinsights_sitenote_category":0,"_themeisle_gutenberg_block_has_review":false},"pwb-brand":[144],"product_brand":[],"product_cat":[140,62,50],"product_tag":[247,76,250,191,249,248],"class_list":{"0":"post-6881","1":"product","2":"type-product","3":"status-publish","4":"has-post-thumbnail","6":"pwb-brand-morixe","7":"product_cat-groceries","8":"product_cat-offers","9":"product_cat-products","10":"product_tag-finefoods","11":"product_tag-morixe","12":"product_tag-papas","13":"product_tag-paraguay","14":"product_tag-pure","15":"product_tag-pure-de-papas","17":"first","18":"instock","19":"shipping-taxable","20":"purchasable","21":"product-type-simple"},"acf":[],"aioseo_notices":[],"brands":[{"id":144,"name":"Morixe","slug":"morixe"}],"_links":{"self":[{"href":"https:\/\/finefoods.com.py\/es\/wp-json\/wp\/v2\/product\/6881","targetHints":{"allow":["GET"]}}],"collection":[{"href":"https:\/\/finefoods.com.py\/es\/wp-json\/wp\/v2\/product"}],"about":[{"href":"https:\/\/finefoods.com.py\/es\/wp-json\/wp\/v2\/types\/product"}],"wp:featuredmedia":[{"embeddable":true,"href":"https:\/\/finefoods.com.py\/es\/wp-json\/wp\/v2\/media\/7391"}],"wp:attachment":[{"href":"https:\/\/finefoods.com.py\/es\/wp-json\/wp\/v2\/media?parent=6881"}],"wp:term":[{"taxonomy":"pwb-brand","embeddable":true,"href":"https:\/\/finefoods.com.py\/es\/wp-json\/wp\/v2\/pwb-brand?post=6881"},{"taxonomy":"product_brand","embeddable":true,"href":"https:\/\/finefoods.com.py\/es\/wp-json\/wp\/v2\/product_brand?post=6881"},{"taxonomy":"product_cat","embeddable":true,"href":"https:\/\/finefoods.com.py\/es\/wp-json\/wp\/v2\/product_cat?post=6881"},{"taxonomy":"product_tag","embeddable":true,"href":"https:\/\/finefoods.com.py\/es\/wp-json\/wp\/v2\/product_tag?post=6881"}],"curies":[{"name":"wp","href":"https:\/\/api.w.org\/{rel}","templated":true}]}}