{"id":7585,"date":"2021-09-13T11:00:34","date_gmt":"2021-09-13T15:00:34","guid":{"rendered":"https:\/\/finefoods.com.py\/?post_type=product&#038;p=7585"},"modified":"2025-08-04T15:45:03","modified_gmt":"2025-08-04T19:45:03","slug":"dallmayr-organico-gran-verde-cafe-molido-220g","status":"publish","type":"product","link":"https:\/\/finefoods.com.py\/es\/product\/dallmayr-organico-gran-verde-cafe-molido-220g\/","title":{"rendered":"Dallmayr Org\u00e1nico, Gran Verde, Caf\u00e9 Molido 220g"},"content":{"rendered":"<p>Con Dallmayr Gran Verde, puede disfrutar de un excelente caf\u00e9 org\u00e1nico. Con cuerpo armonioso con una agradable acidez. Un caf\u00e9 premium sostenible de Per\u00fa con los sellos Bio (org\u00e1nico) y Fairtrade. Ideal para preparar caf\u00e9 filtrado y caf\u00e9 en una prensa francesa.<br \/>\n100% ar\u00e1bica<\/p>","protected":false},"excerpt":{"rendered":"<p>Con Dallmayr Gran Verde, puede disfrutar de un excelente caf\u00e9 org\u00e1nico. Con cuerpo armonioso con una agradable acidez. Un caf\u00e9 premium sostenible de Per\u00fa con los sellos Bio (org\u00e1nico) y Fairtrade. Ideal para preparar caf\u00e9 filtrado y caf\u00e9 en una prensa francesa.<br \/>\n100% ar\u00e1bica<\/p>","protected":false},"featured_media":7586,"template":"","meta":{"_acf_changed":false,"_monsterinsights_skip_tracking":false,"_monsterinsights_sitenote_active":false,"_monsterinsights_sitenote_note":"","_monsterinsights_sitenote_category":0,"_themeisle_gutenberg_block_has_review":false},"pwb-brand":[142],"product_brand":[],"product_cat":[49,62,50],"product_tag":[],"class_list":{"0":"post-7585","1":"product","2":"type-product","3":"status-publish","4":"has-post-thumbnail","6":"pwb-brand-dallmayr","7":"product_cat-coffee","8":"product_cat-offers","9":"product_cat-products","11":"first","12":"instock","13":"shipping-taxable","14":"purchasable","15":"product-type-simple"},"acf":[],"aioseo_notices":[],"brands":[{"id":142,"name":"Dallmayr","slug":"dallmayr"}],"_links":{"self":[{"href":"https:\/\/finefoods.com.py\/es\/wp-json\/wp\/v2\/product\/7585","targetHints":{"allow":["GET"]}}],"collection":[{"href":"https:\/\/finefoods.com.py\/es\/wp-json\/wp\/v2\/product"}],"about":[{"href":"https:\/\/finefoods.com.py\/es\/wp-json\/wp\/v2\/types\/product"}],"wp:featuredmedia":[{"embeddable":true,"href":"https:\/\/finefoods.com.py\/es\/wp-json\/wp\/v2\/media\/7586"}],"wp:attachment":[{"href":"https:\/\/finefoods.com.py\/es\/wp-json\/wp\/v2\/media?parent=7585"}],"wp:term":[{"taxonomy":"pwb-brand","embeddable":true,"href":"https:\/\/finefoods.com.py\/es\/wp-json\/wp\/v2\/pwb-brand?post=7585"},{"taxonomy":"product_brand","embeddable":true,"href":"https:\/\/finefoods.com.py\/es\/wp-json\/wp\/v2\/product_brand?post=7585"},{"taxonomy":"product_cat","embeddable":true,"href":"https:\/\/finefoods.com.py\/es\/wp-json\/wp\/v2\/product_cat?post=7585"},{"taxonomy":"product_tag","embeddable":true,"href":"https:\/\/finefoods.com.py\/es\/wp-json\/wp\/v2\/product_tag?post=7585"}],"curies":[{"name":"wp","href":"https:\/\/api.w.org\/{rel}","templated":true}]}}