{"id":7652,"date":"2022-04-25T14:34:33","date_gmt":"2022-04-25T18:34:33","guid":{"rendered":"https:\/\/finefoods.com.py\/?post_type=product&#038;p=7652"},"modified":"2025-11-17T09:29:35","modified_gmt":"2025-11-17T12:29:35","slug":"cafetera-para-capsulas-elite-2-cajas-capsa-dallmayr-gratis","status":"publish","type":"product","link":"https:\/\/finefoods.com.py\/es\/product\/cafetera-para-capsulas-elite-2-cajas-capsa-dallmayr-gratis\/","title":{"rendered":"Cafetera para c\u00e1psulas Elite Black + 2 cajas Capsa Dallmayr Gratis"},"content":{"rendered":"<p>Una nueva innovaci\u00f3n para un obtener un mayor disfrute<\/p>\n<ul>\n<li>La cafetera es hecha en Italia<\/li>\n<li>2 dosis ajustables (Corto y Largo)<\/li>\n<li>porta tazas ajustable<\/li>\n<li>2 cajas de c\u00e1psulas de caf\u00e9 Capsa Dallmayr GRATIS<\/li>\n<\/ul>","protected":false},"excerpt":{"rendered":"<p>Prob\u00e1 una nueva experiencia con nuestra m\u00e1quina para c\u00e1psulas de caf\u00e9 &#8220;Elite Black&#8221;<\/p>\n<p>Con tu compra te llevas 2 cajas variadas de c\u00e1psulas de caf\u00e9 Dallmayr Capsa<\/p>\n<p>M\u00e1quina hecha en Italia<\/p>","protected":false},"featured_media":7809,"template":"","meta":{"_acf_changed":false,"_monsterinsights_skip_tracking":false,"_monsterinsights_sitenote_active":false,"_monsterinsights_sitenote_note":"","_monsterinsights_sitenote_category":0,"_themeisle_gutenberg_block_has_review":false},"pwb-brand":[],"product_brand":[],"product_cat":[252,62,50],"product_tag":[190,189,69,70,192,191,193],"class_list":{"0":"post-7652","1":"product","2":"type-product","3":"status-publish","4":"has-post-thumbnail","6":"product_cat-cafeteras-y-accesorios","7":"product_cat-offers","8":"product_cat-products","9":"product_tag-cafe","10":"product_tag-cafetera","11":"product_tag-capsa","12":"product_tag-capsulas","13":"product_tag-dallmayr","14":"product_tag-paraguay","15":"product_tag-promo","17":"first","18":"instock","19":"shipping-taxable","20":"purchasable","21":"product-type-simple"},"acf":[],"aioseo_notices":[],"brands":[],"_links":{"self":[{"href":"https:\/\/finefoods.com.py\/es\/wp-json\/wp\/v2\/product\/7652","targetHints":{"allow":["GET"]}}],"collection":[{"href":"https:\/\/finefoods.com.py\/es\/wp-json\/wp\/v2\/product"}],"about":[{"href":"https:\/\/finefoods.com.py\/es\/wp-json\/wp\/v2\/types\/product"}],"wp:featuredmedia":[{"embeddable":true,"href":"https:\/\/finefoods.com.py\/es\/wp-json\/wp\/v2\/media\/7809"}],"wp:attachment":[{"href":"https:\/\/finefoods.com.py\/es\/wp-json\/wp\/v2\/media?parent=7652"}],"wp:term":[{"taxonomy":"pwb-brand","embeddable":true,"href":"https:\/\/finefoods.com.py\/es\/wp-json\/wp\/v2\/pwb-brand?post=7652"},{"taxonomy":"product_brand","embeddable":true,"href":"https:\/\/finefoods.com.py\/es\/wp-json\/wp\/v2\/product_brand?post=7652"},{"taxonomy":"product_cat","embeddable":true,"href":"https:\/\/finefoods.com.py\/es\/wp-json\/wp\/v2\/product_cat?post=7652"},{"taxonomy":"product_tag","embeddable":true,"href":"https:\/\/finefoods.com.py\/es\/wp-json\/wp\/v2\/product_tag?post=7652"}],"curies":[{"name":"wp","href":"https:\/\/api.w.org\/{rel}","templated":true}]}}