{"id":7668,"date":"2022-05-09T09:26:05","date_gmt":"2022-05-09T13:26:05","guid":{"rendered":"https:\/\/finefoods.com.py\/?post_type=product&#038;p=7668"},"modified":"2026-03-16T08:34:15","modified_gmt":"2026-03-16T11:34:15","slug":"cafetera-para-capsulas-skycap-2-cajas-capsa-dallmayr-gratis","status":"publish","type":"product","link":"https:\/\/finefoods.com.py\/es\/product\/cafetera-para-capsulas-skycap-2-cajas-capsa-dallmayr-gratis\/","title":{"rendered":"Cafetera para c\u00e1psulas Skycap Latte + 2 cajas Capsa Dallmayr Gratis"},"content":{"rendered":"<p>Con sistema OneTouch para preparar un excelente Capuccino, Latte, espresso, caf\u00e9 largo o una infusi\u00f3n de t\u00e9.<\/p>\n<ul>\n<li>La cafetera es hecha en Italia<\/li>\n<li>Posee espumador de leche<\/li>\n<li>2 dosis ajustables (Corto y Largo)<\/li>\n<li>Prepara Capuccino, lattes y t\u00e9.<\/li>\n<li>porta tazas ajustable<\/li>\n<li>Servicio t\u00e9cnico inclu\u00eddo<\/li>\n<li>2 cajas de c\u00e1psulas de caf\u00e9 Capsa Dallmayr GRATIS<\/li>\n<\/ul>","protected":false},"excerpt":{"rendered":"<p>Prob\u00e1 una nueva experiencia con nuestra m\u00e1quina para c\u00e1psulas de caf\u00e9 &#8220;Skycap&#8221; con espumador de leche<\/p>\n<p>Con tu compra te llevas 2 cajas variadas de c\u00e1psulas de caf\u00e9 Dallmayr Capsa<\/p>\n<p>M\u00e1quina hecha en Italia<\/p>","protected":false},"featured_media":7808,"template":"","meta":{"_acf_changed":false,"_monsterinsights_skip_tracking":false,"_monsterinsights_sitenote_active":false,"_monsterinsights_sitenote_note":"","_monsterinsights_sitenote_category":0,"_themeisle_gutenberg_block_has_review":false},"pwb-brand":[],"product_brand":[],"product_cat":[252,62],"product_tag":[190,198,189,69,70,192,199,191,193],"class_list":{"0":"post-7668","1":"product","2":"type-product","3":"status-publish","4":"has-post-thumbnail","6":"product_cat-cafeteras-y-accesorios","7":"product_cat-offers","8":"product_tag-cafe","9":"product_tag-cafe-en-capsulas","10":"product_tag-cafetera","11":"product_tag-capsa","12":"product_tag-capsulas","13":"product_tag-dallmayr","14":"product_tag-gratis","15":"product_tag-paraguay","16":"product_tag-promo","18":"first","19":"outofstock","20":"sale","21":"shipping-taxable","22":"purchasable","23":"product-type-simple"},"acf":[],"aioseo_notices":[],"brands":[],"_links":{"self":[{"href":"https:\/\/finefoods.com.py\/es\/wp-json\/wp\/v2\/product\/7668","targetHints":{"allow":["GET"]}}],"collection":[{"href":"https:\/\/finefoods.com.py\/es\/wp-json\/wp\/v2\/product"}],"about":[{"href":"https:\/\/finefoods.com.py\/es\/wp-json\/wp\/v2\/types\/product"}],"wp:featuredmedia":[{"embeddable":true,"href":"https:\/\/finefoods.com.py\/es\/wp-json\/wp\/v2\/media\/7808"}],"wp:attachment":[{"href":"https:\/\/finefoods.com.py\/es\/wp-json\/wp\/v2\/media?parent=7668"}],"wp:term":[{"taxonomy":"pwb-brand","embeddable":true,"href":"https:\/\/finefoods.com.py\/es\/wp-json\/wp\/v2\/pwb-brand?post=7668"},{"taxonomy":"product_brand","embeddable":true,"href":"https:\/\/finefoods.com.py\/es\/wp-json\/wp\/v2\/product_brand?post=7668"},{"taxonomy":"product_cat","embeddable":true,"href":"https:\/\/finefoods.com.py\/es\/wp-json\/wp\/v2\/product_cat?post=7668"},{"taxonomy":"product_tag","embeddable":true,"href":"https:\/\/finefoods.com.py\/es\/wp-json\/wp\/v2\/product_tag?post=7668"}],"curies":[{"name":"wp","href":"https:\/\/api.w.org\/{rel}","templated":true}]}}