{"id":7705,"date":"2022-07-18T15:06:53","date_gmt":"2022-07-18T19:06:53","guid":{"rendered":"https:\/\/finefoods.com.py\/?post_type=product&#038;p=7705"},"modified":"2025-09-15T09:24:37","modified_gmt":"2025-09-15T13:24:37","slug":"morixe-aceto-balsamico-250ml","status":"publish","type":"product","link":"https:\/\/finefoods.com.py\/es\/product\/morixe-aceto-balsamico-250ml\/","title":{"rendered":"Morixe, Aceto bals\u00e1mico 250ml"},"content":{"rendered":"","protected":false},"excerpt":{"rendered":"<p>Aceto bals\u00e1mico Semi-dulce<\/p>\n<p>El Aceto Bals\u00e1mico Morixe est\u00e1 elaborado minuciosamente para acompa\u00f1ar tus m\u00e1s ricos platos y ensaladas con un exquisito sabor semi-dulce<\/p>","protected":false},"featured_media":7706,"template":"","meta":{"_acf_changed":false,"_monsterinsights_skip_tracking":false,"_monsterinsights_sitenote_active":false,"_monsterinsights_sitenote_note":"","_monsterinsights_sitenote_category":0,"_themeisle_gutenberg_block_has_review":false},"pwb-brand":[144],"product_brand":[],"product_cat":[62,50],"product_tag":[201,76,191,202],"class_list":{"0":"post-7705","1":"product","2":"type-product","3":"status-publish","4":"has-post-thumbnail","6":"pwb-brand-morixe","7":"product_cat-offers","8":"product_cat-products","9":"product_tag-aceto-balsamico","10":"product_tag-morixe","11":"product_tag-paraguay","12":"product_tag-vinagre","14":"first","15":"outofstock","16":"shipping-taxable","17":"purchasable","18":"product-type-simple"},"acf":[],"aioseo_notices":[],"brands":[{"id":144,"name":"Morixe","slug":"morixe"}],"_links":{"self":[{"href":"https:\/\/finefoods.com.py\/es\/wp-json\/wp\/v2\/product\/7705","targetHints":{"allow":["GET"]}}],"collection":[{"href":"https:\/\/finefoods.com.py\/es\/wp-json\/wp\/v2\/product"}],"about":[{"href":"https:\/\/finefoods.com.py\/es\/wp-json\/wp\/v2\/types\/product"}],"wp:featuredmedia":[{"embeddable":true,"href":"https:\/\/finefoods.com.py\/es\/wp-json\/wp\/v2\/media\/7706"}],"wp:attachment":[{"href":"https:\/\/finefoods.com.py\/es\/wp-json\/wp\/v2\/media?parent=7705"}],"wp:term":[{"taxonomy":"pwb-brand","embeddable":true,"href":"https:\/\/finefoods.com.py\/es\/wp-json\/wp\/v2\/pwb-brand?post=7705"},{"taxonomy":"product_brand","embeddable":true,"href":"https:\/\/finefoods.com.py\/es\/wp-json\/wp\/v2\/product_brand?post=7705"},{"taxonomy":"product_cat","embeddable":true,"href":"https:\/\/finefoods.com.py\/es\/wp-json\/wp\/v2\/product_cat?post=7705"},{"taxonomy":"product_tag","embeddable":true,"href":"https:\/\/finefoods.com.py\/es\/wp-json\/wp\/v2\/product_tag?post=7705"}],"curies":[{"name":"wp","href":"https:\/\/api.w.org\/{rel}","templated":true}]}}