{"id":7763,"date":"2022-07-29T10:27:45","date_gmt":"2022-07-29T14:27:45","guid":{"rendered":"https:\/\/finefoods.com.py\/?post_type=product&#038;p=7763"},"modified":"2025-11-03T10:36:15","modified_gmt":"2025-11-03T13:36:15","slug":"dallmayr-crema-doro-intensa-granos-de-cafe-1kg","status":"publish","type":"product","link":"https:\/\/finefoods.com.py\/es\/product\/dallmayr-crema-doro-intensa-granos-de-cafe-1kg\/","title":{"rendered":"Dallmayr, Crema d&#8217;Oro Intensa, Granos de caf\u00e9, 1Kg"},"content":{"rendered":"","protected":false},"excerpt":{"rendered":"<p>Un expresivo blend para los amantes del caf\u00e9 bien intenso. Los granos de caf\u00e9s 100% ar\u00e1bica se seleccionan cuidadosamente y se someten a un largo y suave proceso de tostado a bajas temperaturas. Un placer de caf\u00e9 maravillosamente arom\u00e1tico. De sabor rico e intenso y con bajos niveles de acidez.<\/p>\n<p>Dallmayr Crema d&#8217;Oro intensa tiene una crema de color marr\u00f3n dorado, finamente veteada en la taza y sabe muy bien solo o con leche.<\/p>\n<p>&nbsp;<\/p>","protected":false},"featured_media":7765,"template":"","meta":{"_acf_changed":false,"_monsterinsights_skip_tracking":false,"_monsterinsights_sitenote_active":false,"_monsterinsights_sitenote_note":"","_monsterinsights_sitenote_category":0,"_themeisle_gutenberg_block_has_review":false},"pwb-brand":[142],"product_brand":[],"product_cat":[49,62,50],"product_tag":[190,226,61,227,192,225,224,58,191],"class_list":{"0":"post-7763","1":"product","2":"type-product","3":"status-publish","4":"has-post-thumbnail","6":"pwb-brand-dallmayr","7":"product_cat-coffee","8":"product_cat-offers","9":"product_cat-products","10":"product_tag-cafe","11":"product_tag-crema","12":"product_tag-crema-doro","13":"product_tag-doro","14":"product_tag-dallmayr","15":"product_tag-granos","16":"product_tag-intensa","17":"product_tag-intenso","18":"product_tag-paraguay","20":"first","21":"instock","22":"shipping-taxable","23":"purchasable","24":"product-type-simple"},"acf":[],"aioseo_notices":[],"brands":[{"id":142,"name":"Dallmayr","slug":"dallmayr"}],"_links":{"self":[{"href":"https:\/\/finefoods.com.py\/es\/wp-json\/wp\/v2\/product\/7763","targetHints":{"allow":["GET"]}}],"collection":[{"href":"https:\/\/finefoods.com.py\/es\/wp-json\/wp\/v2\/product"}],"about":[{"href":"https:\/\/finefoods.com.py\/es\/wp-json\/wp\/v2\/types\/product"}],"wp:featuredmedia":[{"embeddable":true,"href":"https:\/\/finefoods.com.py\/es\/wp-json\/wp\/v2\/media\/7765"}],"wp:attachment":[{"href":"https:\/\/finefoods.com.py\/es\/wp-json\/wp\/v2\/media?parent=7763"}],"wp:term":[{"taxonomy":"pwb-brand","embeddable":true,"href":"https:\/\/finefoods.com.py\/es\/wp-json\/wp\/v2\/pwb-brand?post=7763"},{"taxonomy":"product_brand","embeddable":true,"href":"https:\/\/finefoods.com.py\/es\/wp-json\/wp\/v2\/product_brand?post=7763"},{"taxonomy":"product_cat","embeddable":true,"href":"https:\/\/finefoods.com.py\/es\/wp-json\/wp\/v2\/product_cat?post=7763"},{"taxonomy":"product_tag","embeddable":true,"href":"https:\/\/finefoods.com.py\/es\/wp-json\/wp\/v2\/product_tag?post=7763"}],"curies":[{"name":"wp","href":"https:\/\/api.w.org\/{rel}","templated":true}]}}