{"id":7797,"date":"2022-09-29T09:09:19","date_gmt":"2022-09-29T13:09:19","guid":{"rendered":"https:\/\/finefoods.com.py\/?post_type=product&#038;p=7797"},"modified":"2026-03-03T09:02:21","modified_gmt":"2026-03-03T12:02:21","slug":"cafetera-aeropress","status":"publish","type":"product","link":"https:\/\/finefoods.com.py\/es\/product\/cafetera-aeropress\/","title":{"rendered":"Cafetera Aeropress"},"content":{"rendered":"<p><span class=\"a-list-item\">\u00a1Adi\u00f3s a la prensa francesa! La r\u00e1pida preparaci\u00f3n AeroPress Original evita la amargura y la alta acidez creadas por el largo tiempo de empinado requerido por la prensa francesa. Adem\u00e1s, el microfiltro de papel AeroPress elimina el grano y significa que la limpieza tarda segundos.<\/span><\/p>\n<p><span class=\"a-list-item\">Vers\u00e1til: hace f\u00e1cilmente de 1 a 3 tazas de caf\u00e9 americano por presi\u00f3n en aproximadamente un minuto. A diferencia de una prensa francesa, tambi\u00e9n puede hacer infusi\u00f3n fr\u00eda (en solo dos minutos). o caf\u00e9 estilo espresso para uso en lattes, capuchinos y otras bebidas a base de espresso.<\/span><\/p>","protected":false},"excerpt":{"rendered":"<p><span id=\"productTitle\" class=\"a-size-large product-title-word-break\">AeroPress Cafetera original: hace r\u00e1pidamente un delicioso caf\u00e9 sin amargura, de 1 a 3 tazas por prensado<\/span><\/p>\n<p><span class=\"a-list-item\">Popular entre los entusiastas del caf\u00e9 en todo el mundo, el AeroPress Original es un nuevo tipo de prensa de caf\u00e9 que utiliza un proceso de preparaci\u00f3n r\u00e1pido y total de inmersi\u00f3n para hacer caf\u00e9 suave, delicioso y con sabor completo sin amargura y con baja acidez.<\/span><\/p>\n<p><span class=\"a-list-item\">Incluye la prensa AeroPress, embudo, cuchara, agitador, 350 mMicrofiltros de papel y un soporte de filtro. Sin ftalatos y sin BPA. Taza no incluida.\u00a0<\/span><\/p>","protected":false},"featured_media":7798,"template":"","meta":{"_acf_changed":false,"_monsterinsights_skip_tracking":false,"_monsterinsights_sitenote_active":false,"_monsterinsights_sitenote_note":"","_monsterinsights_sitenote_category":0,"_themeisle_gutenberg_block_has_review":false},"pwb-brand":[],"product_brand":[],"product_cat":[252,50],"product_tag":[231,190,189,132,232,192,191],"class_list":{"0":"post-7797","1":"product","2":"type-product","3":"status-publish","4":"has-post-thumbnail","6":"product_cat-cafeteras-y-accesorios","7":"product_cat-products","8":"product_tag-aeropress","9":"product_tag-cafe","10":"product_tag-cafetera","11":"product_tag-coffee-machine","12":"product_tag-coffee-maker","13":"product_tag-dallmayr","14":"product_tag-paraguay","16":"first","17":"instock","18":"shipping-taxable","19":"purchasable","20":"product-type-simple"},"acf":[],"aioseo_notices":[],"brands":[],"_links":{"self":[{"href":"https:\/\/finefoods.com.py\/es\/wp-json\/wp\/v2\/product\/7797","targetHints":{"allow":["GET"]}}],"collection":[{"href":"https:\/\/finefoods.com.py\/es\/wp-json\/wp\/v2\/product"}],"about":[{"href":"https:\/\/finefoods.com.py\/es\/wp-json\/wp\/v2\/types\/product"}],"wp:featuredmedia":[{"embeddable":true,"href":"https:\/\/finefoods.com.py\/es\/wp-json\/wp\/v2\/media\/7798"}],"wp:attachment":[{"href":"https:\/\/finefoods.com.py\/es\/wp-json\/wp\/v2\/media?parent=7797"}],"wp:term":[{"taxonomy":"pwb-brand","embeddable":true,"href":"https:\/\/finefoods.com.py\/es\/wp-json\/wp\/v2\/pwb-brand?post=7797"},{"taxonomy":"product_brand","embeddable":true,"href":"https:\/\/finefoods.com.py\/es\/wp-json\/wp\/v2\/product_brand?post=7797"},{"taxonomy":"product_cat","embeddable":true,"href":"https:\/\/finefoods.com.py\/es\/wp-json\/wp\/v2\/product_cat?post=7797"},{"taxonomy":"product_tag","embeddable":true,"href":"https:\/\/finefoods.com.py\/es\/wp-json\/wp\/v2\/product_tag?post=7797"}],"curies":[{"name":"wp","href":"https:\/\/api.w.org\/{rel}","templated":true}]}}