{"id":7947,"date":"2022-10-28T11:09:56","date_gmt":"2022-10-28T14:09:56","guid":{"rendered":"https:\/\/finefoods.com.py\/?post_type=product&#038;p=7947"},"modified":"2026-01-06T08:43:39","modified_gmt":"2026-01-06T11:43:39","slug":"dallmayr-ethiopia-molido-500g","status":"publish","type":"product","link":"https:\/\/finefoods.com.py\/es\/product\/dallmayr-ethiopia-molido-500g\/","title":{"rendered":"Dallmayr Ethiopia molido 500g"},"content":{"rendered":"<p class=\"_04xlpA direction-ltr align-start para-style-body\"><span class=\"JsGRdQ\">Adem\u00e1s de disfrutar de su sabor \u00fanico, comprando este producto ayudar\u00e1s al:<\/span><\/p>\n<p class=\"_04xlpA direction-ltr align-start para-style-body\"><span class=\"JsGRdQ\">-Desarrollo de una cooperativa de caf\u00e9 y creaci\u00f3n de puestos de trabajo en el \u00e1rea de Dano, Etiop\u00eda<\/span><\/p>\n<p class=\"_04xlpA direction-ltr align-start para-style-body\"><span class=\"JsGRdQ\">-Construcci\u00f3n de pozos para agua potable<\/span><\/p>\n<p class=\"_04xlpA direction-ltr align-start para-style-body\"><span class=\"JsGRdQ\">-Donaci\u00f3n de m\u00e1s de 53,5 millones de pl\u00e1ntulas de \u00e1rboles hasta la fecha, y este n\u00famero aumenta cada a\u00f1o.<\/span><\/p>\n<p class=\"_04xlpA direction-ltr align-start para-style-body\"><span class=\"JsGRdQ\">-Construcci\u00f3n y mantenimiento de una escuela Dallmayr<\/span><\/p>","protected":false},"excerpt":{"rendered":"<p>Descubr\u00ed el sabor de Etiopia &#8211; el lugar de nacimiento del caf\u00e9<\/p>\n<p><span class=\"JsGRdQ\">Dallmayr Etiop\u00eda se destaca por sus notas de hierbas silvestres redondeadas con el aroma de la hierba de lim\u00f3n y un toque de chocolate negro.<\/span><\/p>\n<p>Los granos sustentables y 100% ar\u00e1bica para este caf\u00e9 son recolectados a mano a una altura de 2000mts<\/p>","protected":false},"featured_media":7949,"template":"","meta":{"_acf_changed":false,"_monsterinsights_skip_tracking":false,"_monsterinsights_sitenote_active":false,"_monsterinsights_sitenote_note":"","_monsterinsights_sitenote_category":0,"_themeisle_gutenberg_block_has_review":false},"pwb-brand":[142],"product_brand":[],"product_cat":[49,62,50],"product_tag":[190,238,234,192,175,237],"class_list":{"0":"post-7947","1":"product","2":"type-product","3":"status-publish","4":"has-post-thumbnail","6":"pwb-brand-dallmayr","7":"product_cat-coffee","8":"product_cat-offers","9":"product_cat-products","10":"product_tag-cafe","11":"product_tag-cafe-aleman","12":"product_tag-cafe-de-especialidad","13":"product_tag-dallmayr","14":"product_tag-ethiopia","15":"product_tag-etiopia","17":"first","18":"instock","19":"shipping-taxable","20":"purchasable","21":"product-type-simple"},"acf":[],"aioseo_notices":[],"brands":[{"id":142,"name":"Dallmayr","slug":"dallmayr"}],"_links":{"self":[{"href":"https:\/\/finefoods.com.py\/es\/wp-json\/wp\/v2\/product\/7947","targetHints":{"allow":["GET"]}}],"collection":[{"href":"https:\/\/finefoods.com.py\/es\/wp-json\/wp\/v2\/product"}],"about":[{"href":"https:\/\/finefoods.com.py\/es\/wp-json\/wp\/v2\/types\/product"}],"wp:featuredmedia":[{"embeddable":true,"href":"https:\/\/finefoods.com.py\/es\/wp-json\/wp\/v2\/media\/7949"}],"wp:attachment":[{"href":"https:\/\/finefoods.com.py\/es\/wp-json\/wp\/v2\/media?parent=7947"}],"wp:term":[{"taxonomy":"pwb-brand","embeddable":true,"href":"https:\/\/finefoods.com.py\/es\/wp-json\/wp\/v2\/pwb-brand?post=7947"},{"taxonomy":"product_brand","embeddable":true,"href":"https:\/\/finefoods.com.py\/es\/wp-json\/wp\/v2\/product_brand?post=7947"},{"taxonomy":"product_cat","embeddable":true,"href":"https:\/\/finefoods.com.py\/es\/wp-json\/wp\/v2\/product_cat?post=7947"},{"taxonomy":"product_tag","embeddable":true,"href":"https:\/\/finefoods.com.py\/es\/wp-json\/wp\/v2\/product_tag?post=7947"}],"curies":[{"name":"wp","href":"https:\/\/api.w.org\/{rel}","templated":true}]}}