{"id":8000,"date":"2023-02-16T14:11:16","date_gmt":"2023-02-16T17:11:16","guid":{"rendered":"https:\/\/finefoods.com.py\/?post_type=product&#038;p=8000"},"modified":"2026-03-03T09:01:54","modified_gmt":"2026-03-03T12:01:54","slug":"molino-hario-ceramico-skerton","status":"publish","type":"product","link":"https:\/\/finefoods.com.py\/es\/product\/molino-hario-ceramico-skerton\/","title":{"rendered":"HARIO Molino Cer\u00e1mico Skerton Pro"},"content":{"rendered":"<ul class=\"_1V4Ij\" data-hook=\"collapse-info-section\">\n<li class=\"_2knBS undefined\" data-hook=\"collapse-info-item\">\n<h2 class=\"Text2446266173__root Text2446266173---typography-11-runningText Text2446266173---priority-7-primary s8gg2 _2UIKs InfoSectionTitle3095652555__root\" aria-hidden=\"false\" data-hook=\"info-section-title\">Especificaciones T\u00e9cnicas<\/h2>\n<div class=\"rah-static rah-static--height-auto\" aria-hidden=\"false\">\n<div>\n<div class=\"_1yvxJ fggS- cell\">\n<div class=\"WncCi\" data-hook=\"info-section-description\">\n<ul>\n<li>Capacidad : 100g (caf\u00e9 molido)<\/li>\n<li>Dimensiones\u00a0(a x p x h) : 17,2cm x 9,3cm x 23,1cm<\/li>\n<li>Materiales :\u00a0Caucho de silicona (tapa de la tolva y cubierta antideslizante) &#8211;\u00a0Polipropileno (tapa y cuerpo principal) &#8211;\u00a0Vidrio Resistente al calor (recipiente)<\/li>\n<\/ul>\n<\/div>\n<\/div>\n<\/div>\n<\/div>\n<\/li>\n<\/ul>","protected":false},"excerpt":{"rendered":"<p>El HARIO Skerton+ es el molino de caf\u00e9\u00a0perfecto tanto para el viajero y como para el hogar caf\u00e9 gracias a su tama\u00f1o compacto.<\/p>\n<p>&nbsp;<\/p>\n<p>Fue dise\u00f1ado para ser port\u00e1til y f\u00e1cil de usar incluso mientras viaja o est\u00e1 en movimiento gracias a que\u00a0la manivela\u00a0de dise\u00f1o ergon\u00f3mico se separa para un almacenamiento compacto y f\u00e1cil de transportar.\u00a0Adem\u00e1s,\u00a0el Skerton+ presenta un eje de molienda m\u00e1s fuerte y una placa de estabilizaci\u00f3n de muelas.<\/p>\n<p>&nbsp;<\/p>\n<p>Este molino\u00a0de cer\u00e1mica proporciona una amplia gama de tama\u00f1os de molienda.\u00a0Gracias a muelas c\u00f3nicas de cer\u00e1mica que\u00a0transfieren menos calor y raspan los granos de caf\u00e9 en lugar de romperlos, garantiza una molienda\u00a0precisa y uniforme.<\/p>","protected":false},"featured_media":8162,"template":"","meta":{"_acf_changed":false,"_monsterinsights_skip_tracking":false,"_monsterinsights_sitenote_active":false,"_monsterinsights_sitenote_note":"","_monsterinsights_sitenote_category":0,"_themeisle_gutenberg_block_has_review":false},"pwb-brand":[],"product_brand":[],"product_cat":[252,62,50],"product_tag":[190,243,225,242,241],"class_list":{"0":"post-8000","1":"product","2":"type-product","3":"status-publish","4":"has-post-thumbnail","6":"product_cat-cafeteras-y-accesorios","7":"product_cat-offers","8":"product_cat-products","9":"product_tag-cafe","10":"product_tag-cramico","11":"product_tag-granos","12":"product_tag-hario","13":"product_tag-molino","15":"first","16":"instock","17":"shipping-taxable","18":"purchasable","19":"product-type-simple"},"acf":[],"aioseo_notices":[],"brands":[],"_links":{"self":[{"href":"https:\/\/finefoods.com.py\/es\/wp-json\/wp\/v2\/product\/8000","targetHints":{"allow":["GET"]}}],"collection":[{"href":"https:\/\/finefoods.com.py\/es\/wp-json\/wp\/v2\/product"}],"about":[{"href":"https:\/\/finefoods.com.py\/es\/wp-json\/wp\/v2\/types\/product"}],"wp:featuredmedia":[{"embeddable":true,"href":"https:\/\/finefoods.com.py\/es\/wp-json\/wp\/v2\/media\/8162"}],"wp:attachment":[{"href":"https:\/\/finefoods.com.py\/es\/wp-json\/wp\/v2\/media?parent=8000"}],"wp:term":[{"taxonomy":"pwb-brand","embeddable":true,"href":"https:\/\/finefoods.com.py\/es\/wp-json\/wp\/v2\/pwb-brand?post=8000"},{"taxonomy":"product_brand","embeddable":true,"href":"https:\/\/finefoods.com.py\/es\/wp-json\/wp\/v2\/product_brand?post=8000"},{"taxonomy":"product_cat","embeddable":true,"href":"https:\/\/finefoods.com.py\/es\/wp-json\/wp\/v2\/product_cat?post=8000"},{"taxonomy":"product_tag","embeddable":true,"href":"https:\/\/finefoods.com.py\/es\/wp-json\/wp\/v2\/product_tag?post=8000"}],"curies":[{"name":"wp","href":"https:\/\/api.w.org\/{rel}","templated":true}]}}