{"id":8004,"date":"2023-02-16T14:27:25","date_gmt":"2023-02-16T17:27:25","guid":{"rendered":"https:\/\/finefoods.com.py\/?post_type=product&#038;p=8004"},"modified":"2025-08-21T15:01:57","modified_gmt":"2025-08-21T19:01:57","slug":"molino-hario-cafe-en-granos-crema-doro-200g","status":"publish","type":"product","link":"https:\/\/finefoods.com.py\/es\/product\/molino-hario-cafe-en-granos-crema-doro-200g\/","title":{"rendered":"Combo Molino Hario + Caf\u00e9 en granos Crema d&#8217;Oro 200g"},"content":{"rendered":"<p>Este kit fue pensado para los amantes del olor a caf\u00e9 reci\u00e9n molido<\/p>\n<p>&nbsp;<\/p>","protected":false},"excerpt":{"rendered":"<p>Este kit fue pensado para los amantes del olor a caf\u00e9 reci\u00e9n molido<\/p>\n<p>El HARIO Skerton+ es el molino de caf\u00e9\u00a0perfecto tanto para el viajero y como para el hogar caf\u00e9 gracias a su tama\u00f1o compacto.<\/p>\n<p>El caf\u00e9 en granos Dallmayr Crema d&#8217;Oro es un blend de granos 100% ar\u00e1bica tostados cuidadosamente y ligeramente para brindarte un sabor equilibrado y suave. Un caf\u00e9 con intensidad 6\/10, muy afrutado y con poca \u00e1cidez.<\/p>\n<p>\u00bfQue esper\u00e1s para probar esta experiencia de olor y sabor?<\/p>","protected":false},"featured_media":8005,"template":"","meta":{"_acf_changed":false,"_monsterinsights_skip_tracking":false,"_monsterinsights_sitenote_active":false,"_monsterinsights_sitenote_note":"","_monsterinsights_sitenote_category":0,"_themeisle_gutenberg_block_has_review":false},"pwb-brand":[],"product_brand":[],"product_cat":[252,62,50],"product_tag":[231,233,190,225,241,191],"class_list":{"0":"post-8004","1":"product","2":"type-product","3":"status-publish","4":"has-post-thumbnail","6":"product_cat-cafeteras-y-accesorios","7":"product_cat-offers","8":"product_cat-products","9":"product_tag-aeropress","10":"product_tag-aleman","11":"product_tag-cafe","12":"product_tag-granos","13":"product_tag-molino","14":"product_tag-paraguay","16":"first","17":"outofstock","18":"shipping-taxable","19":"purchasable","20":"product-type-simple"},"acf":[],"aioseo_notices":[],"brands":[],"_links":{"self":[{"href":"https:\/\/finefoods.com.py\/es\/wp-json\/wp\/v2\/product\/8004","targetHints":{"allow":["GET"]}}],"collection":[{"href":"https:\/\/finefoods.com.py\/es\/wp-json\/wp\/v2\/product"}],"about":[{"href":"https:\/\/finefoods.com.py\/es\/wp-json\/wp\/v2\/types\/product"}],"wp:featuredmedia":[{"embeddable":true,"href":"https:\/\/finefoods.com.py\/es\/wp-json\/wp\/v2\/media\/8005"}],"wp:attachment":[{"href":"https:\/\/finefoods.com.py\/es\/wp-json\/wp\/v2\/media?parent=8004"}],"wp:term":[{"taxonomy":"pwb-brand","embeddable":true,"href":"https:\/\/finefoods.com.py\/es\/wp-json\/wp\/v2\/pwb-brand?post=8004"},{"taxonomy":"product_brand","embeddable":true,"href":"https:\/\/finefoods.com.py\/es\/wp-json\/wp\/v2\/product_brand?post=8004"},{"taxonomy":"product_cat","embeddable":true,"href":"https:\/\/finefoods.com.py\/es\/wp-json\/wp\/v2\/product_cat?post=8004"},{"taxonomy":"product_tag","embeddable":true,"href":"https:\/\/finefoods.com.py\/es\/wp-json\/wp\/v2\/product_tag?post=8004"}],"curies":[{"name":"wp","href":"https:\/\/api.w.org\/{rel}","templated":true}]}}