{"id":8051,"date":"2023-04-17T11:18:45","date_gmt":"2023-04-17T15:18:45","guid":{"rendered":"https:\/\/finefoods.com.py\/?post_type=product&#038;p=8051"},"modified":"2026-03-03T09:01:42","modified_gmt":"2026-03-03T12:01:42","slug":"cafetera-filtro-severin-1-cafe-molido-prodomo-250g","status":"publish","type":"product","link":"https:\/\/finefoods.com.py\/es\/product\/cafetera-filtro-severin-1-cafe-molido-prodomo-250g\/","title":{"rendered":"Combo Cafetera Filtro Ariete + 1 caf\u00e9 molido Prodomo 250g"},"content":{"rendered":"<p>Prepara tu Caf\u00e9 Americano directamente en tu casa. La M\u00e1quina de Caf\u00e9 por Goteo le permite preparar una cantidad de caf\u00e9 igual a 12 tazas: agregue una cantidad de agua equivalente al n\u00famero de tazas deseadas, inserte el caf\u00e9 molido con el dosificador suministrado y active la m\u00e1quina.<br \/>\nUna vez listo, la placa calefactora con revestimiento antiadherente sobre la que se asienta la jarra mantendr\u00e1 el caf\u00e9 caliente . Gracias al dispositivo antigoteo no tendr\u00e1s que preocuparte por el exceso de gotas. Hasta 12 tazas para un caf\u00e9 americano en compa\u00f1\u00eda. Placa calefactora con revestimiento antiadherente, filtro lavable, dispositivo antigoteo.<\/p>","protected":false},"excerpt":{"rendered":"<p>Nada mejor que el aroma de un caf\u00e9 reci\u00e9n filtrado<\/p>\n<p>Este combo inlcuye 1 cafetera a filtro + 1 caf\u00e9 molido Prodomo de 250g<\/p>","protected":false},"featured_media":8220,"template":"","meta":{"_acf_changed":false,"_monsterinsights_skip_tracking":false,"_monsterinsights_sitenote_active":false,"_monsterinsights_sitenote_note":"","_monsterinsights_sitenote_category":0,"_themeisle_gutenberg_block_has_review":false},"pwb-brand":[],"product_brand":[],"product_cat":[252,50],"product_tag":[190,189,51,192,197,191],"class_list":{"0":"post-8051","1":"product","2":"type-product","3":"status-publish","4":"has-post-thumbnail","6":"product_cat-cafeteras-y-accesorios","7":"product_cat-products","8":"product_tag-cafe","9":"product_tag-cafetera","10":"product_tag-coffee","11":"product_tag-dallmayr","12":"product_tag-filtro","13":"product_tag-paraguay","15":"first","16":"instock","17":"shipping-taxable","18":"purchasable","19":"product-type-simple"},"acf":[],"aioseo_notices":[],"brands":[],"_links":{"self":[{"href":"https:\/\/finefoods.com.py\/es\/wp-json\/wp\/v2\/product\/8051","targetHints":{"allow":["GET"]}}],"collection":[{"href":"https:\/\/finefoods.com.py\/es\/wp-json\/wp\/v2\/product"}],"about":[{"href":"https:\/\/finefoods.com.py\/es\/wp-json\/wp\/v2\/types\/product"}],"wp:featuredmedia":[{"embeddable":true,"href":"https:\/\/finefoods.com.py\/es\/wp-json\/wp\/v2\/media\/8220"}],"wp:attachment":[{"href":"https:\/\/finefoods.com.py\/es\/wp-json\/wp\/v2\/media?parent=8051"}],"wp:term":[{"taxonomy":"pwb-brand","embeddable":true,"href":"https:\/\/finefoods.com.py\/es\/wp-json\/wp\/v2\/pwb-brand?post=8051"},{"taxonomy":"product_brand","embeddable":true,"href":"https:\/\/finefoods.com.py\/es\/wp-json\/wp\/v2\/product_brand?post=8051"},{"taxonomy":"product_cat","embeddable":true,"href":"https:\/\/finefoods.com.py\/es\/wp-json\/wp\/v2\/product_cat?post=8051"},{"taxonomy":"product_tag","embeddable":true,"href":"https:\/\/finefoods.com.py\/es\/wp-json\/wp\/v2\/product_tag?post=8051"}],"curies":[{"name":"wp","href":"https:\/\/api.w.org\/{rel}","templated":true}]}}