{"id":8060,"date":"2023-04-17T11:32:45","date_gmt":"2023-04-17T15:32:45","guid":{"rendered":"https:\/\/finefoods.com.py\/?post_type=product&#038;p=8060"},"modified":"2025-06-02T15:36:30","modified_gmt":"2025-06-02T19:36:30","slug":"moledor-de-granos-1-cafe-en-granos-crema-doro-200g","status":"publish","type":"product","link":"https:\/\/finefoods.com.py\/es\/product\/moledor-de-granos-1-cafe-en-granos-crema-doro-200g\/","title":{"rendered":"Combo Moledor de granos  + 1 caf\u00e9 en granos Crema d&#8217;Oro 200g"},"content":{"rendered":"<p><span class=\"S1PPyQ\">Muy variadas posibilidades de uso gracias a unas cuchillas potentes y de alta calidad de acero inoxidable: adecuado para moler granos de caf\u00e9, especias, nueces y mucho m\u00e1s.<\/span><\/p>","protected":false},"excerpt":{"rendered":"<p>Nada mejor que un caf\u00e9 reci\u00e9n molido<\/p>\n<p>Obt\u00e9n la mejor experiencia de caf\u00e9 con este molino de granos de caf\u00e9<\/p>\n<p>El combo incluye 1 paquete de granos Dallmayr Crema d&#8217;Oro 200g<\/p>","protected":false},"featured_media":8387,"template":"","meta":{"_acf_changed":false,"_monsterinsights_skip_tracking":false,"_monsterinsights_sitenote_active":false,"_monsterinsights_sitenote_note":"","_monsterinsights_sitenote_category":0,"_themeisle_gutenberg_block_has_review":false},"pwb-brand":[],"product_brand":[],"product_cat":[252,62,50],"product_tag":[190,189,225,255],"class_list":{"0":"post-8060","1":"product","2":"type-product","3":"status-publish","4":"has-post-thumbnail","6":"product_cat-cafeteras-y-accesorios","7":"product_cat-offers","8":"product_cat-products","9":"product_tag-cafe","10":"product_tag-cafetera","11":"product_tag-granos","12":"product_tag-moledor","14":"first","15":"outofstock","16":"shipping-taxable","17":"purchasable","18":"product-type-simple"},"acf":[],"aioseo_notices":[],"brands":[],"_links":{"self":[{"href":"https:\/\/finefoods.com.py\/es\/wp-json\/wp\/v2\/product\/8060","targetHints":{"allow":["GET"]}}],"collection":[{"href":"https:\/\/finefoods.com.py\/es\/wp-json\/wp\/v2\/product"}],"about":[{"href":"https:\/\/finefoods.com.py\/es\/wp-json\/wp\/v2\/types\/product"}],"wp:featuredmedia":[{"embeddable":true,"href":"https:\/\/finefoods.com.py\/es\/wp-json\/wp\/v2\/media\/8387"}],"wp:attachment":[{"href":"https:\/\/finefoods.com.py\/es\/wp-json\/wp\/v2\/media?parent=8060"}],"wp:term":[{"taxonomy":"pwb-brand","embeddable":true,"href":"https:\/\/finefoods.com.py\/es\/wp-json\/wp\/v2\/pwb-brand?post=8060"},{"taxonomy":"product_brand","embeddable":true,"href":"https:\/\/finefoods.com.py\/es\/wp-json\/wp\/v2\/product_brand?post=8060"},{"taxonomy":"product_cat","embeddable":true,"href":"https:\/\/finefoods.com.py\/es\/wp-json\/wp\/v2\/product_cat?post=8060"},{"taxonomy":"product_tag","embeddable":true,"href":"https:\/\/finefoods.com.py\/es\/wp-json\/wp\/v2\/product_tag?post=8060"}],"curies":[{"name":"wp","href":"https:\/\/api.w.org\/{rel}","templated":true}]}}