{"id":8067,"date":"2023-04-17T14:43:33","date_gmt":"2023-04-17T18:43:33","guid":{"rendered":"https:\/\/finefoods.com.py\/?post_type=product&#038;p=8067"},"modified":"2026-03-03T09:00:38","modified_gmt":"2026-03-03T12:00:38","slug":"espumador-de-leche-ariete-vintage-beige","status":"publish","type":"product","link":"https:\/\/finefoods.com.py\/es\/product\/espumador-de-leche-ariete-vintage-beige\/","title":{"rendered":"Espumador de leche Ariete Vintage Beige"},"content":{"rendered":"<p>Este espumador de leche es multifunci\u00f3n, f\u00e1cil de usar, con una potencia de 500 W y una capacidad de 140 ml para hacer espuma con la leche y 250 ml La leche caliente. La tapa transparente permite comprobar la espuma con la leche y con un solo bot\u00f3n, puede empezar a 2 funciones: espuma fr\u00eda y caliente. Es perfecto para preparar bebidas en cada momento diferentes: crema de leche y caf\u00e9, capuchino, Heavy, agite, caf\u00e9, chocolate caliente y fr\u00eda. La cubierta antiadherente hace la limpieza muy f\u00e1cil. Se apaga autom\u00e1ticamente y se mantiene el externo caras fr\u00edo.<\/p>","protected":false},"excerpt":{"rendered":"<p>Este espumador de leche es multifunci\u00f3n, f\u00e1cil de usar, con una potencia de 500 W y una capacidad de 140 ml para hacer espuma con la leche y 250 ml La leche caliente. La tapa transparente permite comprobar la espuma con la leche y con un solo bot\u00f3n, puede empezar a 2 funciones: espuma fr\u00eda y caliente.<\/p>\n<p>Es perfecto para preparar bebidas en cada momento diferentes: crema de leche y caf\u00e9, capuchino, Heavy, agite, caf\u00e9, chocolate caliente y fr\u00eda. La cubierta antiadherente hace la limpieza muy f\u00e1cil. Se apaga autom\u00e1ticamente y se mantiene el externo caras fr\u00edo.<\/p>","protected":false},"featured_media":8058,"template":"","meta":{"_acf_changed":false,"_monsterinsights_skip_tracking":false,"_monsterinsights_sitenote_active":false,"_monsterinsights_sitenote_note":"","_monsterinsights_sitenote_category":0,"_themeisle_gutenberg_block_has_review":false},"pwb-brand":[],"product_brand":[],"product_cat":[252,62,50],"product_tag":[190,253,114,191],"class_list":{"0":"post-8067","1":"product","2":"type-product","3":"status-publish","4":"has-post-thumbnail","6":"product_cat-cafeteras-y-accesorios","7":"product_cat-offers","8":"product_cat-products","9":"product_tag-cafe","10":"product_tag-espumador","11":"product_tag-leche","12":"product_tag-paraguay","14":"first","15":"instock","16":"shipping-taxable","17":"purchasable","18":"product-type-simple"},"acf":[],"aioseo_notices":[],"brands":[],"_links":{"self":[{"href":"https:\/\/finefoods.com.py\/es\/wp-json\/wp\/v2\/product\/8067","targetHints":{"allow":["GET"]}}],"collection":[{"href":"https:\/\/finefoods.com.py\/es\/wp-json\/wp\/v2\/product"}],"about":[{"href":"https:\/\/finefoods.com.py\/es\/wp-json\/wp\/v2\/types\/product"}],"wp:featuredmedia":[{"embeddable":true,"href":"https:\/\/finefoods.com.py\/es\/wp-json\/wp\/v2\/media\/8058"}],"wp:attachment":[{"href":"https:\/\/finefoods.com.py\/es\/wp-json\/wp\/v2\/media?parent=8067"}],"wp:term":[{"taxonomy":"pwb-brand","embeddable":true,"href":"https:\/\/finefoods.com.py\/es\/wp-json\/wp\/v2\/pwb-brand?post=8067"},{"taxonomy":"product_brand","embeddable":true,"href":"https:\/\/finefoods.com.py\/es\/wp-json\/wp\/v2\/product_brand?post=8067"},{"taxonomy":"product_cat","embeddable":true,"href":"https:\/\/finefoods.com.py\/es\/wp-json\/wp\/v2\/product_cat?post=8067"},{"taxonomy":"product_tag","embeddable":true,"href":"https:\/\/finefoods.com.py\/es\/wp-json\/wp\/v2\/product_tag?post=8067"}],"curies":[{"name":"wp","href":"https:\/\/api.w.org\/{rel}","templated":true}]}}