{"id":8069,"date":"2023-04-17T14:50:14","date_gmt":"2023-04-17T18:50:14","guid":{"rendered":"https:\/\/finefoods.com.py\/?post_type=product&#038;p=8069"},"modified":"2025-08-14T08:57:23","modified_gmt":"2025-08-14T12:57:23","slug":"moledor-de-granos-severin","status":"publish","type":"product","link":"https:\/\/finefoods.com.py\/es\/product\/moledor-de-granos-severin\/","title":{"rendered":"Moledor de granos Severin"},"content":{"rendered":"<p>Nada mejor que un caf\u00e9 reci\u00e9n molido<\/p>\n<p>Obt\u00e9n la mejor experiencia de caf\u00e9 con este molino de granos de caf\u00e9 de origen alem\u00e1n<\/p>\n<p>Muy variadas posibilidades de uso gracias a unas cuchillas potentes y de alta calidad de acero inoxidable: adecuado para moler granos de caf\u00e9, especias, nueces y mucho m\u00e1s.<\/p>","protected":false},"excerpt":{"rendered":"<p>Nada mejor que un caf\u00e9 reci\u00e9n molido<\/p>\n<p>Obt\u00e9n la mejor experiencia de caf\u00e9 con este molino de granos de caf\u00e9 de origen alem\u00e1n<\/p>\n<p>Muy variadas posibilidades de uso gracias a unas cuchillas potentes y de alta calidad de acero inoxidable: adecuado para moler granos de caf\u00e9, especias, nueces y mucho m\u00e1s.<\/p>","protected":false},"featured_media":8061,"template":"","meta":{"_acf_changed":false,"_monsterinsights_skip_tracking":false,"_monsterinsights_sitenote_active":false,"_monsterinsights_sitenote_note":"","_monsterinsights_sitenote_category":0,"_themeisle_gutenberg_block_has_review":false},"pwb-brand":[],"product_brand":[],"product_cat":[252,62,50],"product_tag":[190,234,189,225,255,191],"class_list":{"0":"post-8069","1":"product","2":"type-product","3":"status-publish","4":"has-post-thumbnail","6":"product_cat-cafeteras-y-accesorios","7":"product_cat-offers","8":"product_cat-products","9":"product_tag-cafe","10":"product_tag-cafe-de-especialidad","11":"product_tag-cafetera","12":"product_tag-granos","13":"product_tag-moledor","14":"product_tag-paraguay","16":"first","17":"onbackorder","18":"shipping-taxable","19":"purchasable","20":"product-type-simple"},"acf":[],"aioseo_notices":[],"brands":[],"_links":{"self":[{"href":"https:\/\/finefoods.com.py\/es\/wp-json\/wp\/v2\/product\/8069","targetHints":{"allow":["GET"]}}],"collection":[{"href":"https:\/\/finefoods.com.py\/es\/wp-json\/wp\/v2\/product"}],"about":[{"href":"https:\/\/finefoods.com.py\/es\/wp-json\/wp\/v2\/types\/product"}],"wp:featuredmedia":[{"embeddable":true,"href":"https:\/\/finefoods.com.py\/es\/wp-json\/wp\/v2\/media\/8061"}],"wp:attachment":[{"href":"https:\/\/finefoods.com.py\/es\/wp-json\/wp\/v2\/media?parent=8069"}],"wp:term":[{"taxonomy":"pwb-brand","embeddable":true,"href":"https:\/\/finefoods.com.py\/es\/wp-json\/wp\/v2\/pwb-brand?post=8069"},{"taxonomy":"product_brand","embeddable":true,"href":"https:\/\/finefoods.com.py\/es\/wp-json\/wp\/v2\/product_brand?post=8069"},{"taxonomy":"product_cat","embeddable":true,"href":"https:\/\/finefoods.com.py\/es\/wp-json\/wp\/v2\/product_cat?post=8069"},{"taxonomy":"product_tag","embeddable":true,"href":"https:\/\/finefoods.com.py\/es\/wp-json\/wp\/v2\/product_tag?post=8069"}],"curies":[{"name":"wp","href":"https:\/\/api.w.org\/{rel}","templated":true}]}}