{"id":8075,"date":"2023-04-17T15:16:24","date_gmt":"2023-04-17T19:16:24","guid":{"rendered":"https:\/\/finefoods.com.py\/?post_type=product&#038;p=8075"},"modified":"2025-08-06T13:11:54","modified_gmt":"2025-08-06T17:11:54","slug":"cafetera-evo-delonghi-full-automatica-1-cafe-en-granos-espresso-doro-200g-gratis","status":"publish","type":"product","link":"https:\/\/finefoods.com.py\/es\/product\/cafetera-evo-delonghi-full-automatica-1-cafe-en-granos-espresso-doro-200g-gratis\/","title":{"rendered":"Cafetera Evo Delonghi Full Autom\u00e1tica + 1 caf\u00e9 en granos Crema d&#8217;Oro 200g gratis"},"content":{"rendered":"<p class=\"_04xlpA direction-ltr align-center para-style-body\"><span class=\"S1PPyQ\">Variedad de bebidas: hasta 7 recetas a base de caf\u00e9 de un solo toque, de granos reci\u00e9n molidos<\/span><\/p>\n<p class=\"_04xlpA direction-ltr align-center para-style-body\"><span class=\"S1PPyQ\">LatteCremaSystem para preparaciones autom\u00e1ticas de leche. F\u00e1cil de usar gracias al nuevo panel de control de color con iconos de colores. Espumador de leche manual para preparaciones de leche o agua caliente para t\u00e9s e infusiones. F\u00e1cil limpieza: f\u00e1cil mantenimiento y limpieza, con funci\u00f3n de limpieza autom\u00e1tica<\/span><\/p>","protected":false},"excerpt":{"rendered":"<h4 id=\"title\" class=\"a-size-large a-spacing-none\"><span id=\"productTitle\" class=\"a-size-large product-title-word-break\">Cafetera con Espumador para Cappuccino y Bebidas con Leche, 5 Bebidas, Molinillo Integrado y Panel de Control Soft Touch<\/span><\/h4>\n<p><span class=\"S1PPyQ\">Cafetera Evo Delonghi Full Autom\u00e1tica es una cafetera de or\u00edgen italiano que muele los granos al instante y prepara 7 variedades de caf\u00e9<\/span><\/p>\n<h5 class=\"a-size-base-plus a-text-bold\">Acerca de este producto<\/h5>\n<ul class=\"a-unordered-list a-vertical a-spacing-mini\">\n<li class=\"a-spacing-mini\"><span class=\"a-list-item\">VARIEDAD DE BEBIDAS &#8211; Hasta 7 recetas de caf\u00e9 con un toque, a partir de granos reci\u00e9n molidos<\/span><\/li>\n<li class=\"a-spacing-mini\"><span class=\"a-list-item\">LatteCremaSystem para la preparaci\u00f3n autom\u00e1ticas con leche. Facilidad de uso gracias al nuevo panel de control con iconos de colores<\/span><\/li>\n<li class=\"a-spacing-mini\"><span class=\"a-list-item\">ESPUMADOR DE LECHE &#8211; Espumador de leche manual para preparaciones con leche o agua caliente para t\u00e9s e infusiones<\/span><\/li>\n<li class=\"a-spacing-mini\"><span class=\"a-list-item\">FACILIDAD DE USO gracias al nuevo panel de control con iconos de colores<\/span><\/li>\n<li class=\"a-spacing-mini\"><span class=\"a-list-item\">F\u00c1CIL LIMPIEZA &#8211; F\u00e1cil mantenimiento y limpieza, con funci\u00f3n de limpieza autom\u00e1tica y componentes aptos para el lavavajillas<\/span><\/li>\n<\/ul>\n<p><strong>Consultar opciones de pago a cuotas al 0974214377<\/strong><\/p>","protected":false},"featured_media":8218,"template":"","meta":{"_acf_changed":false,"_monsterinsights_skip_tracking":false,"_monsterinsights_sitenote_active":false,"_monsterinsights_sitenote_note":"","_monsterinsights_sitenote_category":0,"_themeisle_gutenberg_block_has_review":false},"pwb-brand":[],"product_brand":[],"product_cat":[252,62,50],"product_tag":[256,190,189,192,257,191],"class_list":{"0":"post-8075","1":"product","2":"type-product","3":"status-publish","4":"has-post-thumbnail","6":"product_cat-cafeteras-y-accesorios","7":"product_cat-offers","8":"product_cat-products","9":"product_tag-automatica","10":"product_tag-cafe","11":"product_tag-cafetera","12":"product_tag-dallmayr","13":"product_tag-delonghi","14":"product_tag-paraguay","16":"first","17":"onbackorder","18":"shipping-taxable","19":"purchasable","20":"product-type-simple"},"acf":[],"aioseo_notices":[],"brands":[],"_links":{"self":[{"href":"https:\/\/finefoods.com.py\/es\/wp-json\/wp\/v2\/product\/8075","targetHints":{"allow":["GET"]}}],"collection":[{"href":"https:\/\/finefoods.com.py\/es\/wp-json\/wp\/v2\/product"}],"about":[{"href":"https:\/\/finefoods.com.py\/es\/wp-json\/wp\/v2\/types\/product"}],"wp:featuredmedia":[{"embeddable":true,"href":"https:\/\/finefoods.com.py\/es\/wp-json\/wp\/v2\/media\/8218"}],"wp:attachment":[{"href":"https:\/\/finefoods.com.py\/es\/wp-json\/wp\/v2\/media?parent=8075"}],"wp:term":[{"taxonomy":"pwb-brand","embeddable":true,"href":"https:\/\/finefoods.com.py\/es\/wp-json\/wp\/v2\/pwb-brand?post=8075"},{"taxonomy":"product_brand","embeddable":true,"href":"https:\/\/finefoods.com.py\/es\/wp-json\/wp\/v2\/product_brand?post=8075"},{"taxonomy":"product_cat","embeddable":true,"href":"https:\/\/finefoods.com.py\/es\/wp-json\/wp\/v2\/product_cat?post=8075"},{"taxonomy":"product_tag","embeddable":true,"href":"https:\/\/finefoods.com.py\/es\/wp-json\/wp\/v2\/product_tag?post=8075"}],"curies":[{"name":"wp","href":"https:\/\/api.w.org\/{rel}","templated":true}]}}