{"id":8100,"date":"2023-05-11T08:47:32","date_gmt":"2023-05-11T12:47:32","guid":{"rendered":"https:\/\/finefoods.com.py\/?post_type=product&#038;p=8100"},"modified":"2025-06-03T08:40:49","modified_gmt":"2025-06-03T12:40:49","slug":"combo-1-cafe-molido-ethiopian-crown-1-cafe-instantaneo-dallmayr-gold","status":"publish","type":"product","link":"https:\/\/finefoods.com.py\/es\/product\/combo-1-cafe-molido-ethiopian-crown-1-cafe-instantaneo-dallmayr-gold\/","title":{"rendered":"Combo 1 caf\u00e9 molido Ethiopian Crown + 1 caf\u00e9 instant\u00e1neo Dallmayr Gold"},"content":{"rendered":"<p>\u00bfQue esper\u00e1s para probar un buen caf\u00e9 alem\u00e1n?<\/p>\n<p>El caf\u00e9 molido <strong>Ethiopian Crown:<\/strong> es un inconfundible sabor gourmet, aroma elegante, sabor especiado con cuerpo y acidez equilibrada.<\/p>\n<p>Para uso en cafeteras de filtro, autom\u00e1ticas o de prensa francesa.<\/p>\n<p>Presentaci\u00f3n en tarro herm\u00e9tico de lata de 500g, envasado en atm\u00f3sfera modificada.<\/p>\n<p>El caf\u00e9 <strong>instant\u00e1neo Gold: <\/strong>es un blend elegante de granos 100% arpabica con mucho cuerpo y aroma completo. Ideal para los amantes del caf\u00e9 que valoran la calidad junto con una preparaci\u00f3n r\u00e1pida y f\u00e1cil.<\/p>","protected":false},"excerpt":{"rendered":"<p>El combo perfecto para regalar o autoregalarte<\/p>\n<p>El caf\u00e9 molido <strong>Ethiopian Crown:<\/strong> es un inconfundible sabor gourmet, aroma elegante, sabor especiado con cuerpo y acidez equilibrada.<\/p>\n<p>Para uso en cafeteras de filtro, autom\u00e1ticas o de prensa francesa.<\/p>\n<p>Presentaci\u00f3n en tarro herm\u00e9tico de lata de 500g, envasado en atm\u00f3sfera modificada.<\/p>\n<p>El caf\u00e9 <strong>instant\u00e1neo Gold: <\/strong>es un blend elegante de granos 100% arpabica con mucho cuerpo y aroma completo. Ideal para los amantes del caf\u00e9 que valoran la calidad junto con una preparaci\u00f3n r\u00e1pida y f\u00e1cil.<\/p>","protected":false},"featured_media":8101,"template":"","meta":{"_acf_changed":false,"_monsterinsights_skip_tracking":false,"_monsterinsights_sitenote_active":false,"_monsterinsights_sitenote_note":"","_monsterinsights_sitenote_category":0,"_themeisle_gutenberg_block_has_review":false},"pwb-brand":[142],"product_brand":[],"product_cat":[49,62,50],"product_tag":[190,259,192,237,63,260,261],"class_list":{"0":"post-8100","1":"product","2":"type-product","3":"status-publish","4":"has-post-thumbnail","6":"pwb-brand-dallmayr","7":"product_cat-coffee","8":"product_cat-offers","9":"product_cat-products","10":"product_tag-cafe","11":"product_tag-combo","12":"product_tag-dallmayr","13":"product_tag-etiopia","14":"product_tag-gold","15":"product_tag-instantaneo","16":"product_tag-molido","18":"first","19":"outofstock","20":"shipping-taxable","21":"purchasable","22":"product-type-simple"},"acf":[],"aioseo_notices":[],"brands":[{"id":142,"name":"Dallmayr","slug":"dallmayr"}],"_links":{"self":[{"href":"https:\/\/finefoods.com.py\/es\/wp-json\/wp\/v2\/product\/8100","targetHints":{"allow":["GET"]}}],"collection":[{"href":"https:\/\/finefoods.com.py\/es\/wp-json\/wp\/v2\/product"}],"about":[{"href":"https:\/\/finefoods.com.py\/es\/wp-json\/wp\/v2\/types\/product"}],"wp:featuredmedia":[{"embeddable":true,"href":"https:\/\/finefoods.com.py\/es\/wp-json\/wp\/v2\/media\/8101"}],"wp:attachment":[{"href":"https:\/\/finefoods.com.py\/es\/wp-json\/wp\/v2\/media?parent=8100"}],"wp:term":[{"taxonomy":"pwb-brand","embeddable":true,"href":"https:\/\/finefoods.com.py\/es\/wp-json\/wp\/v2\/pwb-brand?post=8100"},{"taxonomy":"product_brand","embeddable":true,"href":"https:\/\/finefoods.com.py\/es\/wp-json\/wp\/v2\/product_brand?post=8100"},{"taxonomy":"product_cat","embeddable":true,"href":"https:\/\/finefoods.com.py\/es\/wp-json\/wp\/v2\/product_cat?post=8100"},{"taxonomy":"product_tag","embeddable":true,"href":"https:\/\/finefoods.com.py\/es\/wp-json\/wp\/v2\/product_tag?post=8100"}],"curies":[{"name":"wp","href":"https:\/\/api.w.org\/{rel}","templated":true}]}}