{"id":8129,"date":"2023-06-23T09:49:06","date_gmt":"2023-06-23T13:49:06","guid":{"rendered":"https:\/\/finefoods.com.py\/?post_type=product&#038;p=8129"},"modified":"2026-03-03T08:59:34","modified_gmt":"2026-03-03T11:59:34","slug":"chemex-filtros-de-papel-cuadrados","status":"publish","type":"product","link":"https:\/\/finefoods.com.py\/es\/product\/chemex-filtros-de-papel-cuadrados\/","title":{"rendered":"Pack CHEMEX Filtros de Papel Cuadrados (100 unidades)"},"content":{"rendered":"<div class=\"_1jLJr\">\n<p class=\"Text3027143737__root Text3027143737---typography-11-runningText Text3027143737---priority-7-primary s8gg2 _3HarN InfoSectionTitle3095652555__root\" aria-hidden=\"false\" data-hook=\"info-section-title\">DETALLES<\/p>\n<\/div>\n<div class=\"_2qtYo fggS- cell\" dir=\"ltr\">\n<div class=\"WncCi\" data-hook=\"info-section-description\">\n<ul>\n<li>100 filtros por paquete.<\/li>\n<li>FS-100<\/li>\n<\/ul>\n<p>Todas las cafeteras CHEMEX\u00ae utilizadas junto con los filtros adheridos CHEMEX\u00ae patentados y cient\u00edficamente dise\u00f1ados garantizar\u00e1n que nuestro proceso de preparaci\u00f3n de pourover entregar\u00e1 la taza de caf\u00e9 perfecta, sin sedimentos ni elementos amargos.<\/p>\n<\/div>\n<\/div>","protected":false},"excerpt":{"rendered":"<p>\u00bfQu\u00e9 hace que los filtros adheridos CHEMEX\u00ae sean el verdadero negocio?<\/p>\n<ul>\n<li>La forma de cono asegura una extracci\u00f3n uniforme para un sabor a caf\u00e9 puro<\/li>\n<li>El dise\u00f1o de filtro de fibra especial m\u00e1s grueso (20-30% m\u00e1s que el de la competencia) mantiene los elementos amargos, aceites y posos en su lugar (y fuera de su taza)<\/li>\n<li>Predoblado para mayor comodidad<\/li>\n<li>Se adapta a la mayor\u00eda de las otras cafeteras con filtro en forma de cono<\/li>\n<li>Elimina impurezas, acidez, elementos amargos y poco saludables del caf\u00e9. En su taza preparada encontrar\u00e1 solo la cafe\u00edna y los aceites arom\u00e1ticos deseables de los granos de caf\u00e9.<\/li>\n<li>La limpieza con ox\u00edgeno es un proceso sin lej\u00eda, lo que garantiza que no se impartan residuos qu\u00edmicos o sabor al filtro.<\/li>\n<li>Funciona bien con todo tipo de asados, \u00a1incluso con t\u00e9! Permiti\u00e9ndote hacer la taza perfecta y m\u00e1s pura, en todo momento.<\/li>\n<li>El sistema de preparaci\u00f3n de la cafetera CHEMEX\u00ae es un m\u00e9todo preferido por tostadores y baristas de todo el mundo.<\/li>\n<li>Nuestro papel de filtro se fabrica en los EE. UU. Y utiliza solo materiales de EE. UU. Cosechado responsablemente y conforme a los programas sostenibles de SFI, FSC y PEFC<\/li>\n<li>Compostable y biodegradable<\/li>\n<li>F\u00e1cil limpieza. Sin bandejas, sin cestas, simplemente retire el filtro y des\u00e9chelo<\/li>\n<\/ul>\n<p>Se adapta a todas las cafeteras CHEMEX\u00ae excepto la Serie Class de 3\u00a0Tazas (CM-1C), la Serie Handblown de 3\u00a0Tazas (CM-1), la Serie de Mango de Vidrio de 3\u00a0Tazas (CM-1GH) y la Serie Funnex (CM-FNX)<\/p>","protected":false},"featured_media":8130,"template":"","meta":{"_acf_changed":false,"_monsterinsights_skip_tracking":false,"_monsterinsights_sitenote_active":false,"_monsterinsights_sitenote_note":"","_monsterinsights_sitenote_category":0,"_themeisle_gutenberg_block_has_review":false},"pwb-brand":[],"product_brand":[],"product_cat":[252],"product_tag":[190,189,266,197,191],"class_list":{"0":"post-8129","1":"product","2":"type-product","3":"status-publish","4":"has-post-thumbnail","6":"product_cat-cafeteras-y-accesorios","7":"product_tag-cafe","8":"product_tag-cafetera","9":"product_tag-chemex","10":"product_tag-filtro","11":"product_tag-paraguay","13":"first","14":"instock","15":"shipping-taxable","16":"purchasable","17":"product-type-simple"},"acf":[],"aioseo_notices":[],"brands":[],"_links":{"self":[{"href":"https:\/\/finefoods.com.py\/es\/wp-json\/wp\/v2\/product\/8129","targetHints":{"allow":["GET"]}}],"collection":[{"href":"https:\/\/finefoods.com.py\/es\/wp-json\/wp\/v2\/product"}],"about":[{"href":"https:\/\/finefoods.com.py\/es\/wp-json\/wp\/v2\/types\/product"}],"wp:featuredmedia":[{"embeddable":true,"href":"https:\/\/finefoods.com.py\/es\/wp-json\/wp\/v2\/media\/8130"}],"wp:attachment":[{"href":"https:\/\/finefoods.com.py\/es\/wp-json\/wp\/v2\/media?parent=8129"}],"wp:term":[{"taxonomy":"pwb-brand","embeddable":true,"href":"https:\/\/finefoods.com.py\/es\/wp-json\/wp\/v2\/pwb-brand?post=8129"},{"taxonomy":"product_brand","embeddable":true,"href":"https:\/\/finefoods.com.py\/es\/wp-json\/wp\/v2\/product_brand?post=8129"},{"taxonomy":"product_cat","embeddable":true,"href":"https:\/\/finefoods.com.py\/es\/wp-json\/wp\/v2\/product_cat?post=8129"},{"taxonomy":"product_tag","embeddable":true,"href":"https:\/\/finefoods.com.py\/es\/wp-json\/wp\/v2\/product_tag?post=8129"}],"curies":[{"name":"wp","href":"https:\/\/api.w.org\/{rel}","templated":true}]}}