{"id":8182,"date":"2023-10-27T08:13:06","date_gmt":"2023-10-27T11:13:06","guid":{"rendered":"https:\/\/finefoods.com.py\/?post_type=product&#038;p=8182"},"modified":"2026-03-03T08:58:58","modified_gmt":"2026-03-03T11:58:58","slug":"hario-v60-craft-coffee-maker","status":"publish","type":"product","link":"https:\/\/finefoods.com.py\/es\/product\/hario-v60-craft-coffee-maker\/","title":{"rendered":"HARIO V60 Craft Coffee Maker"},"content":{"rendered":"<ul>\n<li>Capacidad : 1-4 tazas<\/li>\n<li>Dimensiones (a x p x h)\u00a0:\u00a017cm x 12,5cm x 22cm<\/li>\n<li>Materiales : Resina de acrilonitrilo-estireno (V60)\u00a0&#8211;\u00a0Vidrio resistente al calor (Jarra) &#8211; Polipropileno (Tapa y Asa) &#8211; Caucho de silicona (Buje)\u00a0&#8211; Polipropileno (Cuchara dosificadora)<\/li>\n<\/ul>","protected":false},"excerpt":{"rendered":"<p><strong>Kit de Iniciaci\u00f3n<\/strong><\/p>\n<p>Un juego de caf\u00e9 elegante, moderno y minimalista para adaptarse a cualquier dise\u00f1o de cocina.\u00a0Todo lo que necesitas para una taza de caf\u00e9 profesional en casa o en el trabajo, solo tienes que a\u00f1adir caf\u00e9 y agua.<\/p>\n<p>La configuraci\u00f3n perfecta para principiantes para ti o como regalo. Ideal para aquellos nuevos para\u00a0preparar caf\u00e9 de forma manual.<\/p>","protected":false},"featured_media":8183,"template":"","meta":{"_acf_changed":false,"_monsterinsights_skip_tracking":false,"_monsterinsights_sitenote_active":false,"_monsterinsights_sitenote_note":"","_monsterinsights_sitenote_category":0,"_themeisle_gutenberg_block_has_review":false},"pwb-brand":[],"product_brand":[],"product_cat":[252,62,50],"product_tag":[190,189,191,277],"class_list":{"0":"post-8182","1":"product","2":"type-product","3":"status-publish","4":"has-post-thumbnail","6":"product_cat-cafeteras-y-accesorios","7":"product_cat-offers","8":"product_cat-products","9":"product_tag-cafe","10":"product_tag-cafetera","11":"product_tag-paraguay","12":"product_tag-v60","14":"first","15":"instock","16":"shipping-taxable","17":"purchasable","18":"product-type-simple"},"acf":[],"aioseo_notices":[],"brands":[],"_links":{"self":[{"href":"https:\/\/finefoods.com.py\/es\/wp-json\/wp\/v2\/product\/8182","targetHints":{"allow":["GET"]}}],"collection":[{"href":"https:\/\/finefoods.com.py\/es\/wp-json\/wp\/v2\/product"}],"about":[{"href":"https:\/\/finefoods.com.py\/es\/wp-json\/wp\/v2\/types\/product"}],"wp:featuredmedia":[{"embeddable":true,"href":"https:\/\/finefoods.com.py\/es\/wp-json\/wp\/v2\/media\/8183"}],"wp:attachment":[{"href":"https:\/\/finefoods.com.py\/es\/wp-json\/wp\/v2\/media?parent=8182"}],"wp:term":[{"taxonomy":"pwb-brand","embeddable":true,"href":"https:\/\/finefoods.com.py\/es\/wp-json\/wp\/v2\/pwb-brand?post=8182"},{"taxonomy":"product_brand","embeddable":true,"href":"https:\/\/finefoods.com.py\/es\/wp-json\/wp\/v2\/product_brand?post=8182"},{"taxonomy":"product_cat","embeddable":true,"href":"https:\/\/finefoods.com.py\/es\/wp-json\/wp\/v2\/product_cat?post=8182"},{"taxonomy":"product_tag","embeddable":true,"href":"https:\/\/finefoods.com.py\/es\/wp-json\/wp\/v2\/product_tag?post=8182"}],"curies":[{"name":"wp","href":"https:\/\/api.w.org\/{rel}","templated":true}]}}