{"id":8193,"date":"2023-10-27T08:18:24","date_gmt":"2023-10-27T11:18:24","guid":{"rendered":"https:\/\/finefoods.com.py\/?post_type=product&#038;p=8193"},"modified":"2026-03-03T08:58:21","modified_gmt":"2026-03-03T11:58:21","slug":"hario-v60-white-n02","status":"publish","type":"product","link":"https:\/\/finefoods.com.py\/es\/product\/hario-v60-white-n02\/","title":{"rendered":"HARIO V60 White N02"},"content":{"rendered":"<ul>\n<li>Capacidad : 1-4 tazas<\/li>\n<li>Dimensiones (a x p x h)\u00a0:\u00a013,7cm x 11,6cm x 10,2cm<\/li>\n<li>Peso : 200g (aprox.)<\/li>\n<li>Materiales : Resina de acrilonitrilo-estireno\u00a0(V60)\u00a0&#8211; Polipropileno\u00a0(Cuchara dosificadora)<\/li>\n<\/ul>","protected":false},"excerpt":{"rendered":"<p><strong>Ampliamente reconocido en todo el mundo, el V60.<\/strong><\/p>\n<p>\u00bfPor qu\u00e9 la forma de cono? El filtro de papel en forma de cono agrega profundidad a la capa de caf\u00e9, de modo que el agua fluye hacia el centro, extendiendo la cantidad de tiempo que est\u00e1 en contacto con el caf\u00e9 molido.<\/p>","protected":false},"featured_media":8189,"template":"","meta":{"_acf_changed":false,"_monsterinsights_skip_tracking":false,"_monsterinsights_sitenote_active":false,"_monsterinsights_sitenote_note":"","_monsterinsights_sitenote_category":0,"_themeisle_gutenberg_block_has_review":false},"pwb-brand":[],"product_brand":[],"product_cat":[252,62,50],"product_tag":[189,191,277],"class_list":{"0":"post-8193","1":"product","2":"type-product","3":"status-publish","4":"has-post-thumbnail","6":"product_cat-cafeteras-y-accesorios","7":"product_cat-offers","8":"product_cat-products","9":"product_tag-cafetera","10":"product_tag-paraguay","11":"product_tag-v60","13":"first","14":"instock","15":"shipping-taxable","16":"purchasable","17":"product-type-simple"},"acf":[],"aioseo_notices":[],"brands":[],"_links":{"self":[{"href":"https:\/\/finefoods.com.py\/es\/wp-json\/wp\/v2\/product\/8193","targetHints":{"allow":["GET"]}}],"collection":[{"href":"https:\/\/finefoods.com.py\/es\/wp-json\/wp\/v2\/product"}],"about":[{"href":"https:\/\/finefoods.com.py\/es\/wp-json\/wp\/v2\/types\/product"}],"wp:featuredmedia":[{"embeddable":true,"href":"https:\/\/finefoods.com.py\/es\/wp-json\/wp\/v2\/media\/8189"}],"wp:attachment":[{"href":"https:\/\/finefoods.com.py\/es\/wp-json\/wp\/v2\/media?parent=8193"}],"wp:term":[{"taxonomy":"pwb-brand","embeddable":true,"href":"https:\/\/finefoods.com.py\/es\/wp-json\/wp\/v2\/pwb-brand?post=8193"},{"taxonomy":"product_brand","embeddable":true,"href":"https:\/\/finefoods.com.py\/es\/wp-json\/wp\/v2\/product_brand?post=8193"},{"taxonomy":"product_cat","embeddable":true,"href":"https:\/\/finefoods.com.py\/es\/wp-json\/wp\/v2\/product_cat?post=8193"},{"taxonomy":"product_tag","embeddable":true,"href":"https:\/\/finefoods.com.py\/es\/wp-json\/wp\/v2\/product_tag?post=8193"}],"curies":[{"name":"wp","href":"https:\/\/api.w.org\/{rel}","templated":true}]}}