{"id":8195,"date":"2023-10-27T08:24:34","date_gmt":"2023-10-27T11:24:34","guid":{"rendered":"https:\/\/finefoods.com.py\/?post_type=product&#038;p=8195"},"modified":"2026-03-03T08:57:26","modified_gmt":"2026-03-03T11:57:26","slug":"hario-v60-filtro-de-papel","status":"publish","type":"product","link":"https:\/\/finefoods.com.py\/es\/product\/hario-v60-filtro-de-papel\/","title":{"rendered":"HARIO V60 Filtro de Papel"},"content":{"rendered":"","protected":false},"excerpt":{"rendered":"<p>El Filtro\u00a0de Papel\u00a0exclusivos para el\u00a0V60 tama\u00f1o 02.<\/p>\n<p>El filtro de papel en forma de cono permite una filtraci\u00f3n uniforme y no deja que el flujo de agua encuentre ning\u00fan tipo de obst\u00e1culo, dando como resultado una bebida limpia y sabrosa (sin residuos), adem\u00e1s de resaltar algunas caracter\u00edsticas de el grano de caf\u00e9, como la acidez y el dulzor.<\/p>\n<p>Fabricado en papel celul\u00f3sico de alta calidad, en el gramaje ideal.<\/p>","protected":false},"featured_media":8197,"template":"","meta":{"_acf_changed":false,"_monsterinsights_skip_tracking":false,"_monsterinsights_sitenote_active":false,"_monsterinsights_sitenote_note":"","_monsterinsights_sitenote_category":0,"_themeisle_gutenberg_block_has_review":false},"pwb-brand":[],"product_brand":[],"product_cat":[252,50],"product_tag":[190,279,191,277],"class_list":{"0":"post-8195","1":"product","2":"type-product","3":"status-publish","4":"has-post-thumbnail","6":"product_cat-cafeteras-y-accesorios","7":"product_cat-products","8":"product_tag-cafe","9":"product_tag-filtros","10":"product_tag-paraguay","11":"product_tag-v60","13":"first","14":"instock","15":"shipping-taxable","16":"purchasable","17":"product-type-simple"},"acf":[],"aioseo_notices":[],"brands":[],"_links":{"self":[{"href":"https:\/\/finefoods.com.py\/es\/wp-json\/wp\/v2\/product\/8195","targetHints":{"allow":["GET"]}}],"collection":[{"href":"https:\/\/finefoods.com.py\/es\/wp-json\/wp\/v2\/product"}],"about":[{"href":"https:\/\/finefoods.com.py\/es\/wp-json\/wp\/v2\/types\/product"}],"wp:featuredmedia":[{"embeddable":true,"href":"https:\/\/finefoods.com.py\/es\/wp-json\/wp\/v2\/media\/8197"}],"wp:attachment":[{"href":"https:\/\/finefoods.com.py\/es\/wp-json\/wp\/v2\/media?parent=8195"}],"wp:term":[{"taxonomy":"pwb-brand","embeddable":true,"href":"https:\/\/finefoods.com.py\/es\/wp-json\/wp\/v2\/pwb-brand?post=8195"},{"taxonomy":"product_brand","embeddable":true,"href":"https:\/\/finefoods.com.py\/es\/wp-json\/wp\/v2\/product_brand?post=8195"},{"taxonomy":"product_cat","embeddable":true,"href":"https:\/\/finefoods.com.py\/es\/wp-json\/wp\/v2\/product_cat?post=8195"},{"taxonomy":"product_tag","embeddable":true,"href":"https:\/\/finefoods.com.py\/es\/wp-json\/wp\/v2\/product_tag?post=8195"}],"curies":[{"name":"wp","href":"https:\/\/api.w.org\/{rel}","templated":true}]}}