{"id":8198,"date":"2023-10-27T08:28:09","date_gmt":"2023-10-27T11:28:09","guid":{"rendered":"https:\/\/finefoods.com.py\/?post_type=product&#038;p=8198"},"modified":"2026-03-03T08:57:04","modified_gmt":"2026-03-03T11:57:04","slug":"pesa-basic-pro","status":"publish","type":"product","link":"https:\/\/finefoods.com.py\/es\/product\/pesa-basic-pro\/","title":{"rendered":"Balanza Basic Pro"},"content":{"rendered":"<p><strong>FLOW RATE:\u00a0<\/strong>incluye una medici\u00f3n de la tasa de flujo adem\u00e1s de un temporizador incorporado, que te\u00a0ayudar\u00e1 a refinar la velocidad y la fuerza de vertido mientras prepar\u00e1s\u00a0caf\u00e9 con sabor. La funci\u00f3n de temporizaci\u00f3n\u00a0se iniciar\u00e1 autom\u00e1ticamente cuando la b\u00e1scula detecte un cambio de peso.<\/p>\n<p><strong>R\u00c1PIDA Y PRECISA<\/strong>: en t\u00e9rminos de mediciones, esta b\u00e1scula de caf\u00e9 tiene un peso m\u00e1ximo de 2000 gramos y puede medir con precisi\u00f3n en intervalos de 0,1 gramos tan pronto como el sensor detecta un peso m\u00ednimo de 0,5 gramos.<\/p>\n<p><strong>TEMPORIZADOR PARA UNA MEJOR EXPERIENCIA<\/strong>: Esta b\u00e1scula de espresso digital incluye un temporizador incorporado para ayudarlo a seguir y repetir sus recetas con precisi\u00f3n o experimentar con diferentes tiempos de extracci\u00f3n. Tambi\u00e9n hay una funci\u00f3n de temporizaci\u00f3n autom\u00e1tica que se inicia autom\u00e1ticamente cuando la b\u00e1scula detecta un cambio de peso.<\/p>\n<p><strong>SE RECARGA\u00a0R\u00c1PIDAMENTE<\/strong>: esta b\u00e1scula cuenta con una bater\u00eda de litio incorporada, que puede durar hasta 24 horas y se recarga mediante el puerto USB tipo C. Adem\u00e1s, viene con una funci\u00f3n de apagado autom\u00e1tico despu\u00e9s de 3 minutos de inactividad y un interruptor f\u00edsico en el costado para ahorrar bater\u00eda.<\/p>\n<p><strong>DISE\u00d1O ELEGANTE PERO CLARO<\/strong>: Con pocos adornos, la b\u00e1scula de gramos cuenta con un dise\u00f1o limpio y moderno hecho con acr\u00edlico de alta calidad, que incluye una pantalla LED que est\u00e1 oculta a la vista hasta que la b\u00e1scula est\u00e1 en uso. Adem\u00e1s, un temporizador a la izquierda mientras que el bot\u00f3n de tara se encuentra a la derecha para evitar tocar accidentalmente.<\/p>\n<p><strong>COMPACTO Y LIGERO<\/strong>: mide 6 pulgadas x 5,1 pulgadas x 1 pulgadas y pesa solo 0,84 libras, es el tama\u00f1o ideal para guardar en una bolsa o maleta para viajar. Y puede usarlo principalmente para verter, as\u00ed como algunas m\u00e1quinas de caf\u00e9 espresso normales.<\/p>","protected":false},"excerpt":{"rendered":"<h3 id=\"title\" class=\"a-size-large a-spacing-none\"><span id=\"productTitle\" class=\"a-size-large product-title-word-break\">B\u00e1scula de caf\u00e9 Black Mirror Basic PRO <\/span><\/h3>\n<h5 class=\"a-size-large a-spacing-none\"><span id=\"productTitle\" class=\"a-size-large product-title-word-break\">Con temporizador, escala de espresso con funci\u00f3n de caudal, 70.55 oz\/0.00 oz de alta precisi\u00f3n, b\u00e1scula de caf\u00e9 digital para verter sobre caf\u00e9 por goteo, color negro<\/span><\/h5>","protected":false},"featured_media":8190,"template":"","meta":{"_acf_changed":false,"_monsterinsights_skip_tracking":false,"_monsterinsights_sitenote_active":false,"_monsterinsights_sitenote_note":"","_monsterinsights_sitenote_category":0,"_themeisle_gutenberg_block_has_review":false},"pwb-brand":[],"product_brand":[],"product_cat":[252,50],"product_tag":[280,282,190,191,281,283],"class_list":{"0":"post-8198","1":"product","2":"type-product","3":"status-publish","4":"has-post-thumbnail","6":"product_cat-cafeteras-y-accesorios","7":"product_cat-products","8":"product_tag-bascula","9":"product_tag-basic","10":"product_tag-cafe","11":"product_tag-paraguay","12":"product_tag-pesa","13":"product_tag-pro","15":"first","16":"instock","17":"shipping-taxable","18":"purchasable","19":"product-type-simple"},"acf":[],"aioseo_notices":[],"brands":[],"_links":{"self":[{"href":"https:\/\/finefoods.com.py\/es\/wp-json\/wp\/v2\/product\/8198","targetHints":{"allow":["GET"]}}],"collection":[{"href":"https:\/\/finefoods.com.py\/es\/wp-json\/wp\/v2\/product"}],"about":[{"href":"https:\/\/finefoods.com.py\/es\/wp-json\/wp\/v2\/types\/product"}],"wp:featuredmedia":[{"embeddable":true,"href":"https:\/\/finefoods.com.py\/es\/wp-json\/wp\/v2\/media\/8190"}],"wp:attachment":[{"href":"https:\/\/finefoods.com.py\/es\/wp-json\/wp\/v2\/media?parent=8198"}],"wp:term":[{"taxonomy":"pwb-brand","embeddable":true,"href":"https:\/\/finefoods.com.py\/es\/wp-json\/wp\/v2\/pwb-brand?post=8198"},{"taxonomy":"product_brand","embeddable":true,"href":"https:\/\/finefoods.com.py\/es\/wp-json\/wp\/v2\/product_brand?post=8198"},{"taxonomy":"product_cat","embeddable":true,"href":"https:\/\/finefoods.com.py\/es\/wp-json\/wp\/v2\/product_cat?post=8198"},{"taxonomy":"product_tag","embeddable":true,"href":"https:\/\/finefoods.com.py\/es\/wp-json\/wp\/v2\/product_tag?post=8198"}],"curies":[{"name":"wp","href":"https:\/\/api.w.org\/{rel}","templated":true}]}}