{"id":8230,"date":"2023-10-30T11:30:50","date_gmt":"2023-10-30T14:30:50","guid":{"rendered":"https:\/\/finefoods.com.py\/?post_type=product&#038;p=8230"},"modified":"2026-03-03T09:29:49","modified_gmt":"2026-03-03T12:29:49","slug":"combo-cafetera-v60-1-cafe-molido-ethiopia-500g","status":"publish","type":"product","link":"https:\/\/finefoods.com.py\/es\/product\/combo-cafetera-v60-1-cafe-molido-ethiopia-500g\/","title":{"rendered":"Combo Cafetera V60 + 1 caf\u00e9 molido Ethiopia 500g"},"content":{"rendered":"<ul>\n<li>Capacidad : 1-4 tazas<\/li>\n<li>Dimensiones (a x p x h)\u00a0:\u00a013,7cm x 11,6cm x 10,2cm<\/li>\n<li>Peso : 200g (aprox.)<\/li>\n<li>Materiales : Resina de acrilonitrilo-estireno\u00a0(V60)\u00a0&#8211; Polipropileno\u00a0(Cuchara dosificadora)<\/li>\n<\/ul>","protected":false},"excerpt":{"rendered":"<p><strong>Descubri tu barista interior<\/strong><\/p>\n<p>Cafetera V60 + 1 Caf\u00e9 molido Dallmayr Ethiopia 500g<\/p>\n<p>Con este m\u00e9todo de extracci\u00f3n en cafetera Dripper V-60 se obtiene una taza de caf\u00e9 de textura limpia y consistente, que resalta\u00a0la dulzura y acidez del caf\u00e9. La cafetera permite controlar el flujo de agua sobre el caf\u00e9 lo que ayuda a conseguir una mejor extracci\u00f3n y un caf\u00e9 de mayor claridad.<\/p>\n<p><span class=\"JsGRdQ\">Dallmayr Etiop\u00eda se destaca por sus notas de hierbas silvestres redondeadas con el aroma de la hierba de lim\u00f3n y un toque de chocolate negro.<\/span><\/p>\n<p>Los granos sustentables y 100% ar\u00e1bica para este caf\u00e9 son recolectados a mano a una altura de 2000mts<\/p>","protected":false},"featured_media":8386,"template":"","meta":{"_acf_changed":false,"_monsterinsights_skip_tracking":false,"_monsterinsights_sitenote_active":false,"_monsterinsights_sitenote_note":"","_monsterinsights_sitenote_category":0,"_themeisle_gutenberg_block_has_review":false},"pwb-brand":[],"product_brand":[],"product_cat":[252,62,50],"product_tag":[190,189,259,175,237,277],"class_list":{"0":"post-8230","1":"product","2":"type-product","3":"status-publish","4":"has-post-thumbnail","6":"product_cat-cafeteras-y-accesorios","7":"product_cat-offers","8":"product_cat-products","9":"product_tag-cafe","10":"product_tag-cafetera","11":"product_tag-combo","12":"product_tag-ethiopia","13":"product_tag-etiopia","14":"product_tag-v60","16":"first","17":"instock","18":"shipping-taxable","19":"purchasable","20":"product-type-simple"},"acf":[],"aioseo_notices":[],"brands":[],"_links":{"self":[{"href":"https:\/\/finefoods.com.py\/es\/wp-json\/wp\/v2\/product\/8230","targetHints":{"allow":["GET"]}}],"collection":[{"href":"https:\/\/finefoods.com.py\/es\/wp-json\/wp\/v2\/product"}],"about":[{"href":"https:\/\/finefoods.com.py\/es\/wp-json\/wp\/v2\/types\/product"}],"wp:featuredmedia":[{"embeddable":true,"href":"https:\/\/finefoods.com.py\/es\/wp-json\/wp\/v2\/media\/8386"}],"wp:attachment":[{"href":"https:\/\/finefoods.com.py\/es\/wp-json\/wp\/v2\/media?parent=8230"}],"wp:term":[{"taxonomy":"pwb-brand","embeddable":true,"href":"https:\/\/finefoods.com.py\/es\/wp-json\/wp\/v2\/pwb-brand?post=8230"},{"taxonomy":"product_brand","embeddable":true,"href":"https:\/\/finefoods.com.py\/es\/wp-json\/wp\/v2\/product_brand?post=8230"},{"taxonomy":"product_cat","embeddable":true,"href":"https:\/\/finefoods.com.py\/es\/wp-json\/wp\/v2\/product_cat?post=8230"},{"taxonomy":"product_tag","embeddable":true,"href":"https:\/\/finefoods.com.py\/es\/wp-json\/wp\/v2\/product_tag?post=8230"}],"curies":[{"name":"wp","href":"https:\/\/api.w.org\/{rel}","templated":true}]}}