{"id":8321,"date":"2024-02-08T08:52:05","date_gmt":"2024-02-08T11:52:05","guid":{"rendered":"https:\/\/finefoods.com.py\/?post_type=product&#038;p=8321"},"modified":"2025-06-02T14:47:18","modified_gmt":"2025-06-02T18:47:18","slug":"emco-musli-arandanos-375g","status":"publish","type":"product","link":"https:\/\/finefoods.com.py\/es\/product\/emco-musli-arandanos-375g\/","title":{"rendered":"Emco, M\u00fcsli Ar\u00e1ndanos 375g"},"content":{"rendered":"<p>Copos de avena 53 %, az\u00facar, aceite de colza, harina de trigo, extruido de ma\u00edz y trigo (ma\u00edz, trigo, sal), almid\u00f3n de trigo, crujientes de ma\u00edz y trigo (s\u00e9mola de ma\u00edz, harina de trigo, s\u00e9mola de trigo, harina de ma\u00edz), jarabe de maltosa, trozos de frambuesas liofilizadas 1,1 %, ar\u00e1ndanos endulzados 0,6 % (ar\u00e1ndanos 78 %, az\u00facar, fructosa, aceite de girasol), ar\u00e1ndanos endulzados 0,6 % (ar\u00e1ndanos 51 %, az\u00facar, harina de arroz, aceite de girasol), aroma, antioxidantes (palmitato de ascorbilo, extracto natural con alto contenido en tocoferoles), sal.<\/p>\n<p>El producto puede contener cacahuetes, soja, leche y frutos de c\u00e1scara.<\/p>","protected":false},"excerpt":{"rendered":"<p><strong>Disfruta de desayunos m\u00e1s deliciosos con nuestro M\u00fcsli Emco<\/strong><\/p>\n<p>Los trozos de ar\u00e1ndanos y frambuesas quedan deliciosos en combinaci\u00f3n con crujientes trozos de copos de avena. Adem\u00e1s, el m\u00fcsli es fuente natural de betaglucanos que ayudan a reducir el colesterol y es rico en fibra procedente de los copos de avena. Adem\u00e1s, nuestro m\u00fcsli no contiene aceite de palma ni colorantes a\u00f1adidos.<\/p>","protected":false},"featured_media":8322,"template":"","meta":{"_acf_changed":false,"_monsterinsights_skip_tracking":false,"_monsterinsights_sitenote_active":false,"_monsterinsights_sitenote_note":"","_monsterinsights_sitenote_category":0,"_themeisle_gutenberg_block_has_review":false},"pwb-brand":[145],"product_brand":[],"product_cat":[200,50],"product_tag":[306,293,305,294,295,191],"class_list":{"0":"post-8321","1":"product","2":"type-product","3":"status-publish","4":"has-post-thumbnail","6":"pwb-brand-emco","7":"product_cat-almacen","8":"product_cat-products","9":"product_tag-arandanos","10":"product_tag-emco","11":"product_tag-frambuesas","12":"product_tag-granola","13":"product_tag-musli","14":"product_tag-paraguay","16":"first","17":"instock","18":"shipping-taxable","19":"purchasable","20":"product-type-simple"},"acf":[],"aioseo_notices":[],"brands":[{"id":145,"name":"Emco","slug":"emco"}],"_links":{"self":[{"href":"https:\/\/finefoods.com.py\/es\/wp-json\/wp\/v2\/product\/8321","targetHints":{"allow":["GET"]}}],"collection":[{"href":"https:\/\/finefoods.com.py\/es\/wp-json\/wp\/v2\/product"}],"about":[{"href":"https:\/\/finefoods.com.py\/es\/wp-json\/wp\/v2\/types\/product"}],"wp:featuredmedia":[{"embeddable":true,"href":"https:\/\/finefoods.com.py\/es\/wp-json\/wp\/v2\/media\/8322"}],"wp:attachment":[{"href":"https:\/\/finefoods.com.py\/es\/wp-json\/wp\/v2\/media?parent=8321"}],"wp:term":[{"taxonomy":"pwb-brand","embeddable":true,"href":"https:\/\/finefoods.com.py\/es\/wp-json\/wp\/v2\/pwb-brand?post=8321"},{"taxonomy":"product_brand","embeddable":true,"href":"https:\/\/finefoods.com.py\/es\/wp-json\/wp\/v2\/product_brand?post=8321"},{"taxonomy":"product_cat","embeddable":true,"href":"https:\/\/finefoods.com.py\/es\/wp-json\/wp\/v2\/product_cat?post=8321"},{"taxonomy":"product_tag","embeddable":true,"href":"https:\/\/finefoods.com.py\/es\/wp-json\/wp\/v2\/product_tag?post=8321"}],"curies":[{"name":"wp","href":"https:\/\/api.w.org\/{rel}","templated":true}]}}