{"id":8407,"date":"2024-06-13T08:52:03","date_gmt":"2024-06-13T12:52:03","guid":{"rendered":"https:\/\/finefoods.com.py\/?post_type=product&#038;p=8407"},"modified":"2026-04-30T15:20:37","modified_gmt":"2026-04-30T19:20:37","slug":"dallmayr-home-barista-roasted-molido-500g","status":"publish","type":"product","link":"https:\/\/finefoods.com.py\/es\/product\/dallmayr-home-barista-roasted-molido-500g\/","title":{"rendered":"Dallmayr Home Barista Roasted Molido 500g"},"content":{"rendered":"<p>Este blend de caf\u00e9s seleccionados ofrece una experiencia de caf\u00e9 intensa y con cuerpo, con bajos niveles de acidez. Ideal para preparar caf\u00e9 de filtro en la V60, French Press, Mocca y cafetera filtro. Adem\u00e1s es especial para los entusiastas del caf\u00e9 que buscan sentirse como un barista en casa. \u00bfQue esperas para probarlo?<\/p>","protected":false},"excerpt":{"rendered":"<p>Despierta tu barista interior y convierte tu casa en una cafeteria con Dallmayr Home Barista<\/p>\n<p>Intensidad 8\/10<\/p>\n<p>Este blend de caf\u00e9s seleccionados ofrece una experiencia de caf\u00e9 intensa y con cuerpo, con bajos niveles de acidez. Ideal para preparar caf\u00e9 de filtro en la V60, French Press, Mocca y cafetera filtro.<\/p>","protected":false},"featured_media":8406,"template":"","meta":{"_acf_changed":false,"_monsterinsights_skip_tracking":false,"_monsterinsights_sitenote_active":false,"_monsterinsights_sitenote_note":"","_monsterinsights_sitenote_category":0,"_themeisle_gutenberg_block_has_review":false},"pwb-brand":[142],"product_brand":[],"product_cat":[49,62,50],"product_tag":[326,263,190,258,51,192,325,191],"class_list":{"0":"post-8407","1":"product","2":"type-product","3":"status-publish","4":"has-post-thumbnail","6":"pwb-brand-dallmayr","7":"product_cat-coffee","8":"product_cat-offers","9":"product_cat-products","10":"product_tag-asuncion","11":"product_tag-barista","12":"product_tag-cafe","13":"product_tag-cafe-molido","14":"product_tag-coffee","15":"product_tag-dallmayr","16":"product_tag-home-barista","17":"product_tag-paraguay","19":"first","20":"instock","21":"sale","22":"shipping-taxable","23":"purchasable","24":"product-type-simple"},"acf":[],"aioseo_notices":[],"brands":[{"id":142,"name":"Dallmayr","slug":"dallmayr"}],"_links":{"self":[{"href":"https:\/\/finefoods.com.py\/es\/wp-json\/wp\/v2\/product\/8407","targetHints":{"allow":["GET"]}}],"collection":[{"href":"https:\/\/finefoods.com.py\/es\/wp-json\/wp\/v2\/product"}],"about":[{"href":"https:\/\/finefoods.com.py\/es\/wp-json\/wp\/v2\/types\/product"}],"wp:featuredmedia":[{"embeddable":true,"href":"https:\/\/finefoods.com.py\/es\/wp-json\/wp\/v2\/media\/8406"}],"wp:attachment":[{"href":"https:\/\/finefoods.com.py\/es\/wp-json\/wp\/v2\/media?parent=8407"}],"wp:term":[{"taxonomy":"pwb-brand","embeddable":true,"href":"https:\/\/finefoods.com.py\/es\/wp-json\/wp\/v2\/pwb-brand?post=8407"},{"taxonomy":"product_brand","embeddable":true,"href":"https:\/\/finefoods.com.py\/es\/wp-json\/wp\/v2\/product_brand?post=8407"},{"taxonomy":"product_cat","embeddable":true,"href":"https:\/\/finefoods.com.py\/es\/wp-json\/wp\/v2\/product_cat?post=8407"},{"taxonomy":"product_tag","embeddable":true,"href":"https:\/\/finefoods.com.py\/es\/wp-json\/wp\/v2\/product_tag?post=8407"}],"curies":[{"name":"wp","href":"https:\/\/api.w.org\/{rel}","templated":true}]}}