{"id":8468,"date":"2024-10-29T09:16:22","date_gmt":"2024-10-29T12:16:22","guid":{"rendered":"https:\/\/finefoods.com.py\/?post_type=product&#038;p=8468"},"modified":"2025-10-03T09:31:28","modified_gmt":"2025-10-03T13:31:28","slug":"paulsen-pickles-verduras-encurtidas-330g","status":"publish","type":"product","link":"https:\/\/finefoods.com.py\/es\/product\/paulsen-pickles-verduras-encurtidas-330g\/","title":{"rendered":"Paulsen Pickles Verduras Encurtidas 330g"},"content":{"rendered":"<p>Mezcla de vegetales listos para servir, que han sido conservados de forma duradera mediante la adici\u00f3n de un escabeche agridulce y pasteurizaci\u00f3n en un envase herm\u00e9ticamente cerrado.<\/p>","protected":false},"excerpt":{"rendered":"<p><strong>Verduras Variadas Encurtidas\u00a0<\/strong><\/p>\n<p>Verduras en proporciones variables: coliflor, cebollitas plateadas, pepinillos, pimientos, zanahorias y mazorquitas de ma\u00edz, vinagre de alcohol, az\u00facar, sal, aromas naturales (contiene extracto de mostaza), antioxidantes: metabisulfito de sodio y \u00e1cido asc\u00f3rbico, acidulantes: \u00e1cido c\u00edtrico y \u00e1cido m\u00e1lico.<\/p>","protected":false},"featured_media":8475,"template":"","meta":{"_acf_changed":false,"_monsterinsights_skip_tracking":false,"_monsterinsights_sitenote_active":false,"_monsterinsights_sitenote_note":"","_monsterinsights_sitenote_category":0,"_themeisle_gutenberg_block_has_review":false},"pwb-brand":[148],"product_brand":[],"product_cat":[200,62,50],"product_tag":[233,330,191,328,329,331,202],"class_list":{"0":"post-8468","1":"product","2":"type-product","3":"status-publish","4":"has-post-thumbnail","6":"pwb-brand-pepinos-paulsen","7":"product_cat-almacen","8":"product_cat-offers","9":"product_cat-products","10":"product_tag-aleman","11":"product_tag-encurtidos","12":"product_tag-paraguay","13":"product_tag-paulsen","14":"product_tag-pepinos","15":"product_tag-verduras","16":"product_tag-vinagre","18":"first","19":"instock","20":"shipping-taxable","21":"purchasable","22":"product-type-simple"},"acf":[],"aioseo_notices":[],"brands":[{"id":148,"name":"Paulsen","slug":"pepinos-paulsen"}],"_links":{"self":[{"href":"https:\/\/finefoods.com.py\/es\/wp-json\/wp\/v2\/product\/8468","targetHints":{"allow":["GET"]}}],"collection":[{"href":"https:\/\/finefoods.com.py\/es\/wp-json\/wp\/v2\/product"}],"about":[{"href":"https:\/\/finefoods.com.py\/es\/wp-json\/wp\/v2\/types\/product"}],"wp:featuredmedia":[{"embeddable":true,"href":"https:\/\/finefoods.com.py\/es\/wp-json\/wp\/v2\/media\/8475"}],"wp:attachment":[{"href":"https:\/\/finefoods.com.py\/es\/wp-json\/wp\/v2\/media?parent=8468"}],"wp:term":[{"taxonomy":"pwb-brand","embeddable":true,"href":"https:\/\/finefoods.com.py\/es\/wp-json\/wp\/v2\/pwb-brand?post=8468"},{"taxonomy":"product_brand","embeddable":true,"href":"https:\/\/finefoods.com.py\/es\/wp-json\/wp\/v2\/product_brand?post=8468"},{"taxonomy":"product_cat","embeddable":true,"href":"https:\/\/finefoods.com.py\/es\/wp-json\/wp\/v2\/product_cat?post=8468"},{"taxonomy":"product_tag","embeddable":true,"href":"https:\/\/finefoods.com.py\/es\/wp-json\/wp\/v2\/product_tag?post=8468"}],"curies":[{"name":"wp","href":"https:\/\/api.w.org\/{rel}","templated":true}]}}