{"id":8476,"date":"2024-10-29T09:20:57","date_gmt":"2024-10-29T12:20:57","guid":{"rendered":"https:\/\/finefoods.com.py\/?post_type=product&#038;p=8476"},"modified":"2025-10-03T09:31:20","modified_gmt":"2025-10-03T13:31:20","slug":"paulsen-pepinos-sal-y-eneldo-2450g","status":"publish","type":"product","link":"https:\/\/finefoods.com.py\/es\/product\/paulsen-pepinos-sal-y-eneldo-2450g\/","title":{"rendered":"Paulsen Pepinos sal y eneldo 2450g"},"content":{"rendered":"<p>Pepinos, sal de mesa, agente endurecedor: cloruro de calcio, aromas naturales (contiene mostaza).<\/p>","protected":false},"excerpt":{"rendered":"<p><strong>Pepinos encurtidos naturalmente en sal y eneldo<\/strong><\/p>\n<p>Pepinos listos para consumir, que han sido sometidos a una fermentaci\u00f3n natural con \u00e1cido l\u00e1ctico en una salmuera y posteriormente conservados de forma duradera mediante pasteurizaci\u00f3n en un envase herm\u00e9ticamente cerrado.<\/p>","protected":false},"featured_media":8474,"template":"","meta":{"_acf_changed":false,"_monsterinsights_skip_tracking":false,"_monsterinsights_sitenote_active":false,"_monsterinsights_sitenote_note":"","_monsterinsights_sitenote_category":0,"_themeisle_gutenberg_block_has_review":false},"pwb-brand":[148],"product_brand":[],"product_cat":[200,50],"product_tag":[330,332,191,329,334,333,335],"class_list":{"0":"post-8476","1":"product","2":"type-product","3":"status-publish","4":"has-post-thumbnail","6":"pwb-brand-pepinos-paulsen","7":"product_cat-almacen","8":"product_cat-products","9":"product_tag-encurtidos","10":"product_tag-eneldo","11":"product_tag-paraguay","12":"product_tag-pepinos","13":"product_tag-productos","14":"product_tag-sal","15":"product_tag-salmuera","17":"first","18":"instock","19":"shipping-taxable","20":"purchasable","21":"product-type-simple"},"acf":[],"aioseo_notices":[],"brands":[{"id":148,"name":"Paulsen","slug":"pepinos-paulsen"}],"_links":{"self":[{"href":"https:\/\/finefoods.com.py\/es\/wp-json\/wp\/v2\/product\/8476","targetHints":{"allow":["GET"]}}],"collection":[{"href":"https:\/\/finefoods.com.py\/es\/wp-json\/wp\/v2\/product"}],"about":[{"href":"https:\/\/finefoods.com.py\/es\/wp-json\/wp\/v2\/types\/product"}],"wp:featuredmedia":[{"embeddable":true,"href":"https:\/\/finefoods.com.py\/es\/wp-json\/wp\/v2\/media\/8474"}],"wp:attachment":[{"href":"https:\/\/finefoods.com.py\/es\/wp-json\/wp\/v2\/media?parent=8476"}],"wp:term":[{"taxonomy":"pwb-brand","embeddable":true,"href":"https:\/\/finefoods.com.py\/es\/wp-json\/wp\/v2\/pwb-brand?post=8476"},{"taxonomy":"product_brand","embeddable":true,"href":"https:\/\/finefoods.com.py\/es\/wp-json\/wp\/v2\/product_brand?post=8476"},{"taxonomy":"product_cat","embeddable":true,"href":"https:\/\/finefoods.com.py\/es\/wp-json\/wp\/v2\/product_cat?post=8476"},{"taxonomy":"product_tag","embeddable":true,"href":"https:\/\/finefoods.com.py\/es\/wp-json\/wp\/v2\/product_tag?post=8476"}],"curies":[{"name":"wp","href":"https:\/\/api.w.org\/{rel}","templated":true}]}}