{"id":8482,"date":"2024-10-29T11:41:34","date_gmt":"2024-10-29T14:41:34","guid":{"rendered":"https:\/\/finefoods.com.py\/?post_type=product&#038;p=8482"},"modified":"2025-10-03T09:30:33","modified_gmt":"2025-10-03T13:30:33","slug":"paulsen-pepinillos-cornichon-530g","status":"publish","type":"product","link":"https:\/\/finefoods.com.py\/es\/product\/paulsen-pepinillos-cornichon-530g\/","title":{"rendered":"Paulsen Pepinillos Cornichon 530g"},"content":{"rendered":"<p>Cornichons listos para consumir, frescos y conservados mediante la adici\u00f3n de un escabeche agridulce y pasteurizaci\u00f3n en un envase herm\u00e9ticamente cerrado.<\/p>","protected":false},"excerpt":{"rendered":"<p><strong>Pepinillos para picar<\/strong><\/p>\n<p>Ingredientes: Pepinos, vinagre de alcohol, az\u00facar, sal, eneldo, semillas de mostaza, cebollas, pimientos<\/p>","protected":false},"featured_media":8469,"template":"","meta":{"_acf_changed":false,"_monsterinsights_skip_tracking":false,"_monsterinsights_sitenote_active":false,"_monsterinsights_sitenote_note":"","_monsterinsights_sitenote_category":0,"_themeisle_gutenberg_block_has_review":false},"pwb-brand":[148],"product_brand":[],"product_cat":[200,62,50],"product_tag":[342,340,191,338,329,202,341],"class_list":{"0":"post-8482","1":"product","2":"type-product","3":"status-publish","4":"has-post-thumbnail","6":"pwb-brand-pepinos-paulsen","7":"product_cat-almacen","8":"product_cat-offers","9":"product_cat-products","10":"product_tag-encurtido","11":"product_tag-niagreta","12":"product_tag-paraguay","13":"product_tag-pepinillos","14":"product_tag-pepinos","15":"product_tag-vinagre","16":"product_tag-vinagreta","18":"first","19":"instock","20":"shipping-taxable","21":"purchasable","22":"product-type-simple"},"acf":[],"aioseo_notices":[],"brands":[{"id":148,"name":"Paulsen","slug":"pepinos-paulsen"}],"_links":{"self":[{"href":"https:\/\/finefoods.com.py\/es\/wp-json\/wp\/v2\/product\/8482","targetHints":{"allow":["GET"]}}],"collection":[{"href":"https:\/\/finefoods.com.py\/es\/wp-json\/wp\/v2\/product"}],"about":[{"href":"https:\/\/finefoods.com.py\/es\/wp-json\/wp\/v2\/types\/product"}],"wp:featuredmedia":[{"embeddable":true,"href":"https:\/\/finefoods.com.py\/es\/wp-json\/wp\/v2\/media\/8469"}],"wp:attachment":[{"href":"https:\/\/finefoods.com.py\/es\/wp-json\/wp\/v2\/media?parent=8482"}],"wp:term":[{"taxonomy":"pwb-brand","embeddable":true,"href":"https:\/\/finefoods.com.py\/es\/wp-json\/wp\/v2\/pwb-brand?post=8482"},{"taxonomy":"product_brand","embeddable":true,"href":"https:\/\/finefoods.com.py\/es\/wp-json\/wp\/v2\/product_brand?post=8482"},{"taxonomy":"product_cat","embeddable":true,"href":"https:\/\/finefoods.com.py\/es\/wp-json\/wp\/v2\/product_cat?post=8482"},{"taxonomy":"product_tag","embeddable":true,"href":"https:\/\/finefoods.com.py\/es\/wp-json\/wp\/v2\/product_tag?post=8482"}],"curies":[{"name":"wp","href":"https:\/\/api.w.org\/{rel}","templated":true}]}}