{"id":8599,"date":"2025-03-10T10:02:42","date_gmt":"2025-03-10T13:02:42","guid":{"rendered":"https:\/\/finefoods.com.py\/?post_type=product&#038;p=8599"},"modified":"2025-10-03T09:17:07","modified_gmt":"2025-10-03T13:17:07","slug":"chipa-guazu-900g","status":"publish","type":"product","link":"https:\/\/finefoods.com.py\/es\/product\/chipa-guazu-900g\/","title":{"rendered":"Mestiza Chipa Guaz\u00fa &#8211; 900g"},"content":{"rendered":"","protected":false},"excerpt":{"rendered":"<p>Aut\u00e9ntico sabor paraguayo en tu mesa.<\/p>\n<p>Disfrut\u00e1 de nuestro chipa guaz\u00fa congelado y listo para hornear, con la receta tradicional que combina ma\u00edz tierno, queso y el toque casero que tanto te gusta. F\u00e1cil de preparar, siempre fresco y perfecto para acompa\u00f1ar tus comidas o disfrutar solo.<\/p>","protected":false},"featured_media":8600,"template":"","meta":{"_acf_changed":false,"_monsterinsights_skip_tracking":false,"_monsterinsights_sitenote_active":false,"_monsterinsights_sitenote_note":"","_monsterinsights_sitenote_category":0,"_themeisle_gutenberg_block_has_review":false},"pwb-brand":[353],"product_brand":[],"product_cat":[73,62,50],"product_tag":[350,349,352,191,351,78],"class_list":{"0":"post-8599","1":"product","2":"type-product","3":"status-publish","4":"has-post-thumbnail","6":"pwb-brand-mestiza","7":"product_cat-frozen","8":"product_cat-offers","9":"product_cat-products","10":"product_tag-acompanamiento","11":"product_tag-asado","12":"product_tag-chipa-guazu","13":"product_tag-paraguay","14":"product_tag-picadas","15":"product_tag-tradicional","17":"first","18":"instock","19":"shipping-taxable","20":"purchasable","21":"product-type-simple"},"acf":[],"aioseo_notices":[],"brands":[{"id":353,"name":"Mestiza","slug":"mestiza"}],"_links":{"self":[{"href":"https:\/\/finefoods.com.py\/es\/wp-json\/wp\/v2\/product\/8599","targetHints":{"allow":["GET"]}}],"collection":[{"href":"https:\/\/finefoods.com.py\/es\/wp-json\/wp\/v2\/product"}],"about":[{"href":"https:\/\/finefoods.com.py\/es\/wp-json\/wp\/v2\/types\/product"}],"wp:featuredmedia":[{"embeddable":true,"href":"https:\/\/finefoods.com.py\/es\/wp-json\/wp\/v2\/media\/8600"}],"wp:attachment":[{"href":"https:\/\/finefoods.com.py\/es\/wp-json\/wp\/v2\/media?parent=8599"}],"wp:term":[{"taxonomy":"pwb-brand","embeddable":true,"href":"https:\/\/finefoods.com.py\/es\/wp-json\/wp\/v2\/pwb-brand?post=8599"},{"taxonomy":"product_brand","embeddable":true,"href":"https:\/\/finefoods.com.py\/es\/wp-json\/wp\/v2\/product_brand?post=8599"},{"taxonomy":"product_cat","embeddable":true,"href":"https:\/\/finefoods.com.py\/es\/wp-json\/wp\/v2\/product_cat?post=8599"},{"taxonomy":"product_tag","embeddable":true,"href":"https:\/\/finefoods.com.py\/es\/wp-json\/wp\/v2\/product_tag?post=8599"}],"curies":[{"name":"wp","href":"https:\/\/api.w.org\/{rel}","templated":true}]}}