{"id":8610,"date":"2025-03-10T10:29:17","date_gmt":"2025-03-10T13:29:17","guid":{"rendered":"https:\/\/finefoods.com.py\/?post_type=product&#038;p=8610"},"modified":"2025-10-17T10:42:09","modified_gmt":"2025-10-17T13:42:09","slug":"sopa-soo-1kg","status":"publish","type":"product","link":"https:\/\/finefoods.com.py\/es\/product\/sopa-soo-1kg\/","title":{"rendered":"Mestiza Sopa So&#8217;o &#8211; 1kg"},"content":{"rendered":"<p>Disfrut\u00e1 de nuestra <strong data-start=\"83\" data-end=\"127\">sopa so\u2019o congelada y lista para hornear<\/strong>, con la combinaci\u00f3n perfecta de queso, ma\u00edz y jugosa carne, siguiendo la receta casera que tanto te gusta. Esponjosa, sabrosa y f\u00e1cil de preparar, ideal para compartir en cualquier ocasi\u00f3n.<\/p>","protected":false},"excerpt":{"rendered":"<p>Tradici\u00f3n con el mejor sabor<\/p>\n<p>Disfrut\u00e1 de nuestra <strong data-start=\"83\" data-end=\"127\">sopa so\u2019o congelada y lista para hornear<\/strong>, con la combinaci\u00f3n perfecta de queso, ma\u00edz y jugosa carne, siguiendo la receta casera que tanto te gusta. Esponjosa, sabrosa y f\u00e1cil de preparar, ideal para compartir en cualquier ocasi\u00f3n.<\/p>","protected":false},"featured_media":8611,"template":"","meta":{"_acf_changed":false,"_monsterinsights_skip_tracking":false,"_monsterinsights_sitenote_active":false,"_monsterinsights_sitenote_note":"","_monsterinsights_sitenote_category":0,"_themeisle_gutenberg_block_has_review":false},"pwb-brand":[353],"product_brand":[],"product_cat":[73,62,50],"product_tag":[350,349,191,351,78],"class_list":{"0":"post-8610","1":"product","2":"type-product","3":"status-publish","4":"has-post-thumbnail","6":"pwb-brand-mestiza","7":"product_cat-frozen","8":"product_cat-offers","9":"product_cat-products","10":"product_tag-acompanamiento","11":"product_tag-asado","12":"product_tag-paraguay","13":"product_tag-picadas","14":"product_tag-tradicional","16":"first","17":"instock","18":"shipping-taxable","19":"purchasable","20":"product-type-simple"},"acf":[],"aioseo_notices":[],"brands":[{"id":353,"name":"Mestiza","slug":"mestiza"}],"_links":{"self":[{"href":"https:\/\/finefoods.com.py\/es\/wp-json\/wp\/v2\/product\/8610","targetHints":{"allow":["GET"]}}],"collection":[{"href":"https:\/\/finefoods.com.py\/es\/wp-json\/wp\/v2\/product"}],"about":[{"href":"https:\/\/finefoods.com.py\/es\/wp-json\/wp\/v2\/types\/product"}],"wp:featuredmedia":[{"embeddable":true,"href":"https:\/\/finefoods.com.py\/es\/wp-json\/wp\/v2\/media\/8611"}],"wp:attachment":[{"href":"https:\/\/finefoods.com.py\/es\/wp-json\/wp\/v2\/media?parent=8610"}],"wp:term":[{"taxonomy":"pwb-brand","embeddable":true,"href":"https:\/\/finefoods.com.py\/es\/wp-json\/wp\/v2\/pwb-brand?post=8610"},{"taxonomy":"product_brand","embeddable":true,"href":"https:\/\/finefoods.com.py\/es\/wp-json\/wp\/v2\/product_brand?post=8610"},{"taxonomy":"product_cat","embeddable":true,"href":"https:\/\/finefoods.com.py\/es\/wp-json\/wp\/v2\/product_cat?post=8610"},{"taxonomy":"product_tag","embeddable":true,"href":"https:\/\/finefoods.com.py\/es\/wp-json\/wp\/v2\/product_tag?post=8610"}],"curies":[{"name":"wp","href":"https:\/\/api.w.org\/{rel}","templated":true}]}}