{"id":8616,"date":"2025-03-10T11:32:44","date_gmt":"2025-03-10T14:32:44","guid":{"rendered":"https:\/\/finefoods.com.py\/?post_type=product&#038;p=8616"},"modified":"2025-10-03T09:16:08","modified_gmt":"2025-10-03T13:16:08","slug":"mestiza-volcan-de-chipa-guazu-500g","status":"publish","type":"product","link":"https:\/\/finefoods.com.py\/es\/product\/mestiza-volcan-de-chipa-guazu-500g\/","title":{"rendered":"Mestiza Volcan de Chipa Guazu &#8211; 500g"},"content":{"rendered":"<p data-start=\"90\" data-end=\"421\" data-is-last-node=\"\" data-is-only-node=\"\">Descubr\u00ed nuestro <strong data-start=\"107\" data-end=\"163\">volc\u00e1n de chipa guaz\u00fa congelado y listo para hornear<\/strong>, con un centro cremoso de queso derretido que se funde en cada bocado. Una combinaci\u00f3n perfecta de ma\u00edz tierno, queso y el aut\u00e9ntico sabor casero paraguayo.<\/p>","protected":false},"excerpt":{"rendered":"<p data-start=\"0\" data-end=\"88\"><strong data-start=\"0\" data-end=\"79\">Sabor tradicional con un toque irresistible<\/strong><\/p>\n<p data-start=\"90\" data-end=\"421\" data-is-last-node=\"\" data-is-only-node=\"\">Descubr\u00ed nuestro <strong data-start=\"107\" data-end=\"163\">volc\u00e1n de chipa guaz\u00fa congelado y listo para hornear<\/strong>, con un centro cremoso de queso derretido que se funde en cada bocado. Una combinaci\u00f3n perfecta de ma\u00edz tierno, queso y el aut\u00e9ntico sabor casero paraguayo.<\/p>","protected":false},"featured_media":8617,"template":"","meta":{"_acf_changed":false,"_monsterinsights_skip_tracking":false,"_monsterinsights_sitenote_active":false,"_monsterinsights_sitenote_note":"","_monsterinsights_sitenote_category":0,"_themeisle_gutenberg_block_has_review":false},"pwb-brand":[353],"product_brand":[],"product_cat":[73,62,50],"product_tag":[350,349,191,351,78],"class_list":{"0":"post-8616","1":"product","2":"type-product","3":"status-publish","4":"has-post-thumbnail","6":"pwb-brand-mestiza","7":"product_cat-frozen","8":"product_cat-offers","9":"product_cat-products","10":"product_tag-acompanamiento","11":"product_tag-asado","12":"product_tag-paraguay","13":"product_tag-picadas","14":"product_tag-tradicional","16":"first","17":"instock","18":"shipping-taxable","19":"purchasable","20":"product-type-simple"},"acf":[],"aioseo_notices":[],"brands":[{"id":353,"name":"Mestiza","slug":"mestiza"}],"_links":{"self":[{"href":"https:\/\/finefoods.com.py\/es\/wp-json\/wp\/v2\/product\/8616","targetHints":{"allow":["GET"]}}],"collection":[{"href":"https:\/\/finefoods.com.py\/es\/wp-json\/wp\/v2\/product"}],"about":[{"href":"https:\/\/finefoods.com.py\/es\/wp-json\/wp\/v2\/types\/product"}],"wp:featuredmedia":[{"embeddable":true,"href":"https:\/\/finefoods.com.py\/es\/wp-json\/wp\/v2\/media\/8617"}],"wp:attachment":[{"href":"https:\/\/finefoods.com.py\/es\/wp-json\/wp\/v2\/media?parent=8616"}],"wp:term":[{"taxonomy":"pwb-brand","embeddable":true,"href":"https:\/\/finefoods.com.py\/es\/wp-json\/wp\/v2\/pwb-brand?post=8616"},{"taxonomy":"product_brand","embeddable":true,"href":"https:\/\/finefoods.com.py\/es\/wp-json\/wp\/v2\/product_brand?post=8616"},{"taxonomy":"product_cat","embeddable":true,"href":"https:\/\/finefoods.com.py\/es\/wp-json\/wp\/v2\/product_cat?post=8616"},{"taxonomy":"product_tag","embeddable":true,"href":"https:\/\/finefoods.com.py\/es\/wp-json\/wp\/v2\/product_tag?post=8616"}],"curies":[{"name":"wp","href":"https:\/\/api.w.org\/{rel}","templated":true}]}}