{"id":8623,"date":"2025-03-10T11:52:24","date_gmt":"2025-03-10T14:52:24","guid":{"rendered":"https:\/\/finefoods.com.py\/?post_type=product&#038;p=8623"},"modified":"2025-10-03T09:13:05","modified_gmt":"2025-10-03T13:13:05","slug":"mestiza-sopa-paraguaya-500g","status":"publish","type":"product","link":"https:\/\/finefoods.com.py\/es\/product\/mestiza-sopa-paraguaya-500g\/","title":{"rendered":"Mestiza Sopa Paraguaya &#8211; 500g"},"content":{"rendered":"<p data-start=\"79\" data-end=\"400\" data-is-last-node=\"\" data-is-only-node=\"\">Disfrut\u00e1 de nuestra <strong data-start=\"99\" data-end=\"148\">sopa paraguaya congelada y lista para hornear<\/strong> en su versi\u00f3n de <strong data-start=\"166\" data-end=\"174\">500g<\/strong>, perfecta para compartir o disfrutar solo. Con la receta tradicional de queso, ma\u00edz y el toque casero que tanto te gusta.<\/p>\n<p data-start=\"79\" data-end=\"400\" data-is-last-node=\"\" data-is-only-node=\"\">\u00a1F\u00e1cil de preparar y siempre deliciosa! Ped\u00ed la tuya y llev\u00e1 el mejor sabor de Paraguay a tu mesa.<\/p>","protected":false},"excerpt":{"rendered":"<p data-start=\"0\" data-end=\"77\"><strong data-start=\"0\" data-end=\"68\">Sabor aut\u00e9ntico en el tama\u00f1o justo<\/strong><\/p>\n<p data-start=\"0\" data-end=\"77\">Disfrut\u00e1 de nuestra <strong data-start=\"99\" data-end=\"148\">sopa paraguaya congelada y lista para hornear<\/strong> en su versi\u00f3n de <strong data-start=\"166\" data-end=\"174\">500g<\/strong>, perfecta para compartir o disfrutar solo. Con la receta tradicional de queso, ma\u00edz y el toque casero que tanto te gusta.<\/p>\n<p data-start=\"79\" data-end=\"400\" data-is-last-node=\"\" data-is-only-node=\"\">","protected":false},"featured_media":8620,"template":"","meta":{"_acf_changed":false,"_monsterinsights_skip_tracking":false,"_monsterinsights_sitenote_active":false,"_monsterinsights_sitenote_note":"","_monsterinsights_sitenote_category":0,"_themeisle_gutenberg_block_has_review":false},"pwb-brand":[353],"product_brand":[],"product_cat":[73,62,50],"product_tag":[350,349,191,351,354,355],"class_list":{"0":"post-8623","1":"product","2":"type-product","3":"status-publish","4":"has-post-thumbnail","6":"pwb-brand-mestiza","7":"product_cat-frozen","8":"product_cat-offers","9":"product_cat-products","10":"product_tag-acompanamiento","11":"product_tag-asado","12":"product_tag-paraguay","13":"product_tag-picadas","14":"product_tag-sopa","15":"product_tag-sopa-paraguaya","17":"first","18":"instock","19":"shipping-taxable","20":"purchasable","21":"product-type-simple"},"acf":[],"aioseo_notices":[],"brands":[{"id":353,"name":"Mestiza","slug":"mestiza"}],"_links":{"self":[{"href":"https:\/\/finefoods.com.py\/es\/wp-json\/wp\/v2\/product\/8623","targetHints":{"allow":["GET"]}}],"collection":[{"href":"https:\/\/finefoods.com.py\/es\/wp-json\/wp\/v2\/product"}],"about":[{"href":"https:\/\/finefoods.com.py\/es\/wp-json\/wp\/v2\/types\/product"}],"wp:featuredmedia":[{"embeddable":true,"href":"https:\/\/finefoods.com.py\/es\/wp-json\/wp\/v2\/media\/8620"}],"wp:attachment":[{"href":"https:\/\/finefoods.com.py\/es\/wp-json\/wp\/v2\/media?parent=8623"}],"wp:term":[{"taxonomy":"pwb-brand","embeddable":true,"href":"https:\/\/finefoods.com.py\/es\/wp-json\/wp\/v2\/pwb-brand?post=8623"},{"taxonomy":"product_brand","embeddable":true,"href":"https:\/\/finefoods.com.py\/es\/wp-json\/wp\/v2\/product_brand?post=8623"},{"taxonomy":"product_cat","embeddable":true,"href":"https:\/\/finefoods.com.py\/es\/wp-json\/wp\/v2\/product_cat?post=8623"},{"taxonomy":"product_tag","embeddable":true,"href":"https:\/\/finefoods.com.py\/es\/wp-json\/wp\/v2\/product_tag?post=8623"}],"curies":[{"name":"wp","href":"https:\/\/api.w.org\/{rel}","templated":true}]}}