{"id":8638,"date":"2025-06-02T15:22:10","date_gmt":"2025-06-02T19:22:10","guid":{"rendered":"https:\/\/finefoods.com.py\/?post_type=product&#038;p=8638"},"modified":"2025-10-03T09:30:24","modified_gmt":"2025-10-03T13:30:24","slug":"paulsen-remolacha-en-vinagre-330g","status":"publish","type":"product","link":"https:\/\/finefoods.com.py\/es\/product\/paulsen-remolacha-en-vinagre-330g\/","title":{"rendered":"Paulsen Remolacha en Vinagre 330G"},"content":{"rendered":"<p><span class=\"relative -mx-px my-[-0.2rem] rounded px-px py-[0.2rem] transition-colors duration-100 ease-in-out\">Disfrut\u00e1 de la aut\u00e9ntica tradici\u00f3n alemana con la <strong data-start=\"50\" data-end=\"82\">Remolacha Paulsen en Vinagre<\/strong>.<\/span> <span class=\"relative -mx-px my-[-0.2rem] rounded px-px py-[0.2rem] transition-colors duration-100 ease-in-out\">Elaborada por la reconocida marca Paulsen, fundada en 1909 en Otterndorf, Alemania, esta remolacha encurtida ofrece una combinaci\u00f3n perfecta de sabor suave y calidad superior.<\/span> <span class=\"relative -mx-px my-[-0.2rem] rounded px-px py-[0.2rem] transition-colors duration-100 ease-in-out\">Conservada en un escabeche agridulce y pasteurizada en un envase herm\u00e9ticamente cerrado, garantiza frescura y seguridad alimentaria.<\/span><\/p>","protected":false},"excerpt":{"rendered":"<p><span class=\"OYPEnA font-feature-liga-off font-feature-clig-off font-feature-calt-off text-decoration-none text-strikethrough-none\">Ingredientes: Remolacha, vinagre destilado, az\u00facar, sal, jugo de baya de un concentrado de jugo, sabores naturales (con mostaza).<\/span><\/p>","protected":false},"featured_media":8645,"template":"","meta":{"_acf_changed":false,"_monsterinsights_skip_tracking":false,"_monsterinsights_sitenote_active":false,"_monsterinsights_sitenote_note":"","_monsterinsights_sitenote_category":0,"_themeisle_gutenberg_block_has_review":false},"pwb-brand":[148],"product_brand":[],"product_cat":[200,62,50],"product_tag":[359,191,328,338,356,357,358,202],"class_list":{"0":"post-8638","1":"product","2":"type-product","3":"status-publish","4":"has-post-thumbnail","6":"pwb-brand-pepinos-paulsen","7":"product_cat-almacen","8":"product_cat-offers","9":"product_cat-products","10":"product_tag-acompanamientos","11":"product_tag-paraguay","12":"product_tag-paulsen","13":"product_tag-pepinillos","14":"product_tag-pepinillos-en-vinagre","15":"product_tag-remolacha","16":"product_tag-remolacha-en-vinagre","17":"product_tag-vinagre","19":"first","20":"instock","21":"shipping-taxable","22":"purchasable","23":"product-type-simple"},"acf":[],"aioseo_notices":[],"brands":[{"id":148,"name":"Paulsen","slug":"pepinos-paulsen"}],"_links":{"self":[{"href":"https:\/\/finefoods.com.py\/es\/wp-json\/wp\/v2\/product\/8638","targetHints":{"allow":["GET"]}}],"collection":[{"href":"https:\/\/finefoods.com.py\/es\/wp-json\/wp\/v2\/product"}],"about":[{"href":"https:\/\/finefoods.com.py\/es\/wp-json\/wp\/v2\/types\/product"}],"wp:featuredmedia":[{"embeddable":true,"href":"https:\/\/finefoods.com.py\/es\/wp-json\/wp\/v2\/media\/8645"}],"wp:attachment":[{"href":"https:\/\/finefoods.com.py\/es\/wp-json\/wp\/v2\/media?parent=8638"}],"wp:term":[{"taxonomy":"pwb-brand","embeddable":true,"href":"https:\/\/finefoods.com.py\/es\/wp-json\/wp\/v2\/pwb-brand?post=8638"},{"taxonomy":"product_brand","embeddable":true,"href":"https:\/\/finefoods.com.py\/es\/wp-json\/wp\/v2\/product_brand?post=8638"},{"taxonomy":"product_cat","embeddable":true,"href":"https:\/\/finefoods.com.py\/es\/wp-json\/wp\/v2\/product_cat?post=8638"},{"taxonomy":"product_tag","embeddable":true,"href":"https:\/\/finefoods.com.py\/es\/wp-json\/wp\/v2\/product_tag?post=8638"}],"curies":[{"name":"wp","href":"https:\/\/api.w.org\/{rel}","templated":true}]}}