{"id":8651,"date":"2025-06-02T15:39:12","date_gmt":"2025-06-02T19:39:12","guid":{"rendered":"https:\/\/finefoods.com.py\/?post_type=product&#038;p=8651"},"modified":"2025-10-03T09:30:14","modified_gmt":"2025-10-03T13:30:14","slug":"paulsen-pepinos-sandwich-2450g","status":"publish","type":"product","link":"https:\/\/finefoods.com.py\/es\/product\/paulsen-pepinos-sandwich-2450g\/","title":{"rendered":"Paulsen Pepinos Sandwich 2450G"},"content":{"rendered":"<p><span class=\"relative -mx-px my-[-0.2rem] rounded px-px py-[0.2rem] transition-colors duration-100 ease-in-out\">Disfrut\u00e1 de los cl\u00e1sicos pepinillos agridulces alemanes con los <strong data-start=\"64\" data-end=\"94\">Pepinos Paulsen en Vinagre<\/strong>.<\/span> <span class=\"relative -mx-px my-[-0.2rem] rounded px-px py-[0.2rem] transition-colors duration-100 ease-in-out\">Crujientes y firmes al morder, estos pepinos est\u00e1n conservados en un escabeche arom\u00e1tico agridulce que combina vinagre, especias y az\u00facar, ofreciendo un sabor delicioso y equilibrado.<\/span> <span class=\"relative -mx-px my-[-0.2rem] rounded px-px py-[0.2rem] transition-colors duration-100 ease-in-out\">Ideales como aperitivo, en buffets fr\u00edos o como acompa\u00f1amiento de s\u00e1ndwiches, estos pepinillos son un cl\u00e1sico que no debe faltar en ninguna mesa.<\/span><\/p>","protected":false},"excerpt":{"rendered":"<p><strong data-start=\"631\" data-end=\"648\">Ingredientes:<\/strong><br \/>\n<span class=\"relative -mx-px my-[-0.2rem] rounded px-px py-[0.2rem] transition-colors duration-100 ease-in-out\">Pepinos, vinagre de alcohol, az\u00facar, sal, hierbas, especias, semillas de mostaza, aromas naturales, agente endurecedor: cloruro de calcio.<\/span><\/p>","protected":false},"featured_media":8646,"template":"","meta":{"_acf_changed":false,"_monsterinsights_skip_tracking":false,"_monsterinsights_sitenote_active":false,"_monsterinsights_sitenote_note":"","_monsterinsights_sitenote_category":0,"_themeisle_gutenberg_block_has_review":false},"pwb-brand":[148],"product_brand":[],"product_cat":[200,62,50],"product_tag":[350,191,338,356,351,360],"class_list":{"0":"post-8651","1":"product","2":"type-product","3":"status-publish","4":"has-post-thumbnail","6":"pwb-brand-pepinos-paulsen","7":"product_cat-almacen","8":"product_cat-offers","9":"product_cat-products","10":"product_tag-acompanamiento","11":"product_tag-paraguay","12":"product_tag-pepinillos","13":"product_tag-pepinillos-en-vinagre","14":"product_tag-picadas","15":"product_tag-sandwich","17":"first","18":"instock","19":"shipping-taxable","20":"purchasable","21":"product-type-simple"},"acf":[],"aioseo_notices":[],"brands":[{"id":148,"name":"Paulsen","slug":"pepinos-paulsen"}],"_links":{"self":[{"href":"https:\/\/finefoods.com.py\/es\/wp-json\/wp\/v2\/product\/8651","targetHints":{"allow":["GET"]}}],"collection":[{"href":"https:\/\/finefoods.com.py\/es\/wp-json\/wp\/v2\/product"}],"about":[{"href":"https:\/\/finefoods.com.py\/es\/wp-json\/wp\/v2\/types\/product"}],"wp:featuredmedia":[{"embeddable":true,"href":"https:\/\/finefoods.com.py\/es\/wp-json\/wp\/v2\/media\/8646"}],"wp:attachment":[{"href":"https:\/\/finefoods.com.py\/es\/wp-json\/wp\/v2\/media?parent=8651"}],"wp:term":[{"taxonomy":"pwb-brand","embeddable":true,"href":"https:\/\/finefoods.com.py\/es\/wp-json\/wp\/v2\/pwb-brand?post=8651"},{"taxonomy":"product_brand","embeddable":true,"href":"https:\/\/finefoods.com.py\/es\/wp-json\/wp\/v2\/product_brand?post=8651"},{"taxonomy":"product_cat","embeddable":true,"href":"https:\/\/finefoods.com.py\/es\/wp-json\/wp\/v2\/product_cat?post=8651"},{"taxonomy":"product_tag","embeddable":true,"href":"https:\/\/finefoods.com.py\/es\/wp-json\/wp\/v2\/product_tag?post=8651"}],"curies":[{"name":"wp","href":"https:\/\/api.w.org\/{rel}","templated":true}]}}